{"id":63,"date":"2021-05-13T22:23:21","date_gmt":"2021-05-13T22:23:21","guid":{"rendered":"http:\/\/blogs.sld.cu\/epoc\/?page_id=63"},"modified":"2021-05-13T22:24:52","modified_gmt":"2021-05-13T22:24:52","slug":"enfisema-pulmonar","status":"publish","type":"page","link":"https:\/\/blogs.sld.cu\/epoc\/enfisema-pulmonar\/","title":{"rendered":"Enfisema pulmonar"},"content":{"rendered":"<p><span style=\"font-size: 12pt;font-family: verdana, geneva\">El enfisema es una afecci\u00f3n pulmonar que causa dificultad para respirar. Las personas que padecen enfisema tienen da\u00f1ados los alv\u00e9olos pulmonares o sacos a\u00e9reos. Con el \u00a0tiempo, las paredes internas de los alv\u00e9olos se debilitan y se rompen, lo que crea espacios de aire m\u00e1s grandes en lugar de muchos espacios peque\u00f1os. Esto reduce la superficie de los pulmones y, a su vez, la cantidad de ox\u00edgeno que llega al torrente sangu\u00edneo.<\/span><\/p>\n<p><span style=\"font-size: 12pt;font-family: verdana, geneva\">Los alv\u00e9olos da\u00f1ados no funcionan normalmente y se dificulta la entrada de O<sub>2<\/sub> al torrente sangu\u00edneo.<br \/>\n<\/span><\/p>\n<p><span style=\"font-size: 12pt;font-family: verdana, geneva\">La mayor\u00eda de las personas que padecen enfisema tambi\u00e9n tienen bronquitis cr\u00f3nica. El tabaquismo es la causa principal de la enfermedad pulmonar obstructiva cr\u00f3nica. El tratamiento puede retrasar el avance de la enfermedad, pero no puede revertir el da\u00f1o.<\/span><\/p>\n<p><span style=\"font-size: 12pt;font-family: verdana, geneva\"><strong>S\u00edntomas<\/strong><\/span><\/p>\n<p><span style=\"font-size: 12pt;font-family: verdana, geneva\">El enfisema puede estar presente durante muchos a\u00f1os sin signos o s\u00edntomas. El principal s\u00edntoma de enfisema es la dificultad para respirar, que habitualmente comienza en forma gradual.<\/span><\/p>\n<p><span style=\"font-size: 12pt;font-family: verdana, geneva\">Podr\u00edas empezar por evitar las actividades que te dificultan la respiraci\u00f3n, para que el s\u00edntoma no se transforme en un problema que interfiera en tus tareas cotidianas. Con el tiempo, el enfisema produce dificultad para respirar incluso cuando est\u00e1s descansando.<\/span><\/p>\n<p><span style=\"font-size: 12pt;font-family: verdana, geneva\">Al igual que en la bronquitis, la causa principal del enfisema es la exposici\u00f3n prolongada a irritantes transmitidos por el aire, los que comprenden:<\/span><\/p>\n<ul>\n<li><span style=\"font-size: 12pt;font-family: verdana, geneva\">Humo de tabaco<\/span><\/li>\n<li><span style=\"font-size: 12pt;font-family: verdana, geneva\">Humo de marihuana<\/span><\/li>\n<li><span style=\"font-size: 12pt;font-family: verdana, geneva\">Contaminaci\u00f3n atmosf\u00e9rica<\/span><\/li>\n<li><span style=\"font-size: 12pt;font-family: verdana, geneva\">Vapores qu\u00edmicos y polvo<\/span><\/li>\n<\/ul>\n<p><span style=\"font-size: 12pt;font-family: verdana, geneva\">\u00a0<\/span><\/p>\n","protected":false},"excerpt":{"rendered":"<p>El enfisema es una afecci\u00f3n pulmonar que causa dificultad para respirar. Las personas que padecen enfisema tienen da\u00f1ados los alv\u00e9olos pulmonares o sacos a\u00e9reos. Con el \u00a0tiempo, las paredes internas de los alv\u00e9olos se debilitan y se rompen, lo que crea espacios de aire m\u00e1s grandes en lugar de muchos espacios peque\u00f1os. Esto reduce la [&hellip;]<\/p>\n","protected":false},"author":208,"featured_media":0,"parent":0,"menu_order":0,"comment_status":"open","ping_status":"open","template":"","meta":[],"_links":{"self":[{"href":"https:\/\/blogs.sld.cu\/epoc\/wp-json\/wp\/v2\/pages\/63"}],"collection":[{"href":"https:\/\/blogs.sld.cu\/epoc\/wp-json\/wp\/v2\/pages"}],"about":[{"href":"https:\/\/blogs.sld.cu\/epoc\/wp-json\/wp\/v2\/types\/page"}],"author":[{"embeddable":true,"href":"https:\/\/blogs.sld.cu\/epoc\/wp-json\/wp\/v2\/users\/208"}],"replies":[{"embeddable":true,"href":"https:\/\/blogs.sld.cu\/epoc\/wp-json\/wp\/v2\/comments?post=63"}],"version-history":[{"count":1,"href":"https:\/\/blogs.sld.cu\/epoc\/wp-json\/wp\/v2\/pages\/63\/revisions"}],"predecessor-version":[{"id":64,"href":"https:\/\/blogs.sld.cu\/epoc\/wp-json\/wp\/v2\/pages\/63\/revisions\/64"}],"wp:attachment":[{"href":"https:\/\/blogs.sld.cu\/epoc\/wp-json\/wp\/v2\/media?parent=63"}],"curies":[{"name":"wp","href":"https:\/\/api.w.org\/{rel}","templated":true}]}}