{"id":11,"date":"2020-12-08T22:50:15","date_gmt":"2020-12-08T22:50:15","guid":{"rendered":"http:\/\/blogs.sld.cu\/fiebrechikungunya\/?page_id=11"},"modified":"2021-01-03T20:47:03","modified_gmt":"2021-01-03T20:47:03","slug":"causassintomas","status":"publish","type":"page","link":"https:\/\/blogs.sld.cu\/fiebrechikungunya\/causassintomas\/","title":{"rendered":"S\u00edntomas"},"content":{"rendered":"<p><span style=\"font-size: 12pt\">El per\u00edodo de incubaci\u00f3n del virus es de 3 a 7 d\u00edas. Pueden ser asintom\u00e1ticos alrededor del 3 al 25 % de las personas infectadas y la enfermedad puede ser: aguda, sub-aguda o cr\u00f3nica. Los ni\u00f1os peque\u00f1os y los adultos mayores que padezcan otras enfermedades pueden desarrollar formas graves de la enfermedad.<\/span><\/p>\n<p><span style=\"font-size: 12pt\"><a href=\"http:\/\/blogs.sld.cu\/fiebrechikungunya\/files\/2020\/12\/mujer_afectada_por_chikungunya_1600x800.jpg\"><img loading=\"lazy\" class=\"alignnone  wp-image-111\" src=\"http:\/\/blogs.sld.cu\/fiebrechikungunya\/files\/2020\/12\/mujer_afectada_por_chikungunya_1600x800-300x217.jpg\" alt=\"mujer_afectada_por_chikungunya_1600x800\" width=\"395\" height=\"286\" srcset=\"https:\/\/blogs.sld.cu\/fiebrechikungunya\/files\/2020\/12\/mujer_afectada_por_chikungunya_1600x800-300x217.jpg 300w, https:\/\/blogs.sld.cu\/fiebrechikungunya\/files\/2020\/12\/mujer_afectada_por_chikungunya_1600x800-250x181.jpg 250w, https:\/\/blogs.sld.cu\/fiebrechikungunya\/files\/2020\/12\/mujer_afectada_por_chikungunya_1600x800.jpg 908w\" sizes=\"(max-width: 395px) 100vw, 395px\" \/><\/a><\/span><\/p>\n<p><span style=\"font-size: 12pt\">Mujer afectada de fiebre chikungunya, n\u00f3tese que no puede caminar bien. Foto del sitio OPS\/OMS<\/span><\/p>\n<p><span style=\"font-size: 12pt\">Los s\u00edntomas m\u00e1s comunes son\u00a0<strong>fiebre alta<\/strong>,\u00a0<strong>cefalea<\/strong>\u00a0(dolor de cabeza),\u00a0<strong>poliartralgia<\/strong>\u00a0intensa (dolor, rigidez e hinchaz\u00f3n\u00a0intensa en varias\u00a0<strong>articulaciones<\/strong>), con dolor de espalda y\u00a0<strong>mialgias<\/strong>\u00a0incapacitantes (dolores de los m\u00fasculos del cuerpo), adem\u00e1s de\u00a0<strong>tenosinovitis<\/strong>, que consiste en el engrosamiento de tendones con acumulaci\u00f3n de l\u00edquido peritendinoso en la vaina, causante de la tumefacci\u00f3n e impotencia funcional. En algunos pacientes,\u00a0con menor frecuencia, la infecci\u00f3n tambi\u00e9n puede presentarse con v\u00f3mitos y nauseas, conjuntivitis, rash cut\u00e1neo o edema.<\/span><br \/>\n<span style=\"font-size: 12pt\"> Pasados unos d\u00edas del inicio de la enfermedad\u00a0 puede aparecer una\u00a0<strong>erupci\u00f3n<\/strong>\u00a0en la piel (exantema maculo-papular) del tronco y extremidades. En cuanto a las pruebas de laboratorio, casi el 100 % de los pacientes presentan linfopenia (bajos porcientos de linfocitos) y en menor medida trombocitopenia (bajos niveles de plaquetas).\u00a0La fiebre desaparece a los dos o tres d\u00edas del inicio de la enfermedad.<\/span><\/p>\n<p><span style=\"font-size: 12pt\">En la mayor\u00eda de las personas pasadas de 1 a 3 semanas, empiezan a desaparecer los s\u00edntomas.<\/span><\/p>\n<p><span style=\"font-size: 12pt\">La mayor\u00eda de los pacientes se recuperan completamente, pero en algunos casos los dolores articulares pueden durar varios meses, o incluso a\u00f1os. Se han descrito casos ocasionales con complicaciones oculares, neurol\u00f3gicas y cardiacas, y tambi\u00e9n con molestias gastrointestinales.<\/span><\/p>\n<p><span style=\"font-size: 12pt\">Las complicaciones graves no son frecuentes, pero en personas mayores la enfermedad puede contribuir a la muerte. A menudo los pacientes solo tienen s\u00edntomas leves y la infecci\u00f3n puede pasar inadvertida o diagnosticarse err\u00f3neamente como dengue en zonas donde este es frecuente.<\/span><\/p>\n<p>&nbsp;<\/p>\n","protected":false},"excerpt":{"rendered":"<p>El per\u00edodo de incubaci\u00f3n del virus es de 3 a 7 d\u00edas. Pueden ser asintom\u00e1ticos alrededor del 3 al 25 % de las personas infectadas y la enfermedad puede ser: aguda, sub-aguda o cr\u00f3nica. Los ni\u00f1os peque\u00f1os y los adultos mayores que padezcan otras enfermedades pueden desarrollar formas graves de la enfermedad. Mujer afectada de [&hellip;]<\/p>\n","protected":false},"author":208,"featured_media":0,"parent":0,"menu_order":0,"comment_status":"closed","ping_status":"open","template":"","meta":[],"_links":{"self":[{"href":"https:\/\/blogs.sld.cu\/fiebrechikungunya\/wp-json\/wp\/v2\/pages\/11"}],"collection":[{"href":"https:\/\/blogs.sld.cu\/fiebrechikungunya\/wp-json\/wp\/v2\/pages"}],"about":[{"href":"https:\/\/blogs.sld.cu\/fiebrechikungunya\/wp-json\/wp\/v2\/types\/page"}],"author":[{"embeddable":true,"href":"https:\/\/blogs.sld.cu\/fiebrechikungunya\/wp-json\/wp\/v2\/users\/208"}],"replies":[{"embeddable":true,"href":"https:\/\/blogs.sld.cu\/fiebrechikungunya\/wp-json\/wp\/v2\/comments?post=11"}],"version-history":[{"count":14,"href":"https:\/\/blogs.sld.cu\/fiebrechikungunya\/wp-json\/wp\/v2\/pages\/11\/revisions"}],"predecessor-version":[{"id":123,"href":"https:\/\/blogs.sld.cu\/fiebrechikungunya\/wp-json\/wp\/v2\/pages\/11\/revisions\/123"}],"wp:attachment":[{"href":"https:\/\/blogs.sld.cu\/fiebrechikungunya\/wp-json\/wp\/v2\/media?parent=11"}],"curies":[{"name":"wp","href":"https:\/\/api.w.org\/{rel}","templated":true}]}}