{"id":13,"date":"2020-12-08T22:51:34","date_gmt":"2020-12-08T22:51:34","guid":{"rendered":"http:\/\/blogs.sld.cu\/fiebrechikungunya\/?page_id=13"},"modified":"2021-01-03T21:00:28","modified_gmt":"2021-01-03T21:00:28","slug":"diagnosticotratamiento","status":"publish","type":"page","link":"https:\/\/blogs.sld.cu\/fiebrechikungunya\/diagnosticotratamiento\/","title":{"rendered":"Diagn\u00f3stico\/Tratamiento"},"content":{"rendered":"<h3><span style=\"font-size: 18pt;font-family: verdana, geneva\">Diagn\u00f3stico<\/span><\/h3>\n<div id=\"wrapper\">\n<div id=\"wrapper_bg\">\n<div id=\"body\" class=\"wrapper\">\n<div id=\"body_bg\">\n<div class=\"wrapper_item\">\n<div id=\"main\" class=\"main\">\n<div id=\"main_bg\">\n<div class=\"pad\">\n<div class=\"entry post-173 page type-page status-publish hentry\">\n<div class=\"entry_bg\">\n<div class=\"entry_content\">\n<div class=\"pad\">\n<p><span style=\"font-size: 12pt\">Debe diferenciarse del dengue. En el hemograma suele haber bajo recuento de leucocitos (leucopenia) con bajos recuentos de linfocitos (linfocitopenia). Las plaquetas bajas (trombocitopenia) es\u00a0muy infrecuente y este detalle constituye un elemento de gran peso para hacer el diagn\u00f3stico cl\u00ednico diferencial con el dengue.<\/span><br \/>\n<span style=\"font-size: 12pt\"> El diagn\u00f3stico confirmatorio es a trav\u00e9s de pruebas virol\u00f3gicas y\/o serol\u00f3gicas.<\/span><br \/>\n<span style=\"font-size: 12pt\"> En los primeros 3 d\u00edas de la enfermedad puede lograrse el cultivo viral y la PCR en tiempo real, en la que se pueden detectar las prote\u00ednas espec\u00edficas virales, estructurales o no estructurales, y tienen excelente sensibilidad y especificidad.<\/span><br \/>\n<span style=\"font-size: 12pt\"> Existen m\u00faltiples kits serol\u00f3gicos de diferentes m\u00e9todos.<\/span><br \/>\n<span style=\"font-size: 12pt\"> Las pruebas serol\u00f3gicas, como la inmunoadsorci\u00f3n enzim\u00e1tica (ELISA), pueden confirmar la presencia de anticuerpos IgM e IgG contra el virus Chikungunya. Las mayores concentraciones de anticuerpos Inmunoglobulina M (IgM) se registran entre 3 y 5 semanas despu\u00e9s de la aparici\u00f3n de la enfermedad y persisten unos 2 meses.<\/span><\/p>\n<p><span style=\"font-size: 12pt\">Las muestras recogidas durante la primera semana tras la aparici\u00f3n de los s\u00edntomas deben analizarse con m\u00e9todos serol\u00f3gicos y virol\u00f3gicos (RT-PCR). El virus puede aislarse en la sangre en los primeros d\u00edas de la infecci\u00f3n.<\/span><\/p>\n<p><span style=\"font-size: 12pt\">Los productos de RT\u2013PCR de las muestras cl\u00ednicas tambi\u00e9n pueden utilizarse en la genotipificaci\u00f3n del virus.permitiendo comparar muestras de virus de diferentes procedencias geogr\u00e1ficas.<\/span><\/p>\n<h3><span style=\"font-family: verdana, geneva;font-size: 18pt\">Tratamiento<\/span><\/h3>\n<p><span style=\"font-size: 12pt\">Hasta el momento no existe ninguna vacuna para el virus chikungunya, por lo que el tratamiento es paliativo, es decir aliviar los s\u00edntomas, entre ellos los dolores articulares y la fiebre, con antipir\u00e9ticos, analg\u00e9sicos y l\u00edquidos. El reposo es fundamental. No es aconsejado el uso de aspirina.<\/span><\/p>\n<\/div>\n<\/div>\n<\/div>\n<\/div>\n<\/div>\n<\/div>\n<\/div>\n<\/div>\n<\/div>\n<\/div>\n<\/div>\n<\/div>\n","protected":false},"excerpt":{"rendered":"<p>Diagn\u00f3stico Debe diferenciarse del dengue. En el hemograma suele haber bajo recuento de leucocitos (leucopenia) con bajos recuentos de linfocitos (linfocitopenia). Las plaquetas bajas (trombocitopenia) es\u00a0muy infrecuente y este detalle constituye un elemento de gran peso para hacer el diagn\u00f3stico cl\u00ednico diferencial con el dengue. El diagn\u00f3stico confirmatorio es a trav\u00e9s de pruebas virol\u00f3gicas y\/o [&hellip;]<\/p>\n","protected":false},"author":208,"featured_media":0,"parent":0,"menu_order":0,"comment_status":"closed","ping_status":"closed","template":"","meta":[],"_links":{"self":[{"href":"https:\/\/blogs.sld.cu\/fiebrechikungunya\/wp-json\/wp\/v2\/pages\/13"}],"collection":[{"href":"https:\/\/blogs.sld.cu\/fiebrechikungunya\/wp-json\/wp\/v2\/pages"}],"about":[{"href":"https:\/\/blogs.sld.cu\/fiebrechikungunya\/wp-json\/wp\/v2\/types\/page"}],"author":[{"embeddable":true,"href":"https:\/\/blogs.sld.cu\/fiebrechikungunya\/wp-json\/wp\/v2\/users\/208"}],"replies":[{"embeddable":true,"href":"https:\/\/blogs.sld.cu\/fiebrechikungunya\/wp-json\/wp\/v2\/comments?post=13"}],"version-history":[{"count":22,"href":"https:\/\/blogs.sld.cu\/fiebrechikungunya\/wp-json\/wp\/v2\/pages\/13\/revisions"}],"predecessor-version":[{"id":136,"href":"https:\/\/blogs.sld.cu\/fiebrechikungunya\/wp-json\/wp\/v2\/pages\/13\/revisions\/136"}],"wp:attachment":[{"href":"https:\/\/blogs.sld.cu\/fiebrechikungunya\/wp-json\/wp\/v2\/media?parent=13"}],"curies":[{"name":"wp","href":"https:\/\/api.w.org\/{rel}","templated":true}]}}