{"id":15,"date":"2020-12-08T22:53:25","date_gmt":"2020-12-08T22:53:25","guid":{"rendered":"http:\/\/blogs.sld.cu\/fiebrechikungunya\/?page_id=15"},"modified":"2021-01-03T21:03:54","modified_gmt":"2021-01-03T21:03:54","slug":"medidas-preventivas","status":"publish","type":"page","link":"https:\/\/blogs.sld.cu\/fiebrechikungunya\/medidas-preventivas\/","title":{"rendered":"Medidas preventivas"},"content":{"rendered":"<p><span style=\"font-size: 12pt\">La cercan\u00eda de las viviendas a los lugares donde puede haber criaderos de mosquitos, es un factor de riesgo para las enfermedades trasmitidas por ellos: fiebre\u00a0chikungunya, dengue, zika y fiebre amarilla. La prevenci\u00f3n y el control se basan en gran medida en la reducci\u00f3n del n\u00famero de dep\u00f3sitos de agua naturales y artificiales que puedan servir de criadero de los mosquitos.<\/span><\/p>\n<p><span style=\"font-size: 12pt\">Para ello es necesario movilizar a las comunidades afectadas, realizando el autofocal en casas y patios, as\u00ed como lugares en ruinas con desechos. Durante los brotes se pueden aplicar insecticidas, sea por vaporizaci\u00f3n, para matar los moquitos en vuelo, o bien sobre las superficies de los dep\u00f3sitos o alrededor de estos, donde se posan los mosquitos; tambi\u00e9n se pueden utilizar insecticidas para tratar el agua de los dep\u00f3sitos a fin de matar las larvas inmaduras.<\/span><\/p>\n<p><span style=\"font-size: 12pt\">Como protecci\u00f3n durante los brotes se recomienda llevar ropa que reduzca al m\u00ednimo la exposici\u00f3n de la piel a los vectores. Tambi\u00e9n se puede aplicar repelentes a la piel o a la ropa, respetando estrictamente las instrucciones de uso del producto.<\/span><\/p>\n<p><span style=\"font-size: 12pt\">Para quienes duerman durante el d\u00eda, sobre todo los ni\u00f1os peque\u00f1os, los enfermos y los ancianos, los mosquiteros tratados con insecticidas proporcionan una buena protecci\u00f3n. Las espirales insect\u00edfugas y los vaporizadores de insecticidas tambi\u00e9n pueden reducir las picaduras en ambientes interiores.<\/span><\/p>\n<p><span style=\"font-size: 12pt\">Las personas que viajen a zonas de riesgo deben adoptar precauciones b\u00e1sicas, como el uso de repelentes, pantalones largos y camisas de manga larga, o la instalaci\u00f3n de mosquiteros en las ventanas.<\/span><\/p>\n<p><span style=\"font-size: 12pt\">Como a\u00fan no existe ninguna vacuna o medicamento preventivo, es necesario controlar a los mosquitos que son el agente transmisor de la enfermedad. Realizar los autofocales en las casas y patios aleda\u00f1os, contribuye a mantener bajo control a los mosquitos.<\/span><\/p>\n","protected":false},"excerpt":{"rendered":"<p>La cercan\u00eda de las viviendas a los lugares donde puede haber criaderos de mosquitos, es un factor de riesgo para las enfermedades trasmitidas por ellos: fiebre\u00a0chikungunya, dengue, zika y fiebre amarilla. La prevenci\u00f3n y el control se basan en gran medida en la reducci\u00f3n del n\u00famero de dep\u00f3sitos de agua naturales y artificiales que puedan [&hellip;]<\/p>\n","protected":false},"author":208,"featured_media":0,"parent":0,"menu_order":0,"comment_status":"closed","ping_status":"closed","template":"","meta":[],"_links":{"self":[{"href":"https:\/\/blogs.sld.cu\/fiebrechikungunya\/wp-json\/wp\/v2\/pages\/15"}],"collection":[{"href":"https:\/\/blogs.sld.cu\/fiebrechikungunya\/wp-json\/wp\/v2\/pages"}],"about":[{"href":"https:\/\/blogs.sld.cu\/fiebrechikungunya\/wp-json\/wp\/v2\/types\/page"}],"author":[{"embeddable":true,"href":"https:\/\/blogs.sld.cu\/fiebrechikungunya\/wp-json\/wp\/v2\/users\/208"}],"replies":[{"embeddable":true,"href":"https:\/\/blogs.sld.cu\/fiebrechikungunya\/wp-json\/wp\/v2\/comments?post=15"}],"version-history":[{"count":7,"href":"https:\/\/blogs.sld.cu\/fiebrechikungunya\/wp-json\/wp\/v2\/pages\/15\/revisions"}],"predecessor-version":[{"id":137,"href":"https:\/\/blogs.sld.cu\/fiebrechikungunya\/wp-json\/wp\/v2\/pages\/15\/revisions\/137"}],"wp:attachment":[{"href":"https:\/\/blogs.sld.cu\/fiebrechikungunya\/wp-json\/wp\/v2\/media?parent=15"}],"curies":[{"name":"wp","href":"https:\/\/api.w.org\/{rel}","templated":true}]}}