{"id":19,"date":"2020-12-08T22:55:04","date_gmt":"2020-12-08T22:55:04","guid":{"rendered":"http:\/\/blogs.sld.cu\/fiebrechikungunya\/?page_id=19"},"modified":"2020-12-14T04:52:41","modified_gmt":"2020-12-14T04:52:41","slug":"glosario","status":"publish","type":"page","link":"https:\/\/blogs.sld.cu\/fiebrechikungunya\/glosario\/","title":{"rendered":"Glosario"},"content":{"rendered":"<p><span style=\"font-size: 12pt\"><strong><a href=\"http:\/\/dicciomed.eusal.es\/\">DiccioMed- Diccionario m\u00e9dico etimol\u00f3gico<\/a><\/strong><\/span><\/p>\n<p><span style=\"font-size: 12pt\"><strong><a href=\"http:\/\/www.iqb.es\/diccio\/diccio1.htm\">Diccionario ilustrado de t\u00e9rminos m\u00e9dicos<\/a><\/strong><\/span><\/p>\n<p><span style=\"font-size: 12pt\"><strong>T\u00e9rminos de la fiebre chikungunya<\/strong><\/span><\/p>\n<p><span style=\"font-size: 12pt\"><strong>Arbovirus: S<\/strong>on un\u00a0<strong>grupo muy diverso de virus transmitidos por artr\u00f3podos a humanos u otros animales<\/strong>. Su nombre deriva de esta particularidad y es una contracci\u00f3n de las primeras dos s\u00edlabas del ingl\u00e9s \u201cArthropod-Borne Viruses\u201c. El grupo est\u00e1 integrado por nueve familias de virus que abarcan m\u00e1s de 534 tipos de virus.<\/span><\/p>\n<p><span style=\"font-size: 12pt\"><strong>Artropodos<\/strong>: Pertenecientes al reino Animal,\u00a0 invertebrados con simetr\u00eda bilateral, el cuerpo segmentado y recubierto por un tegumento duro (exoesqueleto) y las patas articuladas.<span class=\"b_demoteText b_sectxt\">Los insectos, las ara\u00f1as y los crust\u00e1ceos son las clases m\u00e1s numerosas dentro de los artr\u00f3podos.<\/span><\/span><\/p>\n<p><span style=\"font-size: 12pt\"><strong>Dermis: <\/strong>Capa m\u00e1s interna de la piel<strong>. <\/strong>La piel est\u00e1 constituida por dos capas, una externa <strong>epitelial<\/strong> denominada <strong>Epidermis y <\/strong>otra m\u00e1s interna\u00a0 de tejido conjuntivo denominada<strong> dermis. La dermis<\/strong> presenta diversidad de<strong> c\u00e9lulas y vasos sanguineos. <\/strong><\/span><\/p>\n<p><span style=\"font-size: 12pt\"><strong>Poliartralgia<\/strong>: Dolor, rigidez e hinchaz\u00f3n\u00a0 en varias <strong>articulaciones<\/strong><\/span><\/p>\n","protected":false},"excerpt":{"rendered":"<p>DiccioMed- Diccionario m\u00e9dico etimol\u00f3gico Diccionario ilustrado de t\u00e9rminos m\u00e9dicos T\u00e9rminos de la fiebre chikungunya Arbovirus: Son un\u00a0grupo muy diverso de virus transmitidos por artr\u00f3podos a humanos u otros animales. Su nombre deriva de esta particularidad y es una contracci\u00f3n de las primeras dos s\u00edlabas del ingl\u00e9s \u201cArthropod-Borne Viruses\u201c. El grupo est\u00e1 integrado por nueve familias [&hellip;]<\/p>\n","protected":false},"author":208,"featured_media":0,"parent":0,"menu_order":0,"comment_status":"closed","ping_status":"closed","template":"","meta":[],"_links":{"self":[{"href":"https:\/\/blogs.sld.cu\/fiebrechikungunya\/wp-json\/wp\/v2\/pages\/19"}],"collection":[{"href":"https:\/\/blogs.sld.cu\/fiebrechikungunya\/wp-json\/wp\/v2\/pages"}],"about":[{"href":"https:\/\/blogs.sld.cu\/fiebrechikungunya\/wp-json\/wp\/v2\/types\/page"}],"author":[{"embeddable":true,"href":"https:\/\/blogs.sld.cu\/fiebrechikungunya\/wp-json\/wp\/v2\/users\/208"}],"replies":[{"embeddable":true,"href":"https:\/\/blogs.sld.cu\/fiebrechikungunya\/wp-json\/wp\/v2\/comments?post=19"}],"version-history":[{"count":7,"href":"https:\/\/blogs.sld.cu\/fiebrechikungunya\/wp-json\/wp\/v2\/pages\/19\/revisions"}],"predecessor-version":[{"id":101,"href":"https:\/\/blogs.sld.cu\/fiebrechikungunya\/wp-json\/wp\/v2\/pages\/19\/revisions\/101"}],"wp:attachment":[{"href":"https:\/\/blogs.sld.cu\/fiebrechikungunya\/wp-json\/wp\/v2\/media?parent=19"}],"curies":[{"name":"wp","href":"https:\/\/api.w.org\/{rel}","templated":true}]}}