{"id":7,"date":"2020-12-08T22:48:18","date_gmt":"2020-12-08T22:48:18","guid":{"rendered":"http:\/\/blogs.sld.cu\/fiebrechikungunya\/?page_id=7"},"modified":"2021-01-03T20:33:23","modified_gmt":"2021-01-03T20:33:23","slug":"acerca-de","status":"publish","type":"page","link":"https:\/\/blogs.sld.cu\/fiebrechikungunya\/acerca-de\/","title":{"rendered":"Acerca de"},"content":{"rendered":"<p><span style=\"font-size: 12pt\">La palabra\u00a0<strong>chikungunya<\/strong>\u00a0proviene de la lengua africana kimakonde, hablada por el pueblo\u00a0maconde\u00a0que vive en \u00c1frica, en una planicie entre Mozambique y Tanzania. Su significado es \u201c<strong>caminar torcido o doblado por el dolor<\/strong>\u201d. Esta enfermedad es trasmitida a los humanos por la picadura de dos mosquitos:\u00a0<strong><em>Aedes aegypti y Aedes albopictus<\/em><\/strong>, infectados por un alfa-virus (ARN), que se aisl\u00f3 por primera vez en 1954, de un brote epid\u00e9mico en el pueblo maconde, que ya la llamaba\u00a0chikungunya.<\/span><\/p>\n<p><span style=\"font-size: 12pt\">Estos mosquitos al estar en gran variedad de regiones, hacen que la transmisi\u00f3n del virus sea m\u00e1s f\u00e1cil. El aumento de la distribuci\u00f3n del virus se debe, por una parte, al cambio clim\u00e1tico, el cual hace que los mosquitos, que est\u00e1n mejor adaptados a los climas c\u00e1lidos, proliferen y aumenten su distribuci\u00f3n, y por otro lado, el mayor n\u00famero de inmigrantes de pa\u00edses end\u00e9micos para la enfermedad, hacia otros pa\u00edses donde no exist\u00eda el virus y el inter\u00e9s tur\u00edstico por los pa\u00edses tropicales, ha contribuido a extender el virus a diversas partes del mundo.<\/span><\/p>\n<p><span style=\"font-size: 12pt\">Hoy en d\u00eda esta enfermedad est\u00e1 presente en casi todos los pa\u00edses tropicales y Cuba no es una excepci\u00f3n. Se ha expandido en los \u00faltimos a\u00f1os a casi todos los pa\u00edses del mundo donde no exist\u00eda anteriormente y se ha convertido en una enfermedad emergente, lo que habla de una enfermedad hasta ahora desconocida\u00a0y que puede ser un problema de salud, local, regional o mundial.\u00a0 Ha habido brotes epid\u00e9micos en la India, y en diferentes pa\u00edses europeos, como Italia, en Islas del Mediterr\u00e1neo\u00a0y Francia, entre otros.<\/span><\/p>\n","protected":false},"excerpt":{"rendered":"<p>La palabra\u00a0chikungunya\u00a0proviene de la lengua africana kimakonde, hablada por el pueblo\u00a0maconde\u00a0que vive en \u00c1frica, en una planicie entre Mozambique y Tanzania. Su significado es \u201ccaminar torcido o doblado por el dolor\u201d. Esta enfermedad es trasmitida a los humanos por la picadura de dos mosquitos:\u00a0Aedes aegypti y Aedes albopictus, infectados por un alfa-virus (ARN), que se [&hellip;]<\/p>\n","protected":false},"author":208,"featured_media":0,"parent":0,"menu_order":0,"comment_status":"closed","ping_status":"closed","template":"","meta":[],"_links":{"self":[{"href":"https:\/\/blogs.sld.cu\/fiebrechikungunya\/wp-json\/wp\/v2\/pages\/7"}],"collection":[{"href":"https:\/\/blogs.sld.cu\/fiebrechikungunya\/wp-json\/wp\/v2\/pages"}],"about":[{"href":"https:\/\/blogs.sld.cu\/fiebrechikungunya\/wp-json\/wp\/v2\/types\/page"}],"author":[{"embeddable":true,"href":"https:\/\/blogs.sld.cu\/fiebrechikungunya\/wp-json\/wp\/v2\/users\/208"}],"replies":[{"embeddable":true,"href":"https:\/\/blogs.sld.cu\/fiebrechikungunya\/wp-json\/wp\/v2\/comments?post=7"}],"version-history":[{"count":10,"href":"https:\/\/blogs.sld.cu\/fiebrechikungunya\/wp-json\/wp\/v2\/pages\/7\/revisions"}],"predecessor-version":[{"id":119,"href":"https:\/\/blogs.sld.cu\/fiebrechikungunya\/wp-json\/wp\/v2\/pages\/7\/revisions\/119"}],"wp:attachment":[{"href":"https:\/\/blogs.sld.cu\/fiebrechikungunya\/wp-json\/wp\/v2\/media?parent=7"}],"curies":[{"name":"wp","href":"https:\/\/api.w.org\/{rel}","templated":true}]}}