{"id":9,"date":"2020-12-08T22:49:26","date_gmt":"2020-12-08T22:49:26","guid":{"rendered":"http:\/\/blogs.sld.cu\/fiebrechikungunya\/?page_id=9"},"modified":"2021-01-03T20:44:05","modified_gmt":"2021-01-03T20:44:05","slug":"fiebre-chikungunya","status":"publish","type":"page","link":"https:\/\/blogs.sld.cu\/fiebrechikungunya\/fiebre-chikungunya\/","title":{"rendered":"Fiebre chikungunya"},"content":{"rendered":"<p><span style=\"font-size: 12pt\">Esta enfermedad es producida por el\u00a0<strong>virus chikungunya<\/strong>\u00a0que se transmite al hombre por la picadura de las hembras de los mosquitos\u00a0<strong><em>Aedes aegypti y\u00a0<\/em><\/strong><em><strong>Aedes albopictus,\u00a0<\/strong><\/em>ambos presentes en Cuba.<\/span><\/p>\n<p><span style=\"font-size: 12pt\">Se trata de un arbovirus (alfa- virus trasmitidos por artr\u00f3podos) microsc\u00f3pico, de forma esf\u00e9rica que tiene una envoltura lip\u00eddica y en el centro una mol\u00e9cula de\u00a0<strong>ARN <\/strong>(<strong>genoma ARN).\u00a0<\/strong>Se han determinado tres\u00a0<strong>variantes<\/strong>\u00a0del virus (<strong>genotipos<\/strong>): variante\u00a0<strong>asi\u00e1tica<\/strong>, variante\u00a0<strong>africana oeste<\/strong>\u00a0y variante\u00a0<strong>este- central-su.<\/strong><\/span><\/p>\n<p><a href=\"http:\/\/blogs.sld.cu\/fiebrechikungunya\/files\/2020\/12\/estructura-viral.png\"><img loading=\"lazy\" class=\"alignnone  wp-image-81\" src=\"http:\/\/blogs.sld.cu\/fiebrechikungunya\/files\/2020\/12\/estructura-viral.png\" alt=\"estructura viral\" width=\"588\" height=\"312\" srcset=\"https:\/\/blogs.sld.cu\/fiebrechikungunya\/files\/2020\/12\/estructura-viral.png 676w, https:\/\/blogs.sld.cu\/fiebrechikungunya\/files\/2020\/12\/estructura-viral-300x159.png 300w, https:\/\/blogs.sld.cu\/fiebrechikungunya\/files\/2020\/12\/estructura-viral-250x133.png 250w\" sizes=\"(max-width: 588px) 100vw, 588px\" \/><\/a><\/p>\n<p><span style=\"font-size: 12pt\">Esquema de la estructura interna (se observa centralmente la mol\u00e9cula de ARN) y externa del virus del chikungunya<\/span><\/p>\n<p><span style=\"font-size: 12pt\">Cuando este\u00a0<strong>virus<\/strong>\u00a0penetra en el organismo humano a trav\u00e9s de la piel, invade las<strong>\u00a0c\u00e9lulas que est\u00e1n en la dermis<\/strong>, y de ah\u00ed a los\u00a0<strong>ganglios linf\u00e1ticos y bazo<\/strong>, desde donde llega a la\u00a0<strong>sangre<\/strong>\u00a0y se disemina\u00a0al\u00a0<strong>\u00a0h\u00edgado, m\u00fasculos, articulaciones<\/strong>\u00a0y\u00a0<strong>cerebro<\/strong>.<\/span><\/p>\n<p>&nbsp;<\/p>\n","protected":false},"excerpt":{"rendered":"<p>Esta enfermedad es producida por el\u00a0virus chikungunya\u00a0que se transmite al hombre por la picadura de las hembras de los mosquitos\u00a0Aedes aegypti y\u00a0Aedes albopictus,\u00a0ambos presentes en Cuba. Se trata de un arbovirus (alfa- virus trasmitidos por artr\u00f3podos) microsc\u00f3pico, de forma esf\u00e9rica que tiene una envoltura lip\u00eddica y en el centro una mol\u00e9cula de\u00a0ARN (genoma ARN).\u00a0Se han [&hellip;]<\/p>\n","protected":false},"author":208,"featured_media":0,"parent":0,"menu_order":0,"comment_status":"closed","ping_status":"closed","template":"","meta":[],"_links":{"self":[{"href":"https:\/\/blogs.sld.cu\/fiebrechikungunya\/wp-json\/wp\/v2\/pages\/9"}],"collection":[{"href":"https:\/\/blogs.sld.cu\/fiebrechikungunya\/wp-json\/wp\/v2\/pages"}],"about":[{"href":"https:\/\/blogs.sld.cu\/fiebrechikungunya\/wp-json\/wp\/v2\/types\/page"}],"author":[{"embeddable":true,"href":"https:\/\/blogs.sld.cu\/fiebrechikungunya\/wp-json\/wp\/v2\/users\/208"}],"replies":[{"embeddable":true,"href":"https:\/\/blogs.sld.cu\/fiebrechikungunya\/wp-json\/wp\/v2\/comments?post=9"}],"version-history":[{"count":11,"href":"https:\/\/blogs.sld.cu\/fiebrechikungunya\/wp-json\/wp\/v2\/pages\/9\/revisions"}],"predecessor-version":[{"id":122,"href":"https:\/\/blogs.sld.cu\/fiebrechikungunya\/wp-json\/wp\/v2\/pages\/9\/revisions\/122"}],"wp:attachment":[{"href":"https:\/\/blogs.sld.cu\/fiebrechikungunya\/wp-json\/wp\/v2\/media?parent=9"}],"curies":[{"name":"wp","href":"https:\/\/api.w.org\/{rel}","templated":true}]}}