{"id":10,"date":"2020-04-20T17:22:08","date_gmt":"2020-04-20T17:22:08","guid":{"rendered":"http:\/\/blogs.sld.cu\/fracturadecadera\/?page_id=10"},"modified":"2020-12-15T22:24:06","modified_gmt":"2020-12-15T22:24:06","slug":"acerca-de","status":"publish","type":"page","link":"https:\/\/blogs.sld.cu\/fracturadecadera\/acerca-de\/","title":{"rendered":"Acerca de"},"content":{"rendered":"<p><span style=\"font-size: 12pt\"><a href=\"http:\/\/blogs.sld.cu\/fracturadecadera\/files\/2020\/04\/fracturarehabilita.png\">\u00a0\u00a0 <img loading=\"lazy\" class=\"alignnone  wp-image-151\" src=\"http:\/\/blogs.sld.cu\/fracturadecadera\/files\/2020\/04\/fracturarehabilita-300x176.png\" alt=\"fracturarehabilita\" width=\"382\" height=\"224\" srcset=\"https:\/\/blogs.sld.cu\/fracturadecadera\/files\/2020\/04\/fracturarehabilita-300x176.png 300w, https:\/\/blogs.sld.cu\/fracturadecadera\/files\/2020\/04\/fracturarehabilita-250x147.png 250w, https:\/\/blogs.sld.cu\/fracturadecadera\/files\/2020\/04\/fracturarehabilita.png 559w\" sizes=\"(max-width: 382px) 100vw, 382px\" \/><\/a><\/span><\/p>\n<p>Dr. Ferm\u00edn O. L\u00f3pez Hern\u00e1ndez\u00a0 Dra. Dulce M. Abrahantes<\/p>\n<p><span style=\"font-size: 12pt\">El n\u00famero de personas mayores de 60 a\u00f1os a nivel mundial ha ido en aumento progresivo, de 400 millones en 1950 a 600 millones en el a\u00f1o 2000 y se estima que para 2025 sean 1 200 millones.<\/span><\/p>\n<p><span style=\"font-size: 12pt\">En la actualidad el constante progreso de la medicina, el desarrollo tecnol\u00f3gico y los logros econ\u00f3micos y sociales han repercutido en un notable aumento de la poblaci\u00f3n anciana. Nuestra poblaci\u00f3n contaba con 2 118 219 habitantes mayores de 60 a\u00f1os en el 2014, lo que representaba el 19% de la poblaci\u00f3n total. Para 2025 se calcula que seamos el pa\u00eds m\u00e1s envejecido de Am\u00e9rica Latina con el 20.1% de la poblaci\u00f3n mayor de 60 a\u00f1os.<\/span><\/p>\n<p><span style=\"font-size: 12pt\">A medida que avanza la edad, la incidencia de ca\u00eddas aumenta de manera exponencial. En estudios de prevalencia aparecidos en la literatura anglosajona (<em>Age and Aging<\/em>) aportados por <em>Prudham<\/em>, <em>Campbell<\/em> y <em>Gabell<\/em>, se postula una tasa promedio anual de ca\u00eddas que va de 15 a 28 % en adultos mayores sanos entre 60 y 75 a\u00f1os. Esta cifra aumenta a 35 % sobre los 75 a\u00f1os. Esas estimaciones, adem\u00e1s, demuestran una mayor prevalencia en el sexo femenino (2:1), aunque despu\u00e9s de los 75 a\u00f1os esta frecuencia se iguala en los 2 sexos.<\/span><\/p>\n<p><span style=\"font-size: 12pt\">Sus editores son el Dr. Ferm\u00edn Osvaldo L\u00f3pez Hern\u00e1ndez, especialista de 2do. grado en Ortopedia y Traumatolog\u00eda, profesor auxiliar\u00a0e investigador agregado\u00a0y la Dra. Dulce Mar\u00eda Abrahantes Garc\u00eda, especialista de 1er. grado en Medicina F\u00edsica y Rehabilitaci\u00f3n.<\/span><\/p>\n<p><span style=\"font-size: 12pt\">\u00a0<\/span><\/p>\n<p><span style=\"font-size: 12pt\"><a href=\"http:\/\/blogs.sld.cu\/fracturadecadera\/123-2\/\">continuar<\/a><\/span><\/p>\n","protected":false},"excerpt":{"rendered":"<p>\u00a0\u00a0 Dr. Ferm\u00edn O. L\u00f3pez Hern\u00e1ndez\u00a0 Dra. Dulce M. Abrahantes El n\u00famero de personas mayores de 60 a\u00f1os a nivel mundial ha ido en aumento progresivo, de 400 millones en 1950 a 600 millones en el a\u00f1o 2000 y se estima que para 2025 sean 1 200 millones. En la actualidad el constante progreso de [&hellip;]<\/p>\n","protected":false},"author":208,"featured_media":0,"parent":0,"menu_order":0,"comment_status":"closed","ping_status":"closed","template":"","meta":[],"_links":{"self":[{"href":"https:\/\/blogs.sld.cu\/fracturadecadera\/wp-json\/wp\/v2\/pages\/10"}],"collection":[{"href":"https:\/\/blogs.sld.cu\/fracturadecadera\/wp-json\/wp\/v2\/pages"}],"about":[{"href":"https:\/\/blogs.sld.cu\/fracturadecadera\/wp-json\/wp\/v2\/types\/page"}],"author":[{"embeddable":true,"href":"https:\/\/blogs.sld.cu\/fracturadecadera\/wp-json\/wp\/v2\/users\/208"}],"replies":[{"embeddable":true,"href":"https:\/\/blogs.sld.cu\/fracturadecadera\/wp-json\/wp\/v2\/comments?post=10"}],"version-history":[{"count":15,"href":"https:\/\/blogs.sld.cu\/fracturadecadera\/wp-json\/wp\/v2\/pages\/10\/revisions"}],"predecessor-version":[{"id":285,"href":"https:\/\/blogs.sld.cu\/fracturadecadera\/wp-json\/wp\/v2\/pages\/10\/revisions\/285"}],"wp:attachment":[{"href":"https:\/\/blogs.sld.cu\/fracturadecadera\/wp-json\/wp\/v2\/media?parent=10"}],"curies":[{"name":"wp","href":"https:\/\/api.w.org\/{rel}","templated":true}]}}