{"id":110,"date":"2020-04-30T22:50:42","date_gmt":"2020-04-30T22:50:42","guid":{"rendered":"http:\/\/blogs.sld.cu\/fracturadecadera\/?page_id=110"},"modified":"2020-12-15T22:30:58","modified_gmt":"2020-12-15T22:30:58","slug":"extrinsecos","status":"publish","type":"page","link":"https:\/\/blogs.sld.cu\/fracturadecadera\/extrinsecos\/","title":{"rendered":"Extr\u00ednsecos"},"content":{"rendered":"<p><span style=\"font-size: 12pt\">Los factores ambientales pueden aumentar el riesgo de ca\u00eddas en forma independiente o, lo que resulta m\u00e1s importante, a trav\u00e9s de la interacci\u00f3n con los factores intr\u00ednsecos. El riesgo es m\u00e1ximo cuando las condiciones del medio requieren un mayor control postural y del movimiento (p. ej., al caminar sobre una superficie resbaladiza) y cuando el entorno no resulta familiar (por ej. tras una mudanza a un nuevo domicilio).<\/span><\/p>\n<p><span style=\"font-size: 12pt\"><strong>Relacionados con el entorno domiciliario:<\/strong><\/span><\/p>\n<p><span style=\"font-size: 12pt\">Alfombras arrugadas, suelos resbaladizos, objetos en el suelo como cuerdas, juguetes o mascotas, escaleras en mal estado o sin barandas o pasamano, mobiliario inestable, sillas bajas sin brazos ni respaldo, camas demasiado altas o bajas, muebles bajos como mesitas, iluminaci\u00f3n deficiente o ausente en algunas \u00e1reas de la vivienda, taza sanitaria muy baja y sin aditamentos para auxiliarse, ba\u00f1era resbaladiza y sin aditamentos para sostenerse, entre otros.<\/span><\/p>\n<p><span style=\"font-size: 12pt\"><strong>Peligros ambientales externos:<\/strong><\/span><\/p>\n<p><span style=\"font-size: 12pt\">Aceras resbaladizas, con superficies irregulares o elevadas, hojas mojadas, superficies cambiantes por ejemplo, agujeros cubiertos de hierba o piedras, aceite derramado, obst\u00e1culos o artefactos en \u00e1reas de tr\u00e1nsito peatonal, desniveles en el terreno, sem\u00e1foro que no dejan tiempo suficiente para cruzar las calles, etc.<\/span><\/p>\n<p><span style=\"font-size: 12pt\"><strong>Situacionales:<\/strong><\/span><\/p>\n<p><span style=\"font-size: 12pt\">Algunas actividades o decisiones pueden aumentar el riesgo de ca\u00eddas y de lesiones relacionadas. A modo de ejemplo, se menciona caminar y hablar simult\u00e1neamente o distraerse con m\u00faltiples tareas concurrentes y no poder prestar atenci\u00f3n a los riesgos del ambiente (p. ej., el final del camino o de un escal\u00f3n), correr al ba\u00f1o (en especial durante la noche, cuando el individuo no est\u00e1 bien despierto o cuando la iluminaci\u00f3n puede no ser adecuada) y apurarse para atender el tel\u00e9fono, medios auxiliares de marcha en mal estado, calzado deficiente o deteriorado, ausencia o deficiencia del paso peatonal en las v\u00edas p\u00fablicas, etc.<\/span><\/p>\n<ol start=\"3\">\n<li><span style=\"font-size: 12pt\"><strong>\u00bfPuede producirse la fractura de cadera sin ca\u00edda previa?<\/strong><\/span><\/li>\n<\/ol>\n<p><span style=\"font-size: 12pt\">Si, en el 5 % de los casos sucede sin ca\u00edda, la mayor parte de las veces secundaria a lesiones tumorales y osteoporosis marcada.<\/span><\/p>\n<ol start=\"4\">\n<li><span style=\"font-size: 12pt\"><strong>\u00bfQu\u00e9 es la Osteoporosis?<\/strong><\/span><\/li>\n<\/ol>\n<p><span style=\"font-size: 12pt\">Es un trastorno sist\u00e9mico del esqueleto \u201cprevenible y tratable\u201d caracterizado por masa \u00f3sea baja y deterioro de la microarquitectura \u00f3sea con el consecuente incremento de la fragilidad \u00f3sea y una mayor susceptibilidad a las fracturas. Lo m\u00e1s importante es la ausencia de s\u00edntomas previos, hasta que se producen las fracturas, por eso tambi\u00e9n se le conoce como: Epidemia silenciosa del Siglo XXI.<\/span><\/p>\n<ol start=\"5\">\n<li><span style=\"font-size: 12pt\"><strong>\u00bfQu\u00e9 hacer en caso de una ca\u00edda y no poderse levantar?<\/strong><\/span><\/li>\n<\/ol>\n<p><span style=\"font-size: 12pt\">Virarse a la posici\u00f3n boca abajo y arrastrarse hacia un mueble u otra estructura que soporte su peso para incorporarse, si puede. Prepararse para pedir ayuda cuando lo necesite disponiendo de un tel\u00e9fono que sea accesible desde el suelo o instalar un sistema de tele alarma.<\/span><\/p>\n<ol start=\"6\">\n<li><span style=\"font-size: 12pt\"><strong>\u00bfCu\u00e1les son las complicaciones del tratamiento quir\u00fargico?<\/strong><\/span><\/li>\n<\/ol>\n<p><span style=\"font-size: 12pt\">Las complicaciones pueden ser generales y locales, estas \u00faltimas relacionadas con las partes blandas, \u00f3seas y material de instrumentaci\u00f3n.<\/span><\/p>\n<ol start=\"7\">\n<li><span style=\"font-size: 12pt\"><strong>\u00bfQu\u00e9 problemas generales tiene un anciano con una fractura de cadera?<\/strong><\/span><\/li>\n<\/ol>\n<p><span style=\"font-size: 12pt\">El principal problema a que se enfrenta el anciano cuando sufre una fractura de cadera es perder su independencia, necesitando ayuda para realizar las actividades elementales de la vida diaria como aseo personal, vestirse y calzarse, necesitar medios auxiliares de marcha, el temor a una nueva ca\u00edda, sentimientos de culpa y de ser un estorbo a la familia al demandar m\u00e1s atenci\u00f3n familiar hacia \u00e9l que la que pueda \u00e9l aportar a la familia.<\/span><\/p>\n<p><span style=\"font-size: 12pt\">\u00a0<\/span><\/p>\n<p><span style=\"font-size: 12pt\"><strong>\u00a0<\/strong><\/span><\/p>\n","protected":false},"excerpt":{"rendered":"<p>Los factores ambientales pueden aumentar el riesgo de ca\u00eddas en forma independiente o, lo que resulta m\u00e1s importante, a trav\u00e9s de la interacci\u00f3n con los factores intr\u00ednsecos. El riesgo es m\u00e1ximo cuando las condiciones del medio requieren un mayor control postural y del movimiento (p. ej., al caminar sobre una superficie resbaladiza) y cuando el [&hellip;]<\/p>\n","protected":false},"author":208,"featured_media":0,"parent":0,"menu_order":0,"comment_status":"closed","ping_status":"closed","template":"","meta":[],"_links":{"self":[{"href":"https:\/\/blogs.sld.cu\/fracturadecadera\/wp-json\/wp\/v2\/pages\/110"}],"collection":[{"href":"https:\/\/blogs.sld.cu\/fracturadecadera\/wp-json\/wp\/v2\/pages"}],"about":[{"href":"https:\/\/blogs.sld.cu\/fracturadecadera\/wp-json\/wp\/v2\/types\/page"}],"author":[{"embeddable":true,"href":"https:\/\/blogs.sld.cu\/fracturadecadera\/wp-json\/wp\/v2\/users\/208"}],"replies":[{"embeddable":true,"href":"https:\/\/blogs.sld.cu\/fracturadecadera\/wp-json\/wp\/v2\/comments?post=110"}],"version-history":[{"count":8,"href":"https:\/\/blogs.sld.cu\/fracturadecadera\/wp-json\/wp\/v2\/pages\/110\/revisions"}],"predecessor-version":[{"id":287,"href":"https:\/\/blogs.sld.cu\/fracturadecadera\/wp-json\/wp\/v2\/pages\/110\/revisions\/287"}],"wp:attachment":[{"href":"https:\/\/blogs.sld.cu\/fracturadecadera\/wp-json\/wp\/v2\/media?parent=110"}],"curies":[{"name":"wp","href":"https:\/\/api.w.org\/{rel}","templated":true}]}}