{"id":114,"date":"2020-04-30T22:59:37","date_gmt":"2020-04-30T22:59:37","guid":{"rendered":"http:\/\/blogs.sld.cu\/fracturadecadera\/?page_id=114"},"modified":"2020-12-01T05:21:09","modified_gmt":"2020-12-01T05:21:09","slug":"consejos-utiles","status":"publish","type":"page","link":"https:\/\/blogs.sld.cu\/fracturadecadera\/consejos-utiles\/","title":{"rendered":"Consejos \u00fatiles"},"content":{"rendered":"<ul>\n<li><span style=\"font-size: 12pt\">Alimentaci\u00f3n adecuada que cumpla con los aportes proteicos y vitamino-minerales apropiados para su edad y patolog\u00edas asociadas.<a href=\"http:\/\/blogs.sld.cu\/fracturadecadera\/files\/2020\/04\/alimentos-con-calcio.jpg\"><img loading=\"lazy\" class=\"alignnone size-full wp-image-262\" src=\"http:\/\/blogs.sld.cu\/fracturadecadera\/files\/2020\/04\/alimentos-con-calcio.jpg\" alt=\"alimentos con calcio\" width=\"297\" height=\"169\" srcset=\"https:\/\/blogs.sld.cu\/fracturadecadera\/files\/2020\/04\/alimentos-con-calcio.jpg 297w, https:\/\/blogs.sld.cu\/fracturadecadera\/files\/2020\/04\/alimentos-con-calcio-250x142.jpg 250w\" sizes=\"(max-width: 297px) 100vw, 297px\" \/><\/a><\/span><\/li>\n<\/ul>\n<p>Alimentos ricos en calcio<\/p>\n<ul>\n<li><span style=\"font-size: 12pt\">Suplementos diet\u00e9ticos para apoyar la dieta si fuera necesario.<\/span><\/li>\n<li><span style=\"font-size: 12pt\">Ejercicios adecuados a su edad y enfermedades asociadas.<\/span><\/li>\n<li><span style=\"font-size: 12pt\">Tomar el sol temprano en la ma\u00f1ana evitando exponerse a los rayos ultravioleta da\u00f1inos, de ser posible 3 veces por semana.<\/span><\/li>\n<li><span style=\"font-size: 12pt\">Control sistem\u00e1tico de las enfermedades cr\u00f3nicas que padece.<\/span><\/li>\n<li><span style=\"font-size: 12pt\">Chequeo peri\u00f3dicos con el oftalm\u00f3logo, estomat\u00f3logo, pod\u00f3logo y otros especialistas, que considere su m\u00e9dico de atenci\u00f3n primaria.<\/span><\/li>\n<\/ul>\n","protected":false},"excerpt":{"rendered":"<p>Alimentaci\u00f3n adecuada que cumpla con los aportes proteicos y vitamino-minerales apropiados para su edad y patolog\u00edas asociadas. Alimentos ricos en calcio Suplementos diet\u00e9ticos para apoyar la dieta si fuera necesario. Ejercicios adecuados a su edad y enfermedades asociadas. Tomar el sol temprano en la ma\u00f1ana evitando exponerse a los rayos ultravioleta da\u00f1inos, de ser posible [&hellip;]<\/p>\n","protected":false},"author":208,"featured_media":0,"parent":0,"menu_order":0,"comment_status":"closed","ping_status":"closed","template":"","meta":[],"_links":{"self":[{"href":"https:\/\/blogs.sld.cu\/fracturadecadera\/wp-json\/wp\/v2\/pages\/114"}],"collection":[{"href":"https:\/\/blogs.sld.cu\/fracturadecadera\/wp-json\/wp\/v2\/pages"}],"about":[{"href":"https:\/\/blogs.sld.cu\/fracturadecadera\/wp-json\/wp\/v2\/types\/page"}],"author":[{"embeddable":true,"href":"https:\/\/blogs.sld.cu\/fracturadecadera\/wp-json\/wp\/v2\/users\/208"}],"replies":[{"embeddable":true,"href":"https:\/\/blogs.sld.cu\/fracturadecadera\/wp-json\/wp\/v2\/comments?post=114"}],"version-history":[{"count":5,"href":"https:\/\/blogs.sld.cu\/fracturadecadera\/wp-json\/wp\/v2\/pages\/114\/revisions"}],"predecessor-version":[{"id":263,"href":"https:\/\/blogs.sld.cu\/fracturadecadera\/wp-json\/wp\/v2\/pages\/114\/revisions\/263"}],"wp:attachment":[{"href":"https:\/\/blogs.sld.cu\/fracturadecadera\/wp-json\/wp\/v2\/media?parent=114"}],"curies":[{"name":"wp","href":"https:\/\/api.w.org\/{rel}","templated":true}]}}