{"id":12,"date":"2020-04-20T17:23:03","date_gmt":"2020-04-20T17:23:03","guid":{"rendered":"http:\/\/blogs.sld.cu\/fracturadecadera\/?page_id=12"},"modified":"2020-12-15T22:32:38","modified_gmt":"2020-12-15T22:32:38","slug":"fractura-de-cadera","status":"publish","type":"page","link":"https:\/\/blogs.sld.cu\/fracturadecadera\/fractura-de-cadera\/","title":{"rendered":"Fractura de cadera"},"content":{"rendered":"<p style=\"text-align: left\"><span style=\"font-size: 12pt\"><a href=\"http:\/\/blogs.sld.cu\/fracturadecadera\/files\/2020\/04\/ancianafractura-e1588517768303.jpg\"><img loading=\"lazy\" class=\"alignnone  wp-image-95\" src=\"http:\/\/blogs.sld.cu\/fracturadecadera\/files\/2020\/04\/ancianafractura-e1588517768303.jpg\" alt=\"ancianafractura\" width=\"580\" height=\"161\" \/><\/a><\/span><\/p>\n<p style=\"text-align: left\"><span style=\"font-size: 12pt\">Con el t\u00e9rmino gen\u00e9rico de <strong>fractura de cadera, <\/strong>se describen las fracturas que ocurren en la extremidad proximal del f\u00e9mur. Es una soluci\u00f3n de continuidad \u00f3sea comprendida desde la cabeza femoral propiamente dicha hasta 5 cm por debajo del troc\u00e1nter menor.<\/span><\/p>\n<p style=\"text-align: left\"><span style=\"font-size: 12pt\"><strong>CLASIFICACION\u00a0 ANATOMICA<\/strong><\/span><\/p>\n<p style=\"text-align: left\"><span style=\"font-size: 12pt\">De acuerdo con su localizaci\u00f3n en dicha extremidad, la fractura puede afectar a la <strong>cabeza femoral <\/strong>(<em>fractura capital<\/em>, que es muy poco frecuente), al <strong>cuello del f\u00e9mur <\/strong>(<em>fractura del cuello<\/em>), a los <strong>troc\u00e1nteres <\/strong>(f<em>racturas intertrocant\u00e9reas <\/em>o <em>pertrocant\u00e9reas<\/em>), al segmento del f\u00e9mur situado por debajo del troc\u00e1nter (<em>fracturas subtrocant\u00e9reas<\/em>) y al troc\u00e1nter mayor o al troc\u00e1nter menor (f<em>racturas aisladas de los troc\u00e1nteres<\/em>).<\/span><\/p>\n<p style=\"text-align: left\"><span style=\"font-size: 12pt\"><a href=\"http:\/\/blogs.sld.cu\/fracturadecadera\/129\/\"><strong>continuar\u00a0 \u00a0<\/strong><\/a><\/span><\/p>\n","protected":false},"excerpt":{"rendered":"<p>Con el t\u00e9rmino gen\u00e9rico de fractura de cadera, se describen las fracturas que ocurren en la extremidad proximal del f\u00e9mur. Es una soluci\u00f3n de continuidad \u00f3sea comprendida desde la cabeza femoral propiamente dicha hasta 5 cm por debajo del troc\u00e1nter menor. CLASIFICACION\u00a0 ANATOMICA De acuerdo con su localizaci\u00f3n en dicha extremidad, la fractura puede afectar [&hellip;]<\/p>\n","protected":false},"author":208,"featured_media":0,"parent":0,"menu_order":0,"comment_status":"closed","ping_status":"closed","template":"","meta":[],"_links":{"self":[{"href":"https:\/\/blogs.sld.cu\/fracturadecadera\/wp-json\/wp\/v2\/pages\/12"}],"collection":[{"href":"https:\/\/blogs.sld.cu\/fracturadecadera\/wp-json\/wp\/v2\/pages"}],"about":[{"href":"https:\/\/blogs.sld.cu\/fracturadecadera\/wp-json\/wp\/v2\/types\/page"}],"author":[{"embeddable":true,"href":"https:\/\/blogs.sld.cu\/fracturadecadera\/wp-json\/wp\/v2\/users\/208"}],"replies":[{"embeddable":true,"href":"https:\/\/blogs.sld.cu\/fracturadecadera\/wp-json\/wp\/v2\/comments?post=12"}],"version-history":[{"count":15,"href":"https:\/\/blogs.sld.cu\/fracturadecadera\/wp-json\/wp\/v2\/pages\/12\/revisions"}],"predecessor-version":[{"id":288,"href":"https:\/\/blogs.sld.cu\/fracturadecadera\/wp-json\/wp\/v2\/pages\/12\/revisions\/288"}],"wp:attachment":[{"href":"https:\/\/blogs.sld.cu\/fracturadecadera\/wp-json\/wp\/v2\/media?parent=12"}],"curies":[{"name":"wp","href":"https:\/\/api.w.org\/{rel}","templated":true}]}}