{"id":123,"date":"2020-05-01T02:47:29","date_gmt":"2020-05-01T02:47:29","guid":{"rendered":"http:\/\/blogs.sld.cu\/fracturadecadera\/?page_id=123"},"modified":"2020-12-15T22:16:34","modified_gmt":"2020-12-15T22:16:34","slug":"123-2","status":"publish","type":"page","link":"https:\/\/blogs.sld.cu\/fracturadecadera\/123-2\/","title":{"rendered":""},"content":{"rendered":"<p><span style=\"font-size: 12pt\">Las ca\u00eddas ponen en riesgo la independencia de los ancianos y causan una cascada de consecuencias individuales, con incremento de los traumatismos, siendo la fractura de cadera la m\u00e1s frecuente.<\/span><\/p>\n<p><span style=\"font-size: 12pt\">Muchas personas ancianas se muestran reticentes a informar una ca\u00edda, porque la atribuyen al proceso de envejecimiento o porque tienen miedo de que limiten sus actividades.<\/span><\/p>\n<p><span style=\"font-size: 12pt\">En 1990, la suma de todas las fracturas de cadera que ocurrieron en el mundo lleg\u00f3 al 1,7 mill\u00f3n. Para el 2050 se espera que ocurran 6,3 millones de fracturas en el planeta.<\/span><\/p>\n<p><span style=\"font-size: 12pt\">La epidemi\u00f3loga Martha Pel\u00e1ez (asesora regional de envejecimiento en la Organizaci\u00f3n Panamericana de la Salud)\u00a0 es una de las gestoras del primer informe sobre &#8221; El estado de envejecimiento y salud en Am\u00e9rica Latina y el Caribe&#8221;, presentado en forma conjunta por la OPS y el Instituto Merck de Envejecimiento y Salud.<\/span><\/p>\n<p><span style=\"font-size: 12pt\">El informe ofrece una radiograf\u00eda acabada del problema en la regi\u00f3n, y propone asimismo un plan de acci\u00f3n general &#8220;realizable&#8221; para garantizar que las personas mayores &#8220;sobrevivan y est\u00e9n cada d\u00eda mejor, y que el ciclo de salud de Am\u00e9rica Latina y el Caribe aumente junto con el ciclo de vida&#8221;.*<\/span><\/p>\n<p><span style=\"font-size: 12pt\">Un desaf\u00edo que involucra a gobiernos, sociedades y proveedores de servicios de salud, y de cuyos \u00e9xitos seremos todos beneficiarios.<\/span><\/p>\n<p><span style=\"font-size: 12pt\">*\u00a0 \u00a0Perspectivas de Salud, publicado en la revista de la Organizaci\u00f3n Panamericana de la Salud. Volumen 9, N\u00famero 1, 2004.<\/span><\/p>\n","protected":false},"excerpt":{"rendered":"<p>Las ca\u00eddas ponen en riesgo la independencia de los ancianos y causan una cascada de consecuencias individuales, con incremento de los traumatismos, siendo la fractura de cadera la m\u00e1s frecuente. Muchas personas ancianas se muestran reticentes a informar una ca\u00edda, porque la atribuyen al proceso de envejecimiento o porque tienen miedo de que limiten sus [&hellip;]<\/p>\n","protected":false},"author":208,"featured_media":0,"parent":0,"menu_order":0,"comment_status":"closed","ping_status":"closed","template":"","meta":[],"_links":{"self":[{"href":"https:\/\/blogs.sld.cu\/fracturadecadera\/wp-json\/wp\/v2\/pages\/123"}],"collection":[{"href":"https:\/\/blogs.sld.cu\/fracturadecadera\/wp-json\/wp\/v2\/pages"}],"about":[{"href":"https:\/\/blogs.sld.cu\/fracturadecadera\/wp-json\/wp\/v2\/types\/page"}],"author":[{"embeddable":true,"href":"https:\/\/blogs.sld.cu\/fracturadecadera\/wp-json\/wp\/v2\/users\/208"}],"replies":[{"embeddable":true,"href":"https:\/\/blogs.sld.cu\/fracturadecadera\/wp-json\/wp\/v2\/comments?post=123"}],"version-history":[{"count":10,"href":"https:\/\/blogs.sld.cu\/fracturadecadera\/wp-json\/wp\/v2\/pages\/123\/revisions"}],"predecessor-version":[{"id":272,"href":"https:\/\/blogs.sld.cu\/fracturadecadera\/wp-json\/wp\/v2\/pages\/123\/revisions\/272"}],"wp:attachment":[{"href":"https:\/\/blogs.sld.cu\/fracturadecadera\/wp-json\/wp\/v2\/media?parent=123"}],"curies":[{"name":"wp","href":"https:\/\/api.w.org\/{rel}","templated":true}]}}