{"id":129,"date":"2020-05-01T02:54:52","date_gmt":"2020-05-01T02:54:52","guid":{"rendered":"http:\/\/blogs.sld.cu\/fracturadecadera\/?page_id=129"},"modified":"2020-12-15T22:17:43","modified_gmt":"2020-12-15T22:17:43","slug":"129-2","status":"publish","type":"page","link":"https:\/\/blogs.sld.cu\/fracturadecadera\/129-2\/","title":{"rendered":""},"content":{"rendered":"<p><span style=\"font-size: 12pt\"><strong>\u00a0\u00a0\u00a0\u00a0\u00a0\u00a0\u00a0\u00a0\u00a0\u00a0\u00a0\u00a0\u00a0\u00a0\u00a0<img loading=\"lazy\" class=\"alignnone size-full wp-image-54\" src=\"http:\/\/blogs.sld.cu\/fracturadecadera\/files\/2020\/04\/fractura.png\" alt=\"fractura\" width=\"276\" height=\"283\" srcset=\"https:\/\/blogs.sld.cu\/fracturadecadera\/files\/2020\/04\/fractura.png 276w, https:\/\/blogs.sld.cu\/fracturadecadera\/files\/2020\/04\/fractura-250x256.png 250w\" sizes=\"(max-width: 276px) 100vw, 276px\" \/>\u00a0\u00a0\u00a0\u00a0\u00a0\u00a0\u00a0\u00a0\u00a0\u00a0\u00a0\u00a0\u00a0\u00a0\u00a0\u00a0<\/strong><\/span><\/p>\n<p><span style=\"font-size: 12pt\">Mientras que las <em>fracturas del cuello <\/em>son <em>intracapsulares<\/em>, en el sentido de que la l\u00ednea de fractura se encuentra en el interior de una c\u00e1psula articular, las <em>fracturas trocant\u00e9reas <\/em>y <em>subtrocant\u00e9reas <\/em>son extracapsulares, ya que la l\u00ednea de fractura se encuentra fuera de la c\u00e1psula de la articulaci\u00f3n de la cadera.<\/span><\/p>\n<p><span style=\"font-size: 12pt\">La mayor parte de las fracturas de cadera son consecuencia de ca\u00eddas o tropiezos. Una ca\u00edda suele ser el resultado de una interacci\u00f3n compleja entre los siguientes elementos:<\/span><\/p>\n<ul>\n<li><span style=\"font-size: 12pt\">Factores intr\u00ednsecos (deterioro de la funci\u00f3n relacionado con la edad, trastornos y efectos adversos de f\u00e1rmacos)<\/span><\/li>\n<li><span style=\"font-size: 12pt\">Factores extr\u00ednsecos (riesgos ambientales)<\/span><\/li>\n<li><span style=\"font-size: 12pt\">Factores situacionales (relacionados con la actividad que realiza el paciente, p. ej., correr al ba\u00f1o)<\/span><\/li>\n<\/ul>\n<p><span style=\"font-size: 12pt\">S\u00f3lo el 5% de los casos no presenta antecedente de lesiones.<\/span><\/p>\n<p><span style=\"font-size: 12pt\">En ocasiones algunos pacientes no presentan cl\u00ednica caracter\u00edstica de lesi\u00f3n osteomioarticular y solo con el examen f\u00edsico minucioso y los ex\u00e1menes imagenol\u00f3gicos resulta posible diagnosticar la fractura.<\/span><\/p>\n","protected":false},"excerpt":{"rendered":"<p>\u00a0\u00a0\u00a0\u00a0\u00a0\u00a0\u00a0\u00a0\u00a0\u00a0\u00a0\u00a0\u00a0\u00a0\u00a0\u00a0\u00a0\u00a0\u00a0\u00a0\u00a0\u00a0\u00a0\u00a0\u00a0\u00a0\u00a0\u00a0\u00a0\u00a0\u00a0 Mientras que las fracturas del cuello son intracapsulares, en el sentido de que la l\u00ednea de fractura se encuentra en el interior de una c\u00e1psula articular, las fracturas trocant\u00e9reas y subtrocant\u00e9reas son extracapsulares, ya que la l\u00ednea de fractura se encuentra fuera de la c\u00e1psula de la articulaci\u00f3n de la cadera. La mayor parte [&hellip;]<\/p>\n","protected":false},"author":208,"featured_media":0,"parent":0,"menu_order":0,"comment_status":"closed","ping_status":"closed","template":"","meta":[],"_links":{"self":[{"href":"https:\/\/blogs.sld.cu\/fracturadecadera\/wp-json\/wp\/v2\/pages\/129"}],"collection":[{"href":"https:\/\/blogs.sld.cu\/fracturadecadera\/wp-json\/wp\/v2\/pages"}],"about":[{"href":"https:\/\/blogs.sld.cu\/fracturadecadera\/wp-json\/wp\/v2\/types\/page"}],"author":[{"embeddable":true,"href":"https:\/\/blogs.sld.cu\/fracturadecadera\/wp-json\/wp\/v2\/users\/208"}],"replies":[{"embeddable":true,"href":"https:\/\/blogs.sld.cu\/fracturadecadera\/wp-json\/wp\/v2\/comments?post=129"}],"version-history":[{"count":4,"href":"https:\/\/blogs.sld.cu\/fracturadecadera\/wp-json\/wp\/v2\/pages\/129\/revisions"}],"predecessor-version":[{"id":283,"href":"https:\/\/blogs.sld.cu\/fracturadecadera\/wp-json\/wp\/v2\/pages\/129\/revisions\/283"}],"wp:attachment":[{"href":"https:\/\/blogs.sld.cu\/fracturadecadera\/wp-json\/wp\/v2\/media?parent=129"}],"curies":[{"name":"wp","href":"https:\/\/api.w.org\/{rel}","templated":true}]}}