{"id":23,"date":"2020-04-20T17:32:15","date_gmt":"2020-04-20T17:32:15","guid":{"rendered":"http:\/\/blogs.sld.cu\/fracturadecadera\/?page_id=23"},"modified":"2020-12-15T22:46:28","modified_gmt":"2020-12-15T22:46:28","slug":"recursos","status":"publish","type":"page","link":"https:\/\/blogs.sld.cu\/fracturadecadera\/recursos\/","title":{"rendered":"Recursos"},"content":{"rendered":"<h3>Sitios, materiales y entrevistas sobre Fractura de cadera<\/h3>\n<ul>\n<li><span style=\"font-size: 12pt\">Monogr\u00e1fico: Fracturas de la cadera. <a href=\"http:\/\/www.saludlandia.com\">saludlandia.com<\/a><\/span><\/li>\n<li><span style=\"font-size: 12pt\"><a href=\"https:\/\/www.mayoclinic.org\/es-es\/diseases-conditions\/hip-fracture\/diagnosis-treatment\/drc-20373472ttp:\/\/\" target=\"_blank\">Fractura de cadera. Cl\u00ednica Mayo<\/a><\/span><\/li>\n<li><span style=\"font-size: 12pt\"><a href=\"https:\/\/medlineplus.gov\/spanish\/ency\/article\/007386.htm\" target=\"_blank\">Cirug\u00eda de Fractura de cadera. MedLine Plus<\/a><\/span><\/li>\n<li><span style=\"font-size: 12pt\"><a href=\"https:\/\/medlineplus.gov\/spanish\/ency\/article\/007386.htm\" target=\"_blank\">\u00bfQu\u00e9 es una fractura de cadera? &#8211; Instituciones &#8211; Infomed<\/a><\/span><\/li>\n<li><span style=\"font-size: 12pt\">Ca\u00edda de los ancianos para profesionales. Laurence Z. Rubenstein, MD, MPH, University of Oklahoma College of Medicine. Last full review\/revisi\u00f3n October 2016 by Laurence Z. Rubenstein, MD, MPH<\/span><\/li>\n<li><span style=\"font-size: 12pt\">Ca\u00edda en personas mayores. Laurence Z. Rubenstein, MD, MPH, University of Oklahoma College of Medicine. Ultima revisi\u00f3n completa abr 2019<\/span><\/li>\n<li><span style=\"font-size: 12pt\">El riesgo de la cirug\u00eda para la fractura en la cadera. P.J. Devereaux. Rev. JAMA, sep 2015<\/span><\/li>\n<li><span style=\"font-size: 12pt\">Revista Cubana de Ortopedia y Traumatolog\u00eda. 2013; 27(1) 123-133. Fractura de cadera. Art\u00edculo de Revisi\u00f3n <a href=\"http:\/\/blogs.sld.cu\/fracturadecadera\/files\/2020\/04\/cot131l.pdf\">cot131l<\/a><\/span><\/li>\n<li><span style=\"font-size: 12pt\">Ca\u00eddas en adultos de edad avanzada. <a href=\"http:\/\/www.cdc.gov\/homeandrecreationalsafety\/falls\/index.html\">Centers for Disease Control and Prevention<\/a>:<\/span><\/li>\n<li><span style=\"font-size: 12pt\">Morbimortalidad en Fractura de Cadera. Revista M\u00e9dica Electr\u00f3nica 2007;29(3)<\/span><\/li>\n<li><span style=\"font-size: 12pt\">Fractura de cadera como factor de riesgo en la mortalidad en pacientes mayores de 65 a\u00f1os. Estudio de casos y controles. Negrete-Corona J,* Alvarado-Soriano JC,** Reyes-Santiago LA*** Acta ortop. mex\u00a0vol.28\u00a0no.6\u00a0M\u00e9xico\u00a0nov.\/dic.\u00a02014<\/span><\/li>\n<li><span style=\"font-size: 12pt\">Prevenci\u00f3n de las ca\u00eddas (Consejo Nacional para el Envejecimiento. <a href=\"http:\/\/www.ncoa.org\/healthy-aging\/falls-prevention\/\">National Council on Aging (NCOA)<\/a>:<\/span><\/li>\n<li><span style=\"font-size: 12pt\">Las medidas de prevenci\u00f3n de ca\u00eddas pueden mantener a los adultos mayores aut\u00f3nomos. <a href=\"http:\/\/www.nsc.org\/home-safety\/safety-topics\/older-adult-falls\">National Safety Coun<\/a><a href=\"http:\/\/www.nsc.org\/home-safety\/safety-topics\/older-adult-falls\">cil<\/a> (Consejo Nacional para la Seguridad)<\/span><\/li>\n<\/ul>\n","protected":false},"excerpt":{"rendered":"<p>Sitios, materiales y entrevistas sobre Fractura de cadera Monogr\u00e1fico: Fracturas de la cadera. saludlandia.com Fractura de cadera. Cl\u00ednica Mayo Cirug\u00eda de Fractura de cadera. MedLine Plus \u00bfQu\u00e9 es una fractura de cadera? &#8211; Instituciones &#8211; Infomed Ca\u00edda de los ancianos para profesionales. Laurence Z. Rubenstein, MD, MPH, University of Oklahoma College of Medicine. Last full [&hellip;]<\/p>\n","protected":false},"author":208,"featured_media":0,"parent":0,"menu_order":0,"comment_status":"closed","ping_status":"closed","template":"","meta":[],"_links":{"self":[{"href":"https:\/\/blogs.sld.cu\/fracturadecadera\/wp-json\/wp\/v2\/pages\/23"}],"collection":[{"href":"https:\/\/blogs.sld.cu\/fracturadecadera\/wp-json\/wp\/v2\/pages"}],"about":[{"href":"https:\/\/blogs.sld.cu\/fracturadecadera\/wp-json\/wp\/v2\/types\/page"}],"author":[{"embeddable":true,"href":"https:\/\/blogs.sld.cu\/fracturadecadera\/wp-json\/wp\/v2\/users\/208"}],"replies":[{"embeddable":true,"href":"https:\/\/blogs.sld.cu\/fracturadecadera\/wp-json\/wp\/v2\/comments?post=23"}],"version-history":[{"count":13,"href":"https:\/\/blogs.sld.cu\/fracturadecadera\/wp-json\/wp\/v2\/pages\/23\/revisions"}],"predecessor-version":[{"id":294,"href":"https:\/\/blogs.sld.cu\/fracturadecadera\/wp-json\/wp\/v2\/pages\/23\/revisions\/294"}],"wp:attachment":[{"href":"https:\/\/blogs.sld.cu\/fracturadecadera\/wp-json\/wp\/v2\/media?parent=23"}],"curies":[{"name":"wp","href":"https:\/\/api.w.org\/{rel}","templated":true}]}}