{"id":25,"date":"2020-04-20T17:51:53","date_gmt":"2020-04-20T17:51:53","guid":{"rendered":"http:\/\/blogs.sld.cu\/fracturadecadera\/?page_id=25"},"modified":"2020-12-01T06:12:31","modified_gmt":"2020-12-01T06:12:31","slug":"preguntas-frecuentes","status":"publish","type":"page","link":"https:\/\/blogs.sld.cu\/fracturadecadera\/preguntas-frecuentes\/","title":{"rendered":"Preguntas frecuentes"},"content":{"rendered":"<ol>\n<li><strong> \u00bfLas fracturas de cadera son producto de la modernidad?<\/strong><\/li>\n<\/ol>\n<p>\u00a1No! Las fracturas de cadera son tan antiguas como el hombre. Se han encontrado en los hallazgos arqueol\u00f3gicos y en las representaciones escult\u00f3ricas y pict\u00f3ricas de distintas \u00e9pocas. Hip\u00f3crates, en el Siglo I a.n.e, la describi\u00f3 en su obra \u201cSobre las articulaciones\u201d. En ella hizo una descripci\u00f3n del tratamiento de estas fracturas. En las \u00faltimas d\u00e9cadas, relacionado con el aumento de la longevidad, se han incrementado las fracturas de cadera en los ancianos.<\/p>\n<ol start=\"2\">\n<li><strong> \u00bfCu\u00e1les son los factores de riesgo que influyen en la aparici\u00f3n de las fracturas de cadera?<\/strong><\/li>\n<\/ol>\n<p>Una ca\u00edda suele ser el resultado de una interacci\u00f3n compleja entre los\u00a0factores intr\u00ednsecos,fextr\u00ednsecos y situacionales. Los explicaremos a continuaci\u00f3n:<\/p>\n<p><strong><span style=\"text-decoration: underline\">Intr\u00ednsecos:<\/span><\/strong><\/p>\n<ul>\n<li>Fractura anterior de cadera<\/li>\n<li>Edad 60 a\u00f1os o m\u00e1s<\/li>\n<li>Sexo femenino (especialmente despu\u00e9s de la menopausia)<\/li>\n<li>Ingesti\u00f3n deficiente de calcio y vitamina D<\/li>\n<li>H\u00e1bito de fumar<\/li>\n<li>Consumo excesivo de bebidas alcoh\u00f3licas<\/li>\n<li>Inactividad f\u00edsica<\/li>\n<li>Disminuci\u00f3n de la agudeza visual<\/li>\n<li>Artritis<\/li>\n<li>Mal de Parkinson<\/li>\n<li>Ataque cerebral<\/li>\n<li>Deficiencias mentales<\/li>\n<li>Trastornos de la memoria<\/li>\n<li>Enfermedad de Alzheimer<\/li>\n<li>Arritmia cardiaca<\/li>\n<li>Hipotensi\u00f3n arterial<\/li>\n<li>Diabetes no controlada<\/li>\n<li>Medicamentos que pueden causar mareos, somnolencia o debilidad<\/li>\n<li>Tratamientos con cortisona o similar<\/li>\n<li>Exceso de hormonas tiroideas<\/li>\n<li>M\u00faltiples medicamentos administrados al mismo tiempo<\/li>\n<\/ul>\n<p><strong><a title=\"Extr\u00ednsecos\" href=\"http:\/\/blogs.sld.cu\/fracturadecadera\/extrinsecos\/\">Extr\u00ednsecos:<\/a><\/strong><\/p>\n<p>&nbsp;<\/p>\n","protected":false},"excerpt":{"rendered":"<p>\u00bfLas fracturas de cadera son producto de la modernidad? \u00a1No! Las fracturas de cadera son tan antiguas como el hombre. Se han encontrado en los hallazgos arqueol\u00f3gicos y en las representaciones escult\u00f3ricas y pict\u00f3ricas de distintas \u00e9pocas. Hip\u00f3crates, en el Siglo I a.n.e, la describi\u00f3 en su obra \u201cSobre las articulaciones\u201d. En ella hizo una [&hellip;]<\/p>\n","protected":false},"author":208,"featured_media":0,"parent":0,"menu_order":0,"comment_status":"closed","ping_status":"closed","template":"","meta":[],"_links":{"self":[{"href":"https:\/\/blogs.sld.cu\/fracturadecadera\/wp-json\/wp\/v2\/pages\/25"}],"collection":[{"href":"https:\/\/blogs.sld.cu\/fracturadecadera\/wp-json\/wp\/v2\/pages"}],"about":[{"href":"https:\/\/blogs.sld.cu\/fracturadecadera\/wp-json\/wp\/v2\/types\/page"}],"author":[{"embeddable":true,"href":"https:\/\/blogs.sld.cu\/fracturadecadera\/wp-json\/wp\/v2\/users\/208"}],"replies":[{"embeddable":true,"href":"https:\/\/blogs.sld.cu\/fracturadecadera\/wp-json\/wp\/v2\/comments?post=25"}],"version-history":[{"count":13,"href":"https:\/\/blogs.sld.cu\/fracturadecadera\/wp-json\/wp\/v2\/pages\/25\/revisions"}],"predecessor-version":[{"id":254,"href":"https:\/\/blogs.sld.cu\/fracturadecadera\/wp-json\/wp\/v2\/pages\/25\/revisions\/254"}],"wp:attachment":[{"href":"https:\/\/blogs.sld.cu\/fracturadecadera\/wp-json\/wp\/v2\/media?parent=25"}],"curies":[{"name":"wp","href":"https:\/\/api.w.org\/{rel}","templated":true}]}}