{"id":3,"date":"2020-05-03T14:21:31","date_gmt":"2020-05-03T14:21:31","guid":{"rendered":"http:\/\/blogs.sld.cu\/fracturadecadera\/?page_id=3"},"modified":"2020-05-03T19:16:02","modified_gmt":"2020-05-03T19:16:02","slug":"contacto","status":"publish","type":"page","link":"https:\/\/blogs.sld.cu\/fracturadecadera\/contacto\/","title":{"rendered":"Contacto"},"content":{"rendered":"<p><a href=\"http:\/\/blogs.sld.cu\/fracturadecadera\/files\/2020\/05\/fermindulce2.jpg\"><img loading=\"lazy\" class=\"alignnone size-full wp-image-185\" src=\"http:\/\/blogs.sld.cu\/fracturadecadera\/files\/2020\/05\/fermindulce2.jpg\" alt=\"fermindulce2\" width=\"307\" height=\"338\" srcset=\"https:\/\/blogs.sld.cu\/fracturadecadera\/files\/2020\/05\/fermindulce2.jpg 307w, https:\/\/blogs.sld.cu\/fracturadecadera\/files\/2020\/05\/fermindulce2-272x300.jpg 272w, https:\/\/blogs.sld.cu\/fracturadecadera\/files\/2020\/05\/fermindulce2-250x275.jpg 250w\" sizes=\"(max-width: 307px) 100vw, 307px\" \/><\/a><\/p>\n<p>&nbsp;<\/p>\n<p>Los doctores Ferm\u00edn y Dulce son un matrimonio de m\u00e9dicos con amplia experiencia en sus campos de trabajo. Para contactar con ellos por email:<\/p>\n<p>fracturadecadera@infomed.sld.cu<\/p>\n<p>Dr. Fermin Osvaldo L\u00f3pez Hern\u00e1ndez<\/p>\n<p>Doctor en medicina. Especialista de 2do. grado en Ortoped\u00eda y Traumatolog\u00eda .<\/p>\n<p>Profesor Auxiliar de Ortoped\u00eda\u00a0 e investigador agregado de la Universidad de Ciencias M\u00e9dicas de La Habana .<\/p>\n<p>Dra. Dulce Mar\u00eda Abrahantes Garc\u00eda<\/p>\n<p>Doctora en medicina. Especialista de 1er. grado en Medicina F\u00edsica y Rehabilitaci\u00f3n.<\/p>\n","protected":false},"excerpt":{"rendered":"<p>&nbsp; Los doctores Ferm\u00edn y Dulce son un matrimonio de m\u00e9dicos con amplia experiencia en sus campos de trabajo. Para contactar con ellos por email: fracturadecadera@infomed.sld.cu Dr. Fermin Osvaldo L\u00f3pez Hern\u00e1ndez Doctor en medicina. Especialista de 2do. grado en Ortoped\u00eda y Traumatolog\u00eda . Profesor Auxiliar de Ortoped\u00eda\u00a0 e investigador agregado de la Universidad de Ciencias [&hellip;]<\/p>\n","protected":false},"author":213,"featured_media":0,"parent":0,"menu_order":0,"comment_status":"open","ping_status":"open","template":"","meta":[],"_links":{"self":[{"href":"https:\/\/blogs.sld.cu\/fracturadecadera\/wp-json\/wp\/v2\/pages\/3"}],"collection":[{"href":"https:\/\/blogs.sld.cu\/fracturadecadera\/wp-json\/wp\/v2\/pages"}],"about":[{"href":"https:\/\/blogs.sld.cu\/fracturadecadera\/wp-json\/wp\/v2\/types\/page"}],"author":[{"embeddable":true,"href":"https:\/\/blogs.sld.cu\/fracturadecadera\/wp-json\/wp\/v2\/users\/213"}],"replies":[{"embeddable":true,"href":"https:\/\/blogs.sld.cu\/fracturadecadera\/wp-json\/wp\/v2\/comments?post=3"}],"version-history":[{"count":4,"href":"https:\/\/blogs.sld.cu\/fracturadecadera\/wp-json\/wp\/v2\/pages\/3\/revisions"}],"predecessor-version":[{"id":187,"href":"https:\/\/blogs.sld.cu\/fracturadecadera\/wp-json\/wp\/v2\/pages\/3\/revisions\/187"}],"wp:attachment":[{"href":"https:\/\/blogs.sld.cu\/fracturadecadera\/wp-json\/wp\/v2\/media?parent=3"}],"curies":[{"name":"wp","href":"https:\/\/api.w.org\/{rel}","templated":true}]}}