{"id":33,"date":"2020-04-20T18:47:11","date_gmt":"2020-04-20T18:47:11","guid":{"rendered":"http:\/\/blogs.sld.cu\/fracturadecadera\/?page_id=33"},"modified":"2020-12-15T22:33:38","modified_gmt":"2020-12-15T22:33:38","slug":"glosario","status":"publish","type":"page","link":"https:\/\/blogs.sld.cu\/fracturadecadera\/glosario\/","title":{"rendered":"Glosario"},"content":{"rendered":"<h3><span style=\"font-size: 12pt\">Palabras vinculadas a la fractura de cadera y a la rehabilitaci\u00f3n.<\/span><\/h3>\n<p><span style=\"font-size: 12pt\"><strong>Imagenolog\u00eda:<\/strong> Conjunto de t\u00e9cnicas y procedimientos usados para crear im\u00e1genes del cuerpo humano, o parte de \u00e9l, con prop\u00f3sitos cl\u00ednicos (procedimientos m\u00e9dicos que buscan revelar, diagnosticar o examinar enfermedades) o para la ciencia m\u00e9dica (incluyendo el estudio de la anatom\u00eda normal y funcional).<\/span><\/p>\n<p><span style=\"font-size: 12pt\"><strong>Anciano (na)<\/strong>: D\u00edcese del hombre o mujer que tiene muchos a\u00f1os, \u00faltimo per\u00edodo ordinario de la vida del hombre o mujer.<\/span><\/p>\n<p><span style=\"font-size: 12pt\"><strong>Factores de riesgo intr\u00ednsecos:<\/strong> Cambios por enfermedades o envejecimiento que experimentan los adultos mayores.<\/span><\/p>\n<p><span style=\"font-size: 12pt\"><strong>Factores de riesgo extr\u00ednsecos:<\/strong> Factores externos que elevan el riesgo de ca\u00eddas durante la pr\u00e1ctica de las actividades diarias.<\/span><\/p>\n<p><span style=\"font-size: 12pt\">\u00a0<\/span><\/p>\n","protected":false},"excerpt":{"rendered":"<p>Palabras vinculadas a la fractura de cadera y a la rehabilitaci\u00f3n. Imagenolog\u00eda: Conjunto de t\u00e9cnicas y procedimientos usados para crear im\u00e1genes del cuerpo humano, o parte de \u00e9l, con prop\u00f3sitos cl\u00ednicos (procedimientos m\u00e9dicos que buscan revelar, diagnosticar o examinar enfermedades) o para la ciencia m\u00e9dica (incluyendo el estudio de la anatom\u00eda normal y funcional). Anciano [&hellip;]<\/p>\n","protected":false},"author":208,"featured_media":0,"parent":0,"menu_order":0,"comment_status":"closed","ping_status":"closed","template":"","meta":[],"_links":{"self":[{"href":"https:\/\/blogs.sld.cu\/fracturadecadera\/wp-json\/wp\/v2\/pages\/33"}],"collection":[{"href":"https:\/\/blogs.sld.cu\/fracturadecadera\/wp-json\/wp\/v2\/pages"}],"about":[{"href":"https:\/\/blogs.sld.cu\/fracturadecadera\/wp-json\/wp\/v2\/types\/page"}],"author":[{"embeddable":true,"href":"https:\/\/blogs.sld.cu\/fracturadecadera\/wp-json\/wp\/v2\/users\/208"}],"replies":[{"embeddable":true,"href":"https:\/\/blogs.sld.cu\/fracturadecadera\/wp-json\/wp\/v2\/comments?post=33"}],"version-history":[{"count":6,"href":"https:\/\/blogs.sld.cu\/fracturadecadera\/wp-json\/wp\/v2\/pages\/33\/revisions"}],"predecessor-version":[{"id":240,"href":"https:\/\/blogs.sld.cu\/fracturadecadera\/wp-json\/wp\/v2\/pages\/33\/revisions\/240"}],"wp:attachment":[{"href":"https:\/\/blogs.sld.cu\/fracturadecadera\/wp-json\/wp\/v2\/media?parent=33"}],"curies":[{"name":"wp","href":"https:\/\/api.w.org\/{rel}","templated":true}]}}