{"id":80,"date":"2020-04-30T08:34:19","date_gmt":"2020-04-30T08:34:19","guid":{"rendered":"http:\/\/blogs.sld.cu\/fracturadecadera\/?page_id=80"},"modified":"2020-12-15T22:38:35","modified_gmt":"2020-12-15T22:38:35","slug":"80-2","status":"publish","type":"page","link":"https:\/\/blogs.sld.cu\/fracturadecadera\/80-2\/","title":{"rendered":"Tratamiento quir\u00fargico"},"content":{"rendered":"<h3><span style=\"font-size: 12pt\">Instrumentaci\u00f3n de la fractura<\/span><\/h3>\n<p><span style=\"font-size: 12pt\"><a href=\"http:\/\/blogs.sld.cu\/fracturadecadera\/files\/2020\/04\/Instrumentaci\u00f3n-de-fractura.jpg\"><img loading=\"lazy\" class=\"alignnone wp-image-89 \" src=\"http:\/\/blogs.sld.cu\/fracturadecadera\/files\/2020\/04\/Instrumentaci\u00f3n-de-fractura-e1588237128941.jpg\" alt=\"Instrumentaci\u00f3n de fractura\" width=\"489\" height=\"380\" \/><\/a><\/span><\/p>\n<h3><span style=\"font-size: 12pt\">Artroplastia parcial y total<\/span><\/h3>\n<h3><span style=\"font-size: 12pt\"><img loading=\"lazy\" class=\"alignnone  wp-image-92\" src=\"http:\/\/blogs.sld.cu\/fracturadecadera\/files\/2020\/04\/artroplastia.jpg\" alt=\"artroplastia\" width=\"469\" height=\"290\" srcset=\"https:\/\/blogs.sld.cu\/fracturadecadera\/files\/2020\/04\/artroplastia.jpg 659w, https:\/\/blogs.sld.cu\/fracturadecadera\/files\/2020\/04\/artroplastia-300x185.jpg 300w, https:\/\/blogs.sld.cu\/fracturadecadera\/files\/2020\/04\/artroplastia-250x154.jpg 250w\" sizes=\"(max-width: 469px) 100vw, 469px\" \/><\/span><\/h3>\n<p>Artroplastia parcial\u00a0 \u00a0 \u00a0 \u00a0 \u00a0 \u00a0 \u00a0 \u00a0 \u00a0 \u00a0 \u00a0 \u00a0 \u00a0 \u00a0 \u00a0 \u00a0 Artroplastia total<\/p>\n<p>La primera comunicaci\u00f3n con el tratamiento quir\u00fargico de estas afecciones la hizo Von Langenbeck en 1850.<\/p>\n<p>Los estudios han demostrado que la supervivencia no depende del tipo de tratamiento quir\u00fargico, ya sea que se utilice un implante de fijaci\u00f3n interna o una pr\u00f3tesis para artroplast\u00eda; el factor que influye en el pron\u00f3stico es la presencia de enfermedades sist\u00e9micas. El identificar los factores de riesgo directos, nos permite estimar la probabilidad del pron\u00f3stico del paciente.<\/p>\n<h3><a title=\"Medidas preventivas\" href=\"http:\/\/blogs.sld.cu\/fracturadecadera\/medidas-preventivas\/\">Medidas preventivas<\/a><\/h3>\n","protected":false},"excerpt":{"rendered":"<p>Instrumentaci\u00f3n de la fractura Artroplastia parcial y total Artroplastia parcial\u00a0 \u00a0 \u00a0 \u00a0 \u00a0 \u00a0 \u00a0 \u00a0 \u00a0 \u00a0 \u00a0 \u00a0 \u00a0 \u00a0 \u00a0 \u00a0 Artroplastia total La primera comunicaci\u00f3n con el tratamiento quir\u00fargico de estas afecciones la hizo Von Langenbeck en 1850. Los estudios han demostrado que la supervivencia no depende del tipo de [&hellip;]<\/p>\n","protected":false},"author":208,"featured_media":0,"parent":0,"menu_order":0,"comment_status":"closed","ping_status":"closed","template":"","meta":[],"_links":{"self":[{"href":"https:\/\/blogs.sld.cu\/fracturadecadera\/wp-json\/wp\/v2\/pages\/80"}],"collection":[{"href":"https:\/\/blogs.sld.cu\/fracturadecadera\/wp-json\/wp\/v2\/pages"}],"about":[{"href":"https:\/\/blogs.sld.cu\/fracturadecadera\/wp-json\/wp\/v2\/types\/page"}],"author":[{"embeddable":true,"href":"https:\/\/blogs.sld.cu\/fracturadecadera\/wp-json\/wp\/v2\/users\/208"}],"replies":[{"embeddable":true,"href":"https:\/\/blogs.sld.cu\/fracturadecadera\/wp-json\/wp\/v2\/comments?post=80"}],"version-history":[{"count":14,"href":"https:\/\/blogs.sld.cu\/fracturadecadera\/wp-json\/wp\/v2\/pages\/80\/revisions"}],"predecessor-version":[{"id":273,"href":"https:\/\/blogs.sld.cu\/fracturadecadera\/wp-json\/wp\/v2\/pages\/80\/revisions\/273"}],"wp:attachment":[{"href":"https:\/\/blogs.sld.cu\/fracturadecadera\/wp-json\/wp\/v2\/media?parent=80"}],"curies":[{"name":"wp","href":"https:\/\/api.w.org\/{rel}","templated":true}]}}