{"id":97,"date":"2020-04-30T17:51:27","date_gmt":"2020-04-30T17:51:27","guid":{"rendered":"http:\/\/blogs.sld.cu\/fracturadecadera\/?page_id=97"},"modified":"2020-12-15T22:25:48","modified_gmt":"2020-12-15T22:25:48","slug":"continuar","status":"publish","type":"page","link":"https:\/\/blogs.sld.cu\/fracturadecadera\/continuar\/","title":{"rendered":"continuar"},"content":{"rendered":"<p><span style=\"font-size: 12pt\"><img loading=\"lazy\" class=\"alignnone  wp-image-98 aligncenter\" src=\"http:\/\/blogs.sld.cu\/fracturadecadera\/files\/2020\/04\/ancianito.png\" alt=\"ancianito\" width=\"351\" height=\"233\" srcset=\"https:\/\/blogs.sld.cu\/fracturadecadera\/files\/2020\/04\/ancianito.png 468w, https:\/\/blogs.sld.cu\/fracturadecadera\/files\/2020\/04\/ancianito-300x199.png 300w, https:\/\/blogs.sld.cu\/fracturadecadera\/files\/2020\/04\/ancianito-250x166.png 250w\" sizes=\"(max-width: 351px) 100vw, 351px\" \/>\u00a0 \u00a0 \u00a0<img loading=\"lazy\" class=\" size-full wp-image-99 alignnone aligncenter\" src=\"http:\/\/blogs.sld.cu\/fracturadecadera\/files\/2020\/04\/ancian2.jpg\" alt=\"ancian2\" width=\"200\" height=\"140\" \/><\/span><\/p>\n<p><span style=\"font-size: 12pt\">Despu\u00e9s del alta hospitalaria, debe continuar realizando ejercicios fortalecedores para conservar lo ganado y prevenir nuevas ca\u00eddas, tomando las medidas oportunas. Tenga cuidado de no doblarse o levantar la rodilla por encima del nivel de la cadera. Se les ense\u00f1ar\u00e1 c\u00f3mo realizar tareas cotidianas sin poner en peligro su nueva cadera, por ejemplo:<\/span><\/p>\n<ul>\n<li><span style=\"font-size: 12pt\"><strong>El calzado:<\/strong> debe usar preferiblemente mocasines o calzado con velcro que facilita la colocaci\u00f3n y retiro del mismo sin necesidad de flexionar mucho la cadera.<\/span><\/li>\n<\/ul>\n<p><span style=\"font-size: 12pt\"><a href=\"http:\/\/blogs.sld.cu\/fracturadecadera\/142-2\/\">continuar<\/a><\/span><\/p>\n","protected":false},"excerpt":{"rendered":"<p>\u00a0 \u00a0 \u00a0 Despu\u00e9s del alta hospitalaria, debe continuar realizando ejercicios fortalecedores para conservar lo ganado y prevenir nuevas ca\u00eddas, tomando las medidas oportunas. Tenga cuidado de no doblarse o levantar la rodilla por encima del nivel de la cadera. Se les ense\u00f1ar\u00e1 c\u00f3mo realizar tareas cotidianas sin poner en peligro su nueva cadera, por [&hellip;]<\/p>\n","protected":false},"author":208,"featured_media":0,"parent":0,"menu_order":0,"comment_status":"closed","ping_status":"closed","template":"","meta":[],"_links":{"self":[{"href":"https:\/\/blogs.sld.cu\/fracturadecadera\/wp-json\/wp\/v2\/pages\/97"}],"collection":[{"href":"https:\/\/blogs.sld.cu\/fracturadecadera\/wp-json\/wp\/v2\/pages"}],"about":[{"href":"https:\/\/blogs.sld.cu\/fracturadecadera\/wp-json\/wp\/v2\/types\/page"}],"author":[{"embeddable":true,"href":"https:\/\/blogs.sld.cu\/fracturadecadera\/wp-json\/wp\/v2\/users\/208"}],"replies":[{"embeddable":true,"href":"https:\/\/blogs.sld.cu\/fracturadecadera\/wp-json\/wp\/v2\/comments?post=97"}],"version-history":[{"count":12,"href":"https:\/\/blogs.sld.cu\/fracturadecadera\/wp-json\/wp\/v2\/pages\/97\/revisions"}],"predecessor-version":[{"id":286,"href":"https:\/\/blogs.sld.cu\/fracturadecadera\/wp-json\/wp\/v2\/pages\/97\/revisions\/286"}],"wp:attachment":[{"href":"https:\/\/blogs.sld.cu\/fracturadecadera\/wp-json\/wp\/v2\/media?parent=97"}],"curies":[{"name":"wp","href":"https:\/\/api.w.org\/{rel}","templated":true}]}}