{"id":17,"date":"2021-03-09T00:43:08","date_gmt":"2021-03-09T00:43:08","guid":{"rendered":"http:\/\/blogs.sld.cu\/giardiasis\/?page_id=17"},"modified":"2021-10-13T18:55:23","modified_gmt":"2021-10-13T18:55:23","slug":"dr-angel-arturo-escobedo-carbonell","status":"publish","type":"page","link":"https:\/\/blogs.sld.cu\/giardiasis\/dr-angel-arturo-escobedo-carbonell\/","title":{"rendered":"Dr. \u00c1ngel Arturo Escobedo Carbonell"},"content":{"rendered":"<p><a href=\"http:\/\/blogs.sld.cu\/giardiasis\/files\/2021\/03\/0-06-angel-arturo-escobedo-carbonell2.jpg\"><img loading=\"lazy\" class=\" wp-image-18 alignleft\" src=\"http:\/\/blogs.sld.cu\/giardiasis\/files\/2021\/03\/0-06-angel-arturo-escobedo-carbonell2.jpg\" alt=\"\" width=\"201\" height=\"232\" srcset=\"https:\/\/blogs.sld.cu\/giardiasis\/files\/2021\/03\/0-06-angel-arturo-escobedo-carbonell2.jpg 398w, https:\/\/blogs.sld.cu\/giardiasis\/files\/2021\/03\/0-06-angel-arturo-escobedo-carbonell2-260x300.jpg 260w\" sizes=\"(max-width: 201px) 100vw, 201px\" \/><\/a>Dr. \u00c1ngel Arturo Escobedo Carbonell. Ex-Vice-Presidente de la Sociedad cubana de Microbiolog\u00eda y Parasitolog\u00eda. Especialista de 1ro. y 2do. grados en Microbiolog\u00eda. Master en Epidemiolog\u00eda. Master en Periodismo. Profesor auxiliar de la Universidad de Ciencias M\u00e9dicas de La Habana. Reconocido mundialmente como especialista en Giardiasis.<span style=\"font-size: 12pt; font-family: verdana, geneva;\"><br \/>\n<\/span><\/p>\n<p><span style=\"font-size: 12pt; font-family: verdana, geneva;\">\u00a0<\/span><\/p>\n<p>&nbsp;<\/p>\n<p>&nbsp;<\/p>\n<p>&nbsp;<\/p>\n<p>&nbsp;<\/p>\n<p>&nbsp;<\/p>\n<p>&nbsp;<\/p>\n<p>&nbsp;<\/p>\n<p>&nbsp;<\/p>\n<p>&nbsp;<\/p>\n<p>&nbsp;<\/p>\n<p>&nbsp;<\/p>\n<p>&nbsp;<\/p>\n<p>Dr<\/p>\n<p>&nbsp;<\/p>\n<p>&nbsp;<\/p>\n","protected":false},"excerpt":{"rendered":"<p>Dr. \u00c1ngel Arturo Escobedo Carbonell. Ex-Vice-Presidente de la Sociedad cubana de Microbiolog\u00eda y Parasitolog\u00eda. Especialista de 1ro. y 2do. grados en Microbiolog\u00eda. Master en Epidemiolog\u00eda. Master en Periodismo. Profesor auxiliar de la Universidad de Ciencias M\u00e9dicas de La Habana. Reconocido mundialmente como especialista en Giardiasis. \u00a0 &nbsp; &nbsp; &nbsp; &nbsp; &nbsp; &nbsp; &nbsp; &nbsp; &nbsp; [&hellip;]<\/p>\n","protected":false},"author":208,"featured_media":0,"parent":0,"menu_order":0,"comment_status":"closed","ping_status":"open","template":"","meta":[],"_links":{"self":[{"href":"https:\/\/blogs.sld.cu\/giardiasis\/wp-json\/wp\/v2\/pages\/17"}],"collection":[{"href":"https:\/\/blogs.sld.cu\/giardiasis\/wp-json\/wp\/v2\/pages"}],"about":[{"href":"https:\/\/blogs.sld.cu\/giardiasis\/wp-json\/wp\/v2\/types\/page"}],"author":[{"embeddable":true,"href":"https:\/\/blogs.sld.cu\/giardiasis\/wp-json\/wp\/v2\/users\/208"}],"replies":[{"embeddable":true,"href":"https:\/\/blogs.sld.cu\/giardiasis\/wp-json\/wp\/v2\/comments?post=17"}],"version-history":[{"count":6,"href":"https:\/\/blogs.sld.cu\/giardiasis\/wp-json\/wp\/v2\/pages\/17\/revisions"}],"predecessor-version":[{"id":188,"href":"https:\/\/blogs.sld.cu\/giardiasis\/wp-json\/wp\/v2\/pages\/17\/revisions\/188"}],"wp:attachment":[{"href":"https:\/\/blogs.sld.cu\/giardiasis\/wp-json\/wp\/v2\/media?parent=17"}],"curies":[{"name":"wp","href":"https:\/\/api.w.org\/{rel}","templated":true}]}}