{"id":36,"date":"2021-03-09T06:56:05","date_gmt":"2021-03-09T06:56:05","guid":{"rendered":"http:\/\/blogs.sld.cu\/giardiasis\/?page_id=36"},"modified":"2021-10-15T19:31:59","modified_gmt":"2021-10-15T19:31:59","slug":"acerca-de","status":"publish","type":"page","link":"https:\/\/blogs.sld.cu\/giardiasis\/acerca-de\/","title":{"rendered":"Acerca de"},"content":{"rendered":"<p>La <strong>giardiasis<\/strong> es una enfermedad causada por un protozoario, denominado <em><strong>Giardia intestinalis<\/strong><\/em> o <em><strong>Giardia lambia<\/strong><\/em>. Es un par\u00e1sito, unicelular, microsc\u00f3pico, flagelado y que cuando entra a trav\u00e9s de alimentos o agua contaminados, viaja por el sistema digestivo, y al llegar al intestino delgado, hace de este \u00f3rgano su casa, adhiri\u00e9ndose a la mucosa de la pared del \u00f3rgano.<\/p>\n<p>Muchas personas e inclusos sitios m\u00e9dicos, denominan a esta enfermedad Giardiasis, que hace referencia a la &#8220;Giardia&#8221;, que es el par\u00e1sito, pero la enfermedad por tratarse de una parasitosis, se denomina actualmente giardiosis.<\/p>\n<p>La Giardia es un contaminante com\u00fan del agua dulce, incluyendo muchos r\u00edos y lagos, aunque parezcan limpios. Los sistemas municipales de abastecimiento de aguas con filtraci\u00f3n inadecuada contribuyen a algunos brotes. La mayor\u00eda de las personas contrae la infecci\u00f3n al beber agua contaminada. Pero puede adquirirse la infecci\u00f3n al comer alimentos contaminados, o al tener contacto con las heces de una persona infectada, lo que ocurre con frecuencia entre ni\u00f1os o en parejas sexuales.<\/p>\n<p>La giardiasis es mucho m\u00e1s frecuente en:<\/p>\n<ul>\n<li>Los ni\u00f1os que van al circulo infantil<\/li>\n<li>Las personas que han viajado a pa\u00edses con giardiosis end\u00e9mica<\/li>\n<li>Los excursionistas que beben agua no tratada de r\u00edos y lagos<\/li>\n<li>Las personas que practican sexo oral-anal<\/li>\n<li>Las personas que nadan en piscinas contaminados<\/li>\n<\/ul>\n<p>La Giardia puede vivir en animales salvajes, y en animales dom\u00e9sticos como perros y gatos, lo que es una v\u00eda de infecci\u00f3n en los humanos. Mantener a los animales dom\u00e9sticos sanos, es una v\u00eda para mantener la salud de la familia.<span style=\"font-size: 12pt; font-family: verdana, geneva;\"><br \/>\n<\/span><\/p>\n<p><span style=\"font-size: 12pt; font-family: verdana, geneva;\">\u00a0<\/span><\/p>\n<p>&nbsp;<\/p>\n","protected":false},"excerpt":{"rendered":"<p>La giardiasis es una enfermedad causada por un protozoario, denominado Giardia intestinalis o Giardia lambia. Es un par\u00e1sito, unicelular, microsc\u00f3pico, flagelado y que cuando entra a trav\u00e9s de alimentos o agua contaminados, viaja por el sistema digestivo, y al llegar al intestino delgado, hace de este \u00f3rgano su casa, adhiri\u00e9ndose a la mucosa de la [&hellip;]<\/p>\n","protected":false},"author":208,"featured_media":0,"parent":0,"menu_order":0,"comment_status":"closed","ping_status":"open","template":"","meta":[],"_links":{"self":[{"href":"https:\/\/blogs.sld.cu\/giardiasis\/wp-json\/wp\/v2\/pages\/36"}],"collection":[{"href":"https:\/\/blogs.sld.cu\/giardiasis\/wp-json\/wp\/v2\/pages"}],"about":[{"href":"https:\/\/blogs.sld.cu\/giardiasis\/wp-json\/wp\/v2\/types\/page"}],"author":[{"embeddable":true,"href":"https:\/\/blogs.sld.cu\/giardiasis\/wp-json\/wp\/v2\/users\/208"}],"replies":[{"embeddable":true,"href":"https:\/\/blogs.sld.cu\/giardiasis\/wp-json\/wp\/v2\/comments?post=36"}],"version-history":[{"count":20,"href":"https:\/\/blogs.sld.cu\/giardiasis\/wp-json\/wp\/v2\/pages\/36\/revisions"}],"predecessor-version":[{"id":213,"href":"https:\/\/blogs.sld.cu\/giardiasis\/wp-json\/wp\/v2\/pages\/36\/revisions\/213"}],"wp:attachment":[{"href":"https:\/\/blogs.sld.cu\/giardiasis\/wp-json\/wp\/v2\/media?parent=36"}],"curies":[{"name":"wp","href":"https:\/\/api.w.org\/{rel}","templated":true}]}}