{"id":48,"date":"2021-03-09T07:26:22","date_gmt":"2021-03-09T07:26:22","guid":{"rendered":"http:\/\/blogs.sld.cu\/giardiasis\/?page_id=48"},"modified":"2021-10-13T19:40:34","modified_gmt":"2021-10-13T19:40:34","slug":"formas-de-presentacion","status":"publish","type":"page","link":"https:\/\/blogs.sld.cu\/giardiasis\/formas-de-presentacion\/","title":{"rendered":"S\u00edntomas\/Diagn\u00f3stico"},"content":{"rendered":"<p><strong>Principales formas de presentaci\u00f3n de la infecci\u00f3n por Giardia<\/strong><\/p>\n<p>A pesar de lo mucho que molesta a algunos, vale destacar que la mayor parte de las personas que tienen Giardia en sus intestinos, carecen de s\u00edntomas o las manifestaciones son tan ligeras que no superan el l\u00edmite de lo tolerable. Cuando se manifiestan molestias, las personas suelen quejarse de diarreas varias veces en el d\u00eda, de muy mal olor, abundantes en vol\u00famen y que pueden llevar a la deshidrataci\u00f3n. No es raro el dolor abdominal, el aumento de los gases intestinales, la p\u00e9rdida del apetito y disminuci\u00f3n del peso corporal. En los ni\u00f1os peque\u00f1os se ha observado retardo en el crecimiento y dificultades con el aprendizaje.<\/p>\n<p><a href=\"http:\/\/blogs.sld.cu\/giardiasis\/files\/2021\/10\/dolor-abdominal.jpg\"><img loading=\"lazy\" class=\"alignnone size-full wp-image-200\" src=\"http:\/\/blogs.sld.cu\/giardiasis\/files\/2021\/10\/dolor-abdominal.jpg\" alt=\"\" width=\"512\" height=\"256\" srcset=\"https:\/\/blogs.sld.cu\/giardiasis\/files\/2021\/10\/dolor-abdominal.jpg 512w, https:\/\/blogs.sld.cu\/giardiasis\/files\/2021\/10\/dolor-abdominal-300x150.jpg 300w, https:\/\/blogs.sld.cu\/giardiasis\/files\/2021\/10\/dolor-abdominal-250x125.jpg 250w\" sizes=\"(max-width: 512px) 100vw, 512px\" \/><\/a><\/p>\n<p>A pesar de que estas alteraciones son molestas y preocupantes, la giardiasis no es una enfermedad peligrosa.<\/p>\n<p><strong>Diagn\u00f3stico<\/strong><\/p>\n<p>Para poner en evidencia la presencia de Giardia en el intestino de una persona, el m\u00e9dico se auxilia de los datos cl\u00ednicos y an\u00e1lisis de laboratorio, especialmente el estudio de las materias fecales. Estas suelen ofrecer resultados negativos en ocasiones pues el par\u00e1sito no se expulsa diariamente, por lo que puede ser que su m\u00e9dico pida que lleve al laboratorio m\u00e1s de una muestra en d\u00edas alternos.<\/p>\n<p>Otros m\u00e9todos molestos como el aspirado del l\u00edquido del contenido duodenal, entre otros, se reservan para aquellas personas en quienes existe un elevado \u00edndice de sospecha y los ex\u00e1menes de las materias fecales resultaron negativos.<\/p>\n","protected":false},"excerpt":{"rendered":"<p>Principales formas de presentaci\u00f3n de la infecci\u00f3n por Giardia A pesar de lo mucho que molesta a algunos, vale destacar que la mayor parte de las personas que tienen Giardia en sus intestinos, carecen de s\u00edntomas o las manifestaciones son tan ligeras que no superan el l\u00edmite de lo tolerable. Cuando se manifiestan molestias, las [&hellip;]<\/p>\n","protected":false},"author":208,"featured_media":0,"parent":0,"menu_order":0,"comment_status":"closed","ping_status":"open","template":"","meta":[],"_links":{"self":[{"href":"https:\/\/blogs.sld.cu\/giardiasis\/wp-json\/wp\/v2\/pages\/48"}],"collection":[{"href":"https:\/\/blogs.sld.cu\/giardiasis\/wp-json\/wp\/v2\/pages"}],"about":[{"href":"https:\/\/blogs.sld.cu\/giardiasis\/wp-json\/wp\/v2\/types\/page"}],"author":[{"embeddable":true,"href":"https:\/\/blogs.sld.cu\/giardiasis\/wp-json\/wp\/v2\/users\/208"}],"replies":[{"embeddable":true,"href":"https:\/\/blogs.sld.cu\/giardiasis\/wp-json\/wp\/v2\/comments?post=48"}],"version-history":[{"count":10,"href":"https:\/\/blogs.sld.cu\/giardiasis\/wp-json\/wp\/v2\/pages\/48\/revisions"}],"predecessor-version":[{"id":201,"href":"https:\/\/blogs.sld.cu\/giardiasis\/wp-json\/wp\/v2\/pages\/48\/revisions\/201"}],"wp:attachment":[{"href":"https:\/\/blogs.sld.cu\/giardiasis\/wp-json\/wp\/v2\/media?parent=48"}],"curies":[{"name":"wp","href":"https:\/\/api.w.org\/{rel}","templated":true}]}}