{"id":53,"date":"2021-03-09T07:38:14","date_gmt":"2021-03-09T07:38:14","guid":{"rendered":"http:\/\/blogs.sld.cu\/giardiasis\/?page_id=53"},"modified":"2021-10-13T19:43:15","modified_gmt":"2021-10-13T19:43:15","slug":"la-giardia-en-la-naturaleza","status":"publish","type":"page","link":"https:\/\/blogs.sld.cu\/giardiasis\/la-giardia-en-la-naturaleza\/","title":{"rendered":"La Giardia en la naturaleza"},"content":{"rendered":"<p><strong>Formas en que el par\u00e1sito vive en la naturaleza<\/strong><\/p>\n<p>La Giardia tiene dos formas de vida: el trofozoito y el quiste. El trofozoito, es la forma en que el par\u00e1sito vive en el interior del humano y hace da\u00f1o. El par\u00e1sito, como todo ser vivo, intenta protegerse de las agresiones. Si saliera al exterior en forma de trofozoito, morir\u00eda en poco tiempo por lo adverso que suele ser el medio. Por eso, al enquistarse, se hace rodear de una capa gruesa que le permite resistir y sobrevivir por largo tiempo ante los cambios de temperatura y las cantidades normales de cloro que se adicionan al agua de consumo humano. Es as\u00ed que el quiste no es m\u00e1s que la forma en que el par\u00e1sito sale al exterior y queda a la espera de una nueva v\u00edctima, a la cual llega por medio de agua y alimentos, fundamentalmente.<\/p>\n<p><strong>Ciclo de vida de la Giardia<\/strong><\/p>\n<p><a href=\"http:\/\/blogs.sld.cu\/giardiasis\/files\/2021\/10\/Giardiasis-ciclo-de-vida.jpg\"><img loading=\"lazy\" class=\"alignnone  wp-image-205\" src=\"http:\/\/blogs.sld.cu\/giardiasis\/files\/2021\/10\/Giardiasis-ciclo-de-vida.jpg\" alt=\"\" width=\"392\" height=\"327\" srcset=\"https:\/\/blogs.sld.cu\/giardiasis\/files\/2021\/10\/Giardiasis-ciclo-de-vida.jpg 722w, https:\/\/blogs.sld.cu\/giardiasis\/files\/2021\/10\/Giardiasis-ciclo-de-vida-300x250.jpg 300w, https:\/\/blogs.sld.cu\/giardiasis\/files\/2021\/10\/Giardiasis-ciclo-de-vida-250x208.jpg 250w\" sizes=\"(max-width: 392px) 100vw, 392px\" \/><\/a><\/p>\n","protected":false},"excerpt":{"rendered":"<p>Formas en que el par\u00e1sito vive en la naturaleza La Giardia tiene dos formas de vida: el trofozoito y el quiste. El trofozoito, es la forma en que el par\u00e1sito vive en el interior del humano y hace da\u00f1o. El par\u00e1sito, como todo ser vivo, intenta protegerse de las agresiones. Si saliera al exterior en [&hellip;]<\/p>\n","protected":false},"author":208,"featured_media":0,"parent":0,"menu_order":0,"comment_status":"closed","ping_status":"open","template":"","meta":[],"_links":{"self":[{"href":"https:\/\/blogs.sld.cu\/giardiasis\/wp-json\/wp\/v2\/pages\/53"}],"collection":[{"href":"https:\/\/blogs.sld.cu\/giardiasis\/wp-json\/wp\/v2\/pages"}],"about":[{"href":"https:\/\/blogs.sld.cu\/giardiasis\/wp-json\/wp\/v2\/types\/page"}],"author":[{"embeddable":true,"href":"https:\/\/blogs.sld.cu\/giardiasis\/wp-json\/wp\/v2\/users\/208"}],"replies":[{"embeddable":true,"href":"https:\/\/blogs.sld.cu\/giardiasis\/wp-json\/wp\/v2\/comments?post=53"}],"version-history":[{"count":13,"href":"https:\/\/blogs.sld.cu\/giardiasis\/wp-json\/wp\/v2\/pages\/53\/revisions"}],"predecessor-version":[{"id":206,"href":"https:\/\/blogs.sld.cu\/giardiasis\/wp-json\/wp\/v2\/pages\/53\/revisions\/206"}],"wp:attachment":[{"href":"https:\/\/blogs.sld.cu\/giardiasis\/wp-json\/wp\/v2\/media?parent=53"}],"curies":[{"name":"wp","href":"https:\/\/api.w.org\/{rel}","templated":true}]}}