{"id":58,"date":"2021-03-09T07:47:18","date_gmt":"2021-03-09T07:47:18","guid":{"rendered":"http:\/\/blogs.sld.cu\/giardiasis\/?page_id=58"},"modified":"2021-10-15T19:09:26","modified_gmt":"2021-10-15T19:09:26","slug":"tratamientoreinfecciones","status":"publish","type":"page","link":"https:\/\/blogs.sld.cu\/giardiasis\/tratamientoreinfecciones\/","title":{"rendered":"Tratamiento\/Reinfecciones"},"content":{"rendered":"<p>Una vez identificada la presencia de este par\u00e1sito en una persona, el tratamiento es muy sencillo de llevar y en pocos d\u00edas la persona puede quedar curada. El tratamiento debe ser indicado por un m\u00e9dico.<\/p>\n<p>Los medicamentos m\u00e1s comunes para curar la Giardiasis son:<\/p>\n<ul>\n<li><em>Metronidazol<\/em><\/li>\n<li><em>Secnidazol<\/em><\/li>\n<\/ul>\n<p>Sin embargo, si no se cumplen las <a href=\"https:\/\/blogs.sld.cu\/giardiasis\/medidas-preventivas\/\" target=\"_blank\" rel=\"noopener\">medidas higi\u00e9nicas necesarias para la prevenci\u00f3n<\/a>, es posible que la persona se reinfecte y pueda padecer s\u00edntomas similares en un breve periodo.<\/p>\n","protected":false},"excerpt":{"rendered":"<p>Una vez identificada la presencia de este par\u00e1sito en una persona, el tratamiento es muy sencillo de llevar y en pocos d\u00edas la persona puede quedar curada. El tratamiento debe ser indicado por un m\u00e9dico. Los medicamentos m\u00e1s comunes para curar la Giardiasis son: Metronidazol Secnidazol Sin embargo, si no se cumplen las medidas higi\u00e9nicas [&hellip;]<\/p>\n","protected":false},"author":208,"featured_media":0,"parent":0,"menu_order":0,"comment_status":"closed","ping_status":"open","template":"","meta":[],"_links":{"self":[{"href":"https:\/\/blogs.sld.cu\/giardiasis\/wp-json\/wp\/v2\/pages\/58"}],"collection":[{"href":"https:\/\/blogs.sld.cu\/giardiasis\/wp-json\/wp\/v2\/pages"}],"about":[{"href":"https:\/\/blogs.sld.cu\/giardiasis\/wp-json\/wp\/v2\/types\/page"}],"author":[{"embeddable":true,"href":"https:\/\/blogs.sld.cu\/giardiasis\/wp-json\/wp\/v2\/users\/208"}],"replies":[{"embeddable":true,"href":"https:\/\/blogs.sld.cu\/giardiasis\/wp-json\/wp\/v2\/comments?post=58"}],"version-history":[{"count":12,"href":"https:\/\/blogs.sld.cu\/giardiasis\/wp-json\/wp\/v2\/pages\/58\/revisions"}],"predecessor-version":[{"id":212,"href":"https:\/\/blogs.sld.cu\/giardiasis\/wp-json\/wp\/v2\/pages\/58\/revisions\/212"}],"wp:attachment":[{"href":"https:\/\/blogs.sld.cu\/giardiasis\/wp-json\/wp\/v2\/media?parent=58"}],"curies":[{"name":"wp","href":"https:\/\/api.w.org\/{rel}","templated":true}]}}