{"id":17,"date":"2020-02-20T18:21:32","date_gmt":"2020-02-20T18:21:32","guid":{"rendered":"http:\/\/blogs.sld.cu\/glaucoma\/?page_id=17"},"modified":"2021-02-20T05:06:33","modified_gmt":"2021-02-20T05:06:33","slug":"glosario","status":"publish","type":"page","link":"https:\/\/blogs.sld.cu\/glaucoma\/glosario\/","title":{"rendered":"Glosario"},"content":{"rendered":"<p><span style=\"color: #0061ad\"><strong>Papila:<\/strong> <\/span>parte anterior del nervio \u00f3ptico, tambi\u00e9n podemos decir &#8220;cabeza del nervio \u00f3ptico&#8221;.<\/p>\n<p><strong><span style=\"color: #0061ad\">C\u00e1mara anterior:<\/span> <\/strong>espacio limitado por la superficie corneal posterior (c\u00f3ncava) y la superficie anterior del iris (plana).<\/p>\n<p><strong><span style=\"color: #0061ad\">Humor acuoso:<\/span> <\/strong>l\u00edquido transparente e incoloro que ocupa la c\u00e1mara anterior.<\/p>\n<p><span style=\"color: #0061ad\"><strong>Campo visual:<\/strong><\/span> espacio que abarca nuestra visi\u00f3n.<\/p>\n<p><strong><span style=\"color: #0061ad\">PIO:<\/span><\/strong> presi\u00f3n intraocular.<\/p>\n<p><strong><span style=\"color: #0061ad\">\u00c1ngulo iridocorneal:<\/span> <\/strong>\u00e1ngulo que se forma en la perisferia en la uni\u00f3n del iris con la c\u00f3rnea.<\/p>\n<p><strong><span style=\"color: #0061ad\">Iridotom\u00eda:<\/span> <\/strong>orificio que se realiza en el iris con l\u00e1ser.<\/p>\n<p><strong><span style=\"color: #0061ad\">Tonometr\u00eda:<\/span><\/strong> medida de la presi\u00f3n intraocular.<\/p>\n<h4 style=\"text-align: left\"><span style=\"font-size: 12pt;color: #0061ad\"><a style=\"color: #0061ad\" href=\"http:\/\/glosario.sld.cu\/multilingue\/\" target=\"_blank\">Glosario multiling\u00fce de t\u00e9rminos m\u00e9dicos<\/a><\/span><\/h4>\n","protected":false},"excerpt":{"rendered":"<p>Papila: parte anterior del nervio \u00f3ptico, tambi\u00e9n podemos decir &#8220;cabeza del nervio \u00f3ptico&#8221;. C\u00e1mara anterior: espacio limitado por la superficie corneal posterior (c\u00f3ncava) y la superficie anterior del iris (plana). Humor acuoso: l\u00edquido transparente e incoloro que ocupa la c\u00e1mara anterior. Campo visual: espacio que abarca nuestra visi\u00f3n. PIO: presi\u00f3n intraocular. \u00c1ngulo iridocorneal: \u00e1ngulo que [&hellip;]<\/p>\n","protected":false},"author":127,"featured_media":0,"parent":0,"menu_order":0,"comment_status":"closed","ping_status":"closed","template":"","meta":[],"_links":{"self":[{"href":"https:\/\/blogs.sld.cu\/glaucoma\/wp-json\/wp\/v2\/pages\/17"}],"collection":[{"href":"https:\/\/blogs.sld.cu\/glaucoma\/wp-json\/wp\/v2\/pages"}],"about":[{"href":"https:\/\/blogs.sld.cu\/glaucoma\/wp-json\/wp\/v2\/types\/page"}],"author":[{"embeddable":true,"href":"https:\/\/blogs.sld.cu\/glaucoma\/wp-json\/wp\/v2\/users\/127"}],"replies":[{"embeddable":true,"href":"https:\/\/blogs.sld.cu\/glaucoma\/wp-json\/wp\/v2\/comments?post=17"}],"version-history":[{"count":10,"href":"https:\/\/blogs.sld.cu\/glaucoma\/wp-json\/wp\/v2\/pages\/17\/revisions"}],"predecessor-version":[{"id":377,"href":"https:\/\/blogs.sld.cu\/glaucoma\/wp-json\/wp\/v2\/pages\/17\/revisions\/377"}],"wp:attachment":[{"href":"https:\/\/blogs.sld.cu\/glaucoma\/wp-json\/wp\/v2\/media?parent=17"}],"curies":[{"name":"wp","href":"https:\/\/api.w.org\/{rel}","templated":true}]}}