{"id":186,"date":"2020-03-17T20:46:22","date_gmt":"2020-03-17T20:46:22","guid":{"rendered":"http:\/\/blogs.sld.cu\/glaucoma\/?page_id=186"},"modified":"2021-02-21T22:48:08","modified_gmt":"2021-02-21T22:48:08","slug":"186-2","status":"publish","type":"page","link":"https:\/\/blogs.sld.cu\/glaucoma\/186-2\/","title":{"rendered":""},"content":{"rendered":"<p><span style=\"color: #0061ad;font-size: 10pt;font-family: verdana, geneva\">\u00bfC\u00f3mo afecta el glaucoma de \u00e1ngulo abierto al nervio \u00f3ptico?<\/span><\/p>\n<p style=\"text-align: left\"><span style=\"font-size: 10pt;font-family: verdana, geneva\">En la parte delantera del ojo existe un espacio llamado c\u00e1mara anterior. Un l\u00edquido claro entra y sale continuamente de este espacio, alimentando los tejidos a su alrededor. El l\u00edquido sale de la c\u00e1mara anterior a trav\u00e9s del \u00e1ngulo abierto donde se unen la c\u00f3rnea y el iris (vea el diagrama a continuaci\u00f3n).<a href=\"http:\/\/blogs.sld.cu\/glaucoma\/files\/2020\/02\/Imagen-21.jpg\"><img loading=\"lazy\" class=\"aligncenter wp-image-111 size-medium\" src=\"http:\/\/blogs.sld.cu\/glaucoma\/files\/2020\/02\/Imagen-21-300x279.jpg\" alt=\"Imagen 2\" width=\"300\" height=\"279\" srcset=\"https:\/\/blogs.sld.cu\/glaucoma\/files\/2020\/02\/Imagen-21-300x279.jpg 300w, https:\/\/blogs.sld.cu\/glaucoma\/files\/2020\/02\/Imagen-21-250x232.jpg 250w, https:\/\/blogs.sld.cu\/glaucoma\/files\/2020\/02\/Imagen-21.jpg 765w\" sizes=\"(max-width: 300px) 100vw, 300px\" \/><\/a><\/span><\/p>\n<p><span style=\"font-family: verdana, geneva;font-size: 10pt\">Cuando el l\u00edquido llega al \u00e1ngulo fluye a trav\u00e9s de una red o malla esponjosa, parecida a un colador, y entonces sale del ojo. A veces, cuando el l\u00edquido llega al \u00e1ngulo, pasa muy lentamente a trav\u00e9s de esta malla esponjosa. Al acumularse este l\u00edquido, la presi\u00f3n dentro del ojo aumenta hasta llegar a un nivel en que puede da\u00f1ar al nervio \u00f3ptico. Cuando el nervio \u00f3ptico se da\u00f1a por el aumento de la presi\u00f3n, puede causar glaucoma de \u00e1ngulo abierto y alguna p\u00e9rdida de visi\u00f3n. Por eso es importante controlar la presi\u00f3n dentro de los ojos.<\/span><\/p>\n<p><span style=\"color: #0061ad;font-family: verdana, geneva;font-size: 10pt\">Si tengo elevada la presi\u00f3n del ojo, \u00bfsignifica que tengo glaucoma?<\/span><\/p>\n<p><span style=\"font-family: verdana, geneva;font-size: 10pt\">No necesariamente. La presi\u00f3n elevada dentro del ojo significa que tiene el riesgo de desarrollar glaucoma pero no significa que tenga la enfermedad. Una persona solamente tiene glaucoma si tiene da\u00f1o en el nervio \u00f3ptico. Si usted tiene elevada la presi\u00f3n del ojo, pero no tiene da\u00f1o en el nervio \u00f3ptico, usted no tiene glaucoma. Sin embargo, usted corre el riesgo de desarrollarlo. Aseg\u00farese de seguir los consejos del oftalm\u00f3logo.<\/span><\/p>\n<p><span style=\"color: #0061ad;font-family: verdana, geneva;font-size: 10pt\">\u00bfPuedo desarrollar glaucoma si tengo elevada la presi\u00f3n del ojo?<br \/>\n<\/span><br \/>\n<span style=\"font-family: verdana, geneva;font-size: 10pt\"> No todas las personas que tienen la presi\u00f3n elevada del ojo desarrollan glaucoma. Algunas personas pueden tolerar la presi\u00f3n elevada en sus ojos mejor que otras. Determinado nivel de presi\u00f3n puede ser alta para una persona pero normal para otra.<\/span><br \/>\n<span style=\"font-family: verdana, geneva;font-size: 10pt\"> El que usted desarrolle glaucoma depender\u00e1 del nivel de presi\u00f3n que su nervio \u00f3ptico pueda resistir sin que se da\u00f1e. Este nivel es diferente para cada persona. Por eso es muy importante que se haga un examen completo de los ojos con dilataci\u00f3n de las pupilas. Esto puede ayudar a su oftalm\u00f3logo a determinar cu\u00e1l es el nivel de presi\u00f3n normal para usted.<\/span><\/p>\n<p><span style=\"color: #0061ad;font-family: verdana, geneva;font-size: 10pt\">\u00bfPuedo desarrollar glaucoma sin que aumente la presi\u00f3n de mis ojos?<br \/>\n<\/span><br \/>\n<span style=\"font-family: verdana, geneva;font-size: 10pt\"> S\u00ed. El glaucoma se puede desarrollar sin que aumente la presi\u00f3n dentro de los ojos. Este tipo de glaucoma se llama glaucoma de baja tensi\u00f3n o de tensi\u00f3n normal. No es tan com\u00fan como el glaucoma de \u00e1ngulo abierto.<\/span><\/p>\n<p><span style=\"color: #0061ad;font-family: verdana, geneva;font-size: 10pt\">\u00bfQui\u00e9n corre el riesgo de desarrollar glaucoma de \u00e1ngulo abierto?<br \/>\n<\/span><br \/>\n<span style=\"font-family: verdana, geneva;font-size: 10pt\"> Cualquier persona puede desarrollar glaucoma, pero algunas personas corren m\u00e1s riesgo que otras. Estas personas incluyen:<\/span><br \/>\n<span style=\"font-family: verdana, geneva;font-size: 10pt\"> \u2022 Los de raza negra y descendientes, mayores de 40 a\u00f1os.<\/span><br \/>\n<span style=\"font-family: verdana, geneva;font-size: 10pt\"> \u2022 Todas las personas mayores de 60 a\u00f1os.<\/span><br \/>\n<span style=\"font-family: verdana, geneva;font-size: 10pt\"> \u2022 Las personas con familiares que han tenido glaucoma.<\/span><\/p>\n<p><span style=\"font-family: verdana, geneva;font-size: 10pt\">Un examen completo de los ojos con dilataci\u00f3n de las pupilas puede revelar otros factores de riesgo, por ejemplo, si tiene la presi\u00f3n del ojo elevada, si la c\u00f3rnea est\u00e1 muy fina, o si el nervio \u00f3ptico es anormal. Para algunas personas que tienen ciertas combinaciones de estos factores de riesgo, la medicina en forma de gotas para los ojos reduce casi a la mitad el riesgo de desarrollar glaucoma.<\/span><\/p>\n<p><span style=\"font-family: verdana, geneva;font-size: 10pt\"><a href=\"http:\/\/blogs.sld.cu\/glaucoma\/214-2\/\">Continuar<\/a><\/span><\/p>\n","protected":false},"excerpt":{"rendered":"<p>\u00bfC\u00f3mo afecta el glaucoma de \u00e1ngulo abierto al nervio \u00f3ptico? En la parte delantera del ojo existe un espacio llamado c\u00e1mara anterior. Un l\u00edquido claro entra y sale continuamente de este espacio, alimentando los tejidos a su alrededor. El l\u00edquido sale de la c\u00e1mara anterior a trav\u00e9s del \u00e1ngulo abierto donde se unen la c\u00f3rnea [&hellip;]<\/p>\n","protected":false},"author":208,"featured_media":0,"parent":0,"menu_order":0,"comment_status":"closed","ping_status":"closed","template":"","meta":[],"_links":{"self":[{"href":"https:\/\/blogs.sld.cu\/glaucoma\/wp-json\/wp\/v2\/pages\/186"}],"collection":[{"href":"https:\/\/blogs.sld.cu\/glaucoma\/wp-json\/wp\/v2\/pages"}],"about":[{"href":"https:\/\/blogs.sld.cu\/glaucoma\/wp-json\/wp\/v2\/types\/page"}],"author":[{"embeddable":true,"href":"https:\/\/blogs.sld.cu\/glaucoma\/wp-json\/wp\/v2\/users\/208"}],"replies":[{"embeddable":true,"href":"https:\/\/blogs.sld.cu\/glaucoma\/wp-json\/wp\/v2\/comments?post=186"}],"version-history":[{"count":16,"href":"https:\/\/blogs.sld.cu\/glaucoma\/wp-json\/wp\/v2\/pages\/186\/revisions"}],"predecessor-version":[{"id":414,"href":"https:\/\/blogs.sld.cu\/glaucoma\/wp-json\/wp\/v2\/pages\/186\/revisions\/414"}],"wp:attachment":[{"href":"https:\/\/blogs.sld.cu\/glaucoma\/wp-json\/wp\/v2\/media?parent=186"}],"curies":[{"name":"wp","href":"https:\/\/api.w.org\/{rel}","templated":true}]}}