{"id":2,"date":"2020-02-20T16:27:24","date_gmt":"2020-02-20T16:27:24","guid":{"rendered":"http:\/\/blogs.sld.cu\/glaucoma\/?page_id=2"},"modified":"2021-02-20T05:58:12","modified_gmt":"2021-02-20T05:58:12","slug":"pagina-ejemplo","status":"publish","type":"page","link":"https:\/\/blogs.sld.cu\/glaucoma\/pagina-ejemplo\/","title":{"rendered":"Recursos"},"content":{"rendered":"<p>En este espacio podr\u00e1 encontrar v\u00ednculos a otros sitios de inter\u00e9s, relacionados con el tema Glaucoma:<\/p>\n<p><strong><span style=\"color: #000000\">Para pacientes (En espa\u00f1ol)<\/span><\/strong><\/p>\n<p><a href=\"https:\/\/www.mayoclinic.org\/es-es\/diseases-conditions\/glaucoma\/symptoms-causes\/syc-20372839\" target=\"_blank\">Glaucoma. Cl\u00ednica Mayo<\/a><\/p>\n<p><a href=\"https:\/\/www.fesemi.org\/informacion-pacientes\/conozca-mejor-su-enfermedad\/glaucoma\" target=\"_blank\">SEMI Buscador de Enfermedades<\/a><\/p>\n<p><a href=\"https:\/\/www.nei.nih.gov\/learn-about-eye-health\/en-espanol\/el-glaucoma\" target=\"_blank\">National Eye Institute <\/a><\/p>\n<p><a href=\"https:\/\/medlineplus.gov\/spanish\/glaucoma.html\" target=\"_blank\">Glaucoma. MedLinePlus<\/a><\/p>\n<p><strong><span style=\"color: #000000\">Otros sitios especializados<\/span><\/strong><\/p>\n<p><a href=\"http:\/\/especialidades.sld.cu\/oftalmologia\/\" target=\"_blank\">Portal de Oftalmolog\u00eda en Cuba<\/a><\/p>\n<p><a href=\"https:\/\/blogs.sld.cu\/elierortiz\/\" target=\"_blank\">Temas de Glaucoma<\/a><\/p>\n<p><a href=\"https:\/\/temas.sld.cu\/glaucoma\/\" target=\"_blank\">Sitio de Glaucoma en Cuba<\/a><\/p>\n<p><a href=\"http:\/\/www.lighthouse.org\" target=\"_blank\">Lighthouse International<\/a><\/p>\n<p><a href=\"https:\/\/www.aao.org\/annual-meeting\/lasvegas\" target=\"_blank\">American Academy of Ophthalmology<\/a><\/p>\n<p><a href=\"https:\/\/www.aoa.org\/patients-and-public\/eye-and-vision-problems\/glossary-of-eye-and-vision-conditions\/glaucoma\" target=\"_blank\">American Optometric Association<\/a><\/p>\n","protected":false},"excerpt":{"rendered":"<p>En este espacio podr\u00e1 encontrar v\u00ednculos a otros sitios de inter\u00e9s, relacionados con el tema Glaucoma: Para pacientes (En espa\u00f1ol) Glaucoma. Cl\u00ednica Mayo SEMI Buscador de Enfermedades National Eye Institute Glaucoma. MedLinePlus Otros sitios especializados Portal de Oftalmolog\u00eda en Cuba Temas de Glaucoma Sitio de Glaucoma en Cuba Lighthouse International American Academy of Ophthalmology American [&hellip;]<\/p>\n","protected":false},"author":127,"featured_media":0,"parent":0,"menu_order":0,"comment_status":"closed","ping_status":"closed","template":"","meta":[],"_links":{"self":[{"href":"https:\/\/blogs.sld.cu\/glaucoma\/wp-json\/wp\/v2\/pages\/2"}],"collection":[{"href":"https:\/\/blogs.sld.cu\/glaucoma\/wp-json\/wp\/v2\/pages"}],"about":[{"href":"https:\/\/blogs.sld.cu\/glaucoma\/wp-json\/wp\/v2\/types\/page"}],"author":[{"embeddable":true,"href":"https:\/\/blogs.sld.cu\/glaucoma\/wp-json\/wp\/v2\/users\/127"}],"replies":[{"embeddable":true,"href":"https:\/\/blogs.sld.cu\/glaucoma\/wp-json\/wp\/v2\/comments?post=2"}],"version-history":[{"count":20,"href":"https:\/\/blogs.sld.cu\/glaucoma\/wp-json\/wp\/v2\/pages\/2\/revisions"}],"predecessor-version":[{"id":402,"href":"https:\/\/blogs.sld.cu\/glaucoma\/wp-json\/wp\/v2\/pages\/2\/revisions\/402"}],"wp:attachment":[{"href":"https:\/\/blogs.sld.cu\/glaucoma\/wp-json\/wp\/v2\/media?parent=2"}],"curies":[{"name":"wp","href":"https:\/\/api.w.org\/{rel}","templated":true}]}}