{"id":209,"date":"2020-03-19T06:22:31","date_gmt":"2020-03-19T06:22:31","guid":{"rendered":"http:\/\/blogs.sld.cu\/glaucoma\/?page_id=209"},"modified":"2021-02-21T22:49:01","modified_gmt":"2021-02-21T22:49:01","slug":"209-2","status":"publish","type":"page","link":"https:\/\/blogs.sld.cu\/glaucoma\/209-2\/","title":{"rendered":""},"content":{"rendered":"<p><span style=\"color: #0061ad;font-family: verdana, geneva;font-size: 10pt\">Glaucoma de \u00e1ngulo cerrado<\/span><\/p>\n<p><span style=\"font-family: verdana, geneva;font-size: 10pt\">Se trata de una enfermedad producida por un aumento brusco y muy importante de la presi\u00f3n ocular. Causa enrojecimiento y dolor en el ojo, as\u00ed como dolor de cabeza y en ocasiones n\u00e1useas y v\u00f3mitos.<\/span><\/p>\n<p><span style=\"font-family: verdana, geneva;font-size: 10pt\">Un episodio aislado de aumento de presi\u00f3n ocular puede que no tenga consecuencias graves, pero cuando se producen episodios repetidos, las consecuencias s\u00ed pueden serlo, llegando incluso a la ceguera, ya que el aumento de presi\u00f3n mantenido provoca da\u00f1os en el nervio \u00f3ptico.<\/span><\/p>\n<p><span style=\"color: #0061ad;font-family: verdana, geneva;font-size: 10pt\">Glaucoma de tensi\u00f3n normal o tensi\u00f3n baja<\/span><\/p>\n<p><span style=\"font-family: verdana, geneva;font-size: 10pt\">Se trata de un tipo de glaucoma que se produce cuando la presi\u00f3n intraocular est\u00e1 en los niveles normales (por debajo de los 21 mmHg), pero aun as\u00ed las fibras del nervio \u00f3ptico manifiestan da\u00f1os y se produce p\u00e9rdida del campo visual.<\/span><\/p>\n<p><span style=\"color: #0061ad;font-family: verdana, geneva;font-size: 10pt\">Glaucoma cong\u00e9nito y\/o infantil<\/span><\/p>\n<p><span style=\"font-family: verdana, geneva;font-size: 10pt\">Este tipo de glaucoma tiene uno de los pron\u00f3sticos m\u00e1s graves por su inicio a edades m\u00e1s tempranas. Su frecuencia es baja, ya que se debe a defectos anat\u00f3micos cong\u00e9nitos con base gen\u00e9tica.<\/span><\/p>\n<p><span style=\"color: #0061ad;font-family: verdana, geneva;font-size: 10pt\">Glaucoma secundario<\/span><\/p>\n<p><span style=\"font-family: verdana, geneva;font-size: 10pt\">Son aquellos glaucomas que han sido originados por otra enfermedad como, por ejemplo, la retinopat\u00eda diab\u00e9tica proliferativa (glaucoma neovascular), la catarata hipermadura de larga evoluci\u00f3n (glaucoma facom\u00f3rfico\/facol\u00edtico) o un traumatismo contuso severo sobre el globo (glaucoma traum\u00e1tico).<\/span><\/p>\n<p><span style=\"color: #0061ad;font-family: verdana, geneva;font-size: 10pt\"><a style=\"color: #0061ad\" href=\"http:\/\/blogs.sld.cu\/glaucoma\/186-2\/\">Continuar<\/a><\/span><\/p>\n","protected":false},"excerpt":{"rendered":"<p>Glaucoma de \u00e1ngulo cerrado Se trata de una enfermedad producida por un aumento brusco y muy importante de la presi\u00f3n ocular. Causa enrojecimiento y dolor en el ojo, as\u00ed como dolor de cabeza y en ocasiones n\u00e1useas y v\u00f3mitos. Un episodio aislado de aumento de presi\u00f3n ocular puede que no tenga consecuencias graves, pero cuando [&hellip;]<\/p>\n","protected":false},"author":208,"featured_media":0,"parent":0,"menu_order":0,"comment_status":"closed","ping_status":"closed","template":"","meta":[],"_links":{"self":[{"href":"https:\/\/blogs.sld.cu\/glaucoma\/wp-json\/wp\/v2\/pages\/209"}],"collection":[{"href":"https:\/\/blogs.sld.cu\/glaucoma\/wp-json\/wp\/v2\/pages"}],"about":[{"href":"https:\/\/blogs.sld.cu\/glaucoma\/wp-json\/wp\/v2\/types\/page"}],"author":[{"embeddable":true,"href":"https:\/\/blogs.sld.cu\/glaucoma\/wp-json\/wp\/v2\/users\/208"}],"replies":[{"embeddable":true,"href":"https:\/\/blogs.sld.cu\/glaucoma\/wp-json\/wp\/v2\/comments?post=209"}],"version-history":[{"count":8,"href":"https:\/\/blogs.sld.cu\/glaucoma\/wp-json\/wp\/v2\/pages\/209\/revisions"}],"predecessor-version":[{"id":415,"href":"https:\/\/blogs.sld.cu\/glaucoma\/wp-json\/wp\/v2\/pages\/209\/revisions\/415"}],"wp:attachment":[{"href":"https:\/\/blogs.sld.cu\/glaucoma\/wp-json\/wp\/v2\/media?parent=209"}],"curies":[{"name":"wp","href":"https:\/\/api.w.org\/{rel}","templated":true}]}}