{"id":214,"date":"2020-03-19T06:35:19","date_gmt":"2020-03-19T06:35:19","guid":{"rendered":"http:\/\/blogs.sld.cu\/glaucoma\/?page_id=214"},"modified":"2021-02-20T05:39:58","modified_gmt":"2021-02-20T05:39:58","slug":"214-2","status":"publish","type":"page","link":"https:\/\/blogs.sld.cu\/glaucoma\/214-2\/","title":{"rendered":""},"content":{"rendered":"<p><span style=\"color: #0061ad\">\u00bfCu\u00e1les son los s\u00edntomas del glaucoma?<\/span><br \/>\nAl principio, el glaucoma de \u00e1ngulo abierto no tiene s\u00edntomas. No causa dolor y la visi\u00f3n se mantiene normal.<br \/>\nPero si el glaucoma no es atendido, las personas empiezan a notar que ya no ven como antes.<\/p>\n<p>Sin tratamiento, las personas con glaucoma pierden lentamente su visi\u00f3n lateral (perif\u00e9rica). Es como si estuvieran viendo a trav\u00e9s de un t\u00fanel.<\/p>\n<p>Con el tiempo, la visi\u00f3n central (hacia al frente) tambi\u00e9n puede disminuir hasta que se pierde por completo (Observe la forma de como se afecta el campo de visi\u00f3n, en las fotos inferiores a este texto).<br \/>\nEl glaucoma se puede desarrollar en un ojo o en ambos.<\/p>\n<p style=\"text-align: justify\"><span style=\"font-size: 12pt\"><a href=\"http:\/\/blogs.sld.cu\/glaucoma\/files\/2020\/02\/Imagen-4-e1583273457551.jpg\"><img loading=\"lazy\" class=\"alignleft wp-image-102\" src=\"http:\/\/blogs.sld.cu\/glaucoma\/files\/2020\/02\/Imagen-4-150x150.jpg\" alt=\"???????????????????\" width=\"145\" height=\"118\" \/><\/a><a href=\"http:\/\/blogs.sld.cu\/glaucoma\/files\/2020\/02\/Imagen-5.jpg\"><img loading=\"lazy\" class=\" wp-image-103 alignnone\" src=\"http:\/\/blogs.sld.cu\/glaucoma\/files\/2020\/02\/Imagen-5-300x245.jpg\" alt=\"???????????????????\" width=\"145\" height=\"118\" srcset=\"https:\/\/blogs.sld.cu\/glaucoma\/files\/2020\/02\/Imagen-5-300x245.jpg 300w, https:\/\/blogs.sld.cu\/glaucoma\/files\/2020\/02\/Imagen-5-250x204.jpg 250w, https:\/\/blogs.sld.cu\/glaucoma\/files\/2020\/02\/Imagen-5.jpg 636w\" sizes=\"(max-width: 145px) 100vw, 145px\" \/><\/a><a href=\"http:\/\/blogs.sld.cu\/glaucoma\/files\/2020\/02\/Imagen-6.jpg\"><img loading=\"lazy\" class=\" wp-image-104 alignnone\" src=\"http:\/\/blogs.sld.cu\/glaucoma\/files\/2020\/02\/Imagen-6-300x245.jpg\" alt=\"???????????????????\" width=\"145\" height=\"118\" srcset=\"https:\/\/blogs.sld.cu\/glaucoma\/files\/2020\/02\/Imagen-6-300x245.jpg 300w, https:\/\/blogs.sld.cu\/glaucoma\/files\/2020\/02\/Imagen-6-250x204.jpg 250w, https:\/\/blogs.sld.cu\/glaucoma\/files\/2020\/02\/Imagen-6.jpg 636w\" sizes=\"(max-width: 145px) 100vw, 145px\" \/><\/a><\/span><\/p>\n<p><span style=\"color: #0061ad\">\u00bfC\u00f3mo se detecta el glaucoma?<\/span><br \/>\nEl glaucoma se detecta a trav\u00e9s de un examen completo de los ojos que consiste en:<br \/>\n&#8211; Prueba de agudeza visual. En esta prueba se usa una tabla optom\u00e9trica para medir su vista a diferentes distancias.<br \/>\n&#8211; Prueba del campo visual. Esta prueba mide su visi\u00f3n lateral (perif\u00e9rica). Ayuda a su oculista a determinar si usted tiene una p\u00e9rdida en la visi\u00f3n lateral, una se\u00f1al de glaucoma.<br \/>\n&#8211; Examen con dilataci\u00f3n de las pupilas. Para dilatar o agrandar las pupilas, el oculista le pone unas gotas en los ojos. El oculista mira a trav\u00e9s de un lente de aumento especial para examinar la retina y el nervio \u00f3ptico para ver si hay se\u00f1ales de da\u00f1o u otros problemas de los ojos. Despu\u00e9s del examen, su visi\u00f3n de cerca podr\u00e1 permanecer borrosa por varias horas.<br \/>\n&#8211; Tonometr\u00eda. Se utiliza un instrumento (vea la fotograf\u00eda) para medir la presi\u00f3n del ojo. Para esta prueba, el oculista puede ponerle unas gotas para anestesiar sus ojos.<\/p>\n<p style=\"text-align: justify\"><span style=\"font-size: 12pt\"><a href=\"http:\/\/blogs.sld.cu\/glaucoma\/files\/2020\/02\/Ton\u00f3metro-de-Goldmann221.jpg\"><img loading=\"lazy\" class=\" size-full wp-image-70 aligncenter\" src=\"http:\/\/blogs.sld.cu\/glaucoma\/files\/2020\/02\/Ton\u00f3metro-de-Goldmann221.jpg\" alt=\"Ton\u00f3metro-de-Goldmann221\" width=\"130\" height=\"95\" \/><\/a><\/span>&#8211; Paquimetr\u00eda. Se aplica una gota en el ojo para anestesiarle. El oculista utiliza un instrumento de ondas ultras\u00f3nicas para medir el espesor de la c\u00f3rnea.<\/p>\n<p><span style=\"color: #0061ad\">\u00bfSe puede curar el glaucoma?<\/span><br \/>\nNo, no hay cura para el glaucoma. La visi\u00f3n que se pierde por la enfermedad no se puede recuperar.<\/p>\n<p><span style=\"color: #0061ad\">\u00bfSe puede tratar el glaucoma?<\/span>S\u00ed. El tratamiento inmediato en la primera etapa del glaucoma de \u00e1ngulo abierto puede demorar el progreso de la enfermedad. Por eso es muy importante que el glaucoma se diagnostique a tiempo.<br \/>\nEl tratamiento para el glaucoma incluye medicamentos, cirug\u00eda l\u00e1ser, cirug\u00eda convencional o una combinaci\u00f3n de cualquiera de estos m\u00e9todos. Aunque estos tratamientos pueden proteger la vista que le queda, no mejoran la vista que ya haya perdido por el glaucoma.<\/p>\n","protected":false},"excerpt":{"rendered":"<p>\u00bfCu\u00e1les son los s\u00edntomas del glaucoma? Al principio, el glaucoma de \u00e1ngulo abierto no tiene s\u00edntomas. No causa dolor y la visi\u00f3n se mantiene normal. Pero si el glaucoma no es atendido, las personas empiezan a notar que ya no ven como antes. Sin tratamiento, las personas con glaucoma pierden lentamente su visi\u00f3n lateral (perif\u00e9rica). [&hellip;]<\/p>\n","protected":false},"author":208,"featured_media":0,"parent":0,"menu_order":0,"comment_status":"closed","ping_status":"closed","template":"","meta":[],"_links":{"self":[{"href":"https:\/\/blogs.sld.cu\/glaucoma\/wp-json\/wp\/v2\/pages\/214"}],"collection":[{"href":"https:\/\/blogs.sld.cu\/glaucoma\/wp-json\/wp\/v2\/pages"}],"about":[{"href":"https:\/\/blogs.sld.cu\/glaucoma\/wp-json\/wp\/v2\/types\/page"}],"author":[{"embeddable":true,"href":"https:\/\/blogs.sld.cu\/glaucoma\/wp-json\/wp\/v2\/users\/208"}],"replies":[{"embeddable":true,"href":"https:\/\/blogs.sld.cu\/glaucoma\/wp-json\/wp\/v2\/comments?post=214"}],"version-history":[{"count":10,"href":"https:\/\/blogs.sld.cu\/glaucoma\/wp-json\/wp\/v2\/pages\/214\/revisions"}],"predecessor-version":[{"id":393,"href":"https:\/\/blogs.sld.cu\/glaucoma\/wp-json\/wp\/v2\/pages\/214\/revisions\/393"}],"wp:attachment":[{"href":"https:\/\/blogs.sld.cu\/glaucoma\/wp-json\/wp\/v2\/media?parent=214"}],"curies":[{"name":"wp","href":"https:\/\/api.w.org\/{rel}","templated":true}]}}