{"id":35,"date":"2020-02-21T00:38:07","date_gmt":"2020-02-21T00:38:07","guid":{"rendered":"http:\/\/blogs.sld.cu\/glaucoma\/?page_id=35"},"modified":"2021-02-22T05:06:16","modified_gmt":"2021-02-22T05:06:16","slug":"medidas-preventivas","status":"publish","type":"page","link":"https:\/\/blogs.sld.cu\/glaucoma\/medidas-preventivas\/","title":{"rendered":"Medidas preventivas"},"content":{"rendered":"<p>En general, los aspectos fundamentales en la prevenci\u00f3n de la ceguera por glaucoma son:<\/p>\n<p>&#8211; Tener identificados en cada comunidad o \u00e1rea de salud los grupos de riesgo,<\/p>\n<p>&#8211; Realizar el examen oftalmol\u00f3gico a todo paciente mayor de 40 a\u00f1os que acuda a consulta m\u00e9dica en busca de signos caracter\u00edsticos de un posible glaucoma.<\/p>\n<h3><span style=\"color: #0061ad\">Se hace necesaria la detecci\u00f3n en estadios tempranos, el tratamiento adecuado, control sistem\u00e1tico y seguimiento especializado.<\/span><\/h3>\n","protected":false},"excerpt":{"rendered":"<p>En general, los aspectos fundamentales en la prevenci\u00f3n de la ceguera por glaucoma son: &#8211; Tener identificados en cada comunidad o \u00e1rea de salud los grupos de riesgo, &#8211; Realizar el examen oftalmol\u00f3gico a todo paciente mayor de 40 a\u00f1os que acuda a consulta m\u00e9dica en busca de signos caracter\u00edsticos de un posible glaucoma. Se [&hellip;]<\/p>\n","protected":false},"author":208,"featured_media":0,"parent":0,"menu_order":0,"comment_status":"closed","ping_status":"closed","template":"","meta":[],"_links":{"self":[{"href":"https:\/\/blogs.sld.cu\/glaucoma\/wp-json\/wp\/v2\/pages\/35"}],"collection":[{"href":"https:\/\/blogs.sld.cu\/glaucoma\/wp-json\/wp\/v2\/pages"}],"about":[{"href":"https:\/\/blogs.sld.cu\/glaucoma\/wp-json\/wp\/v2\/types\/page"}],"author":[{"embeddable":true,"href":"https:\/\/blogs.sld.cu\/glaucoma\/wp-json\/wp\/v2\/users\/208"}],"replies":[{"embeddable":true,"href":"https:\/\/blogs.sld.cu\/glaucoma\/wp-json\/wp\/v2\/comments?post=35"}],"version-history":[{"count":8,"href":"https:\/\/blogs.sld.cu\/glaucoma\/wp-json\/wp\/v2\/pages\/35\/revisions"}],"predecessor-version":[{"id":398,"href":"https:\/\/blogs.sld.cu\/glaucoma\/wp-json\/wp\/v2\/pages\/35\/revisions\/398"}],"wp:attachment":[{"href":"https:\/\/blogs.sld.cu\/glaucoma\/wp-json\/wp\/v2\/media?parent=35"}],"curies":[{"name":"wp","href":"https:\/\/api.w.org\/{rel}","templated":true}]}}