{"id":44,"date":"2020-02-21T01:17:51","date_gmt":"2020-02-21T01:17:51","guid":{"rendered":"http:\/\/blogs.sld.cu\/glaucoma\/?page_id=44"},"modified":"2021-02-20T05:42:40","modified_gmt":"2021-02-20T05:42:40","slug":"frecuencia","status":"publish","type":"page","link":"https:\/\/blogs.sld.cu\/glaucoma\/frecuencia\/","title":{"rendered":"Frecuencia"},"content":{"rendered":"<p>El glaucoma es una enfermedad frecuente en nuestro pa\u00eds, donde constituye la primera causa de ceguera.<\/p>\n<p>El sistema de salud cubano ha desarrollado una adecuada cobertura de oftalm\u00f3logos, que unidos en el trabajo preventivo-asistencial han logrado sustanciales progresos de la oftalmolog\u00eda en todos sus aspectos, entre los cuales figura la citada afecci\u00f3n, cuyo diagn\u00f3stico y tratamiento devienen un problema m\u00e9dico priorizado a escala nacional por el Ministerio de Salud P\u00fablica y el Gobierno.<\/p>\n<p>Actualmente el glaucoma es la segunda causa de ceguera a nivel mundial. Lo padecen alrededor de uno 60 millones de personas en todo el mundo y se estima que para este 2020 la cifra suba a 10 millones m\u00e1s.<\/p>\n<p>En realidad se trata de una enfermedad incurable, pero si se detecta a tiempo se puede frenar su avance y garantizar que la persona pueda seguir viendo por much\u00edsimo m\u00e1s tiempo, incluso puede llegar a fallecer de manera natural antes de perder la vista totalmente.<\/p>\n<p>Por ejemplo, un dato que casi nadie sabe es que los familiares en primer grado de un paciente de glaucoma tienen\u00a0 un 10 % m\u00e1s de probabilidades de padecer ellos tambi\u00e9n alg\u00fan tipo de degeneraci\u00f3n del nervio ocular.<\/p>\n<p>Si este tipo de informaci\u00f3n fuese divulgada constantemente, la gran mayor\u00eda de las personas visitar\u00edan al oftalm\u00f3logo de forma regular dentro de su chequeo anual.<\/p>\n<p><span style=\"font-size: 12pt\">\u00a0<\/span><\/p>\n","protected":false},"excerpt":{"rendered":"<p>El glaucoma es una enfermedad frecuente en nuestro pa\u00eds, donde constituye la primera causa de ceguera. El sistema de salud cubano ha desarrollado una adecuada cobertura de oftalm\u00f3logos, que unidos en el trabajo preventivo-asistencial han logrado sustanciales progresos de la oftalmolog\u00eda en todos sus aspectos, entre los cuales figura la citada afecci\u00f3n, cuyo diagn\u00f3stico y [&hellip;]<\/p>\n","protected":false},"author":208,"featured_media":0,"parent":0,"menu_order":0,"comment_status":"closed","ping_status":"closed","template":"","meta":[],"_links":{"self":[{"href":"https:\/\/blogs.sld.cu\/glaucoma\/wp-json\/wp\/v2\/pages\/44"}],"collection":[{"href":"https:\/\/blogs.sld.cu\/glaucoma\/wp-json\/wp\/v2\/pages"}],"about":[{"href":"https:\/\/blogs.sld.cu\/glaucoma\/wp-json\/wp\/v2\/types\/page"}],"author":[{"embeddable":true,"href":"https:\/\/blogs.sld.cu\/glaucoma\/wp-json\/wp\/v2\/users\/208"}],"replies":[{"embeddable":true,"href":"https:\/\/blogs.sld.cu\/glaucoma\/wp-json\/wp\/v2\/comments?post=44"}],"version-history":[{"count":18,"href":"https:\/\/blogs.sld.cu\/glaucoma\/wp-json\/wp\/v2\/pages\/44\/revisions"}],"predecessor-version":[{"id":396,"href":"https:\/\/blogs.sld.cu\/glaucoma\/wp-json\/wp\/v2\/pages\/44\/revisions\/396"}],"wp:attachment":[{"href":"https:\/\/blogs.sld.cu\/glaucoma\/wp-json\/wp\/v2\/media?parent=44"}],"curies":[{"name":"wp","href":"https:\/\/api.w.org\/{rel}","templated":true}]}}