{"id":89,"date":"2020-02-25T19:04:56","date_gmt":"2020-02-25T19:04:56","guid":{"rendered":"http:\/\/blogs.sld.cu\/glaucoma\/?page_id=89"},"modified":"2021-02-20T05:02:01","modified_gmt":"2021-02-20T05:02:01","slug":"preguntas-y-respuestas-2","status":"publish","type":"page","link":"https:\/\/blogs.sld.cu\/glaucoma\/preguntas-y-respuestas-2\/","title":{"rendered":"Preguntas frecuentes"},"content":{"rendered":"<p><span style=\"color: #0061ad\">\u00bfExiste alguna relaci\u00f3n entre el color de los ojos y el glaucoma?<\/span><\/p>\n<p>La palabra glaucoma se deriva del lat\u00edn <em>glaukos<\/em>, que entonces significaba \u201cazul aguado o diluido\u201d. En griego <em>glaukos<\/em> significa \u201cazul gris\u00e1ceo\u201d o \u201cverde azulado\u201d, pero realmente no existe ninguna relaci\u00f3n entre el color de los ojos y el glaucoma.<\/p>\n<p><span style=\"color: #0061ad\">\u00bfQu\u00e9 hay que hacer para detectar la elevaci\u00f3n de la presi\u00f3n intraocular (PIO)?<\/span><\/p>\n<p>Es importante que a todas las personas mayores de 45-50 a\u00f1os se les realice, al menos una vez cada dos a\u00f1os, una prueba de medici\u00f3n\u00a0 de la PIO. Las mayores de 60 deber\u00e1n hacerlo anualmente. Por otra parte, las personas con familiares que han padecen de glaucoma deber\u00edan realizarse esta revisi\u00f3n anualmente a partir de los 35-40 a\u00f1os.<\/p>\n<p><span style=\"color: #0061ad\">Si se tiene la presi\u00f3n intraocular elevada, \u00bfsupone siempre la existencia de un glaucoma?<\/span><\/p>\n<p>Solamente hay glaucoma cuando el nervio \u00f3ptico est\u00e1 da\u00f1ado. Si no es as\u00ed, la elevaci\u00f3n de la presi\u00f3n intraocular \u00fanicamente indica que existe un riesgo claro de que pueda producirse un glaucoma, si bien esto no tiene por qu\u00e9 ocurrir. En cualquier caso, cuando es el resultado de una revisi\u00f3n ocular rutinaria deber\u00e1 realizarse una exploraci\u00f3n ocular en profundidad para confirmar o descartar un diagn\u00f3stico de glaucoma.<\/p>\n<p><span style=\"color: #0061ad\">\u00bfSe puede desarrollar un glaucoma sin que aumente de la presi\u00f3n ocular?<\/span><\/p>\n<p>S\u00ed, es lo que se conoce como glaucoma normotenso y se puede producir como consecuencia de diferentes factores. La enfermedad cardiovascular, la hipertensi\u00f3n arterial mal controlada, la diabetes, la insuficiencia respiratoria, la apnea del sue\u00f1o o la migra\u00f1a son, junto a la edad, los m\u00e1s significativos.<\/p>\n<p><span style=\"color: #0061ad\">\u00bfPuedo tener glaucoma en un solo ojo?<\/span><\/p>\n<p>En una fase inicial es posible que el glaucoma se presente s\u00f3lo en un ojo, pero es probable que acabe por afectar a los dos, ya que suele desarrollarse a distintas velocidades en cada ojo.<\/p>\n<p><span style=\"color: #0061ad\">\u00bfC\u00f3mo se controla el glaucoma?<\/span><\/p>\n<p>El tratamiento depender\u00e1 del tipo de glaucoma. Si se trata de un glaucoma de \u00e1ngulo abierto puede ser suficiente emplear el tratamiento farmacol\u00f3gico con colirios espec\u00edficos. En el caso de un glaucoma agudo o de \u00e1ngulo cerrado ser\u00e1 necesaria la cirug\u00eda.<\/p>\n<p><span style=\"color: #0061ad\">\u00bfTiene tratamiento el glaucoma?<\/span><\/p>\n<p>El glaucoma es una enfermedad que no tiene un tratamiento curativo; el tratamiento y seguimiento de los pacientes con glaucoma sirve para evitar su progresi\u00f3n y evitar el desarrollo de complicaciones visuales severas e irreversibles.<\/p>\n<p>El primer escal\u00f3n terap\u00e9utico consiste en controlar la tensi\u00f3n con colirios hipotensores. Hay cuatro grandes grupos de f\u00e1rmacos y varias combinaciones de ellos en el mismo colirio, por lo que incluso tratamientos m\u00e9dicos &#8220;agresivos&#8221; pueden resultar f\u00e1ciles de realizar con solo instilar 2 o 3 gotas al d\u00eda. Si con ello no se logra bajar la tensi\u00f3n se puede intervenir quir\u00fargicamente para controlarla con t\u00e9cnicas modernas m\u00ednimamente invasivas e incluso dispositivos reguladores de la tensi\u00f3n.<\/p>\n<p><span style=\"color: #0061ad\">\u00bfEl tratamiento es para siempre?<\/span><\/p>\n<p>Como dec\u00edamos previamente, el da\u00f1o por glaucoma es permanente y por tanto no tiene cura. No obstante, s\u00ed se puede detener su progresi\u00f3n con medicamentos o cirug\u00eda. El mayor o menor \u00e9xito del intervencionismo terap\u00e9utico depender\u00e1 en gran medida del adecuado cumplimiento terap\u00e9utico por parte del paciente, y la colaboraci\u00f3n con su oftalm\u00f3logo tras el tratamiento recibido. Un paciente que padece de\u00a0 glaucoma debe ser muy riguroso con estas indicaciones para estar bien controlado y conseguir una buena calidad visual, pese a tener esta enfermedad.<\/p>\n<p>&nbsp;<\/p>\n","protected":false},"excerpt":{"rendered":"<p>\u00bfExiste alguna relaci\u00f3n entre el color de los ojos y el glaucoma? La palabra glaucoma se deriva del lat\u00edn glaukos, que entonces significaba \u201cazul aguado o diluido\u201d. En griego glaukos significa \u201cazul gris\u00e1ceo\u201d o \u201cverde azulado\u201d, pero realmente no existe ninguna relaci\u00f3n entre el color de los ojos y el glaucoma. \u00bfQu\u00e9 hay que hacer [&hellip;]<\/p>\n","protected":false},"author":127,"featured_media":0,"parent":0,"menu_order":0,"comment_status":"closed","ping_status":"closed","template":"","meta":[],"_links":{"self":[{"href":"https:\/\/blogs.sld.cu\/glaucoma\/wp-json\/wp\/v2\/pages\/89"}],"collection":[{"href":"https:\/\/blogs.sld.cu\/glaucoma\/wp-json\/wp\/v2\/pages"}],"about":[{"href":"https:\/\/blogs.sld.cu\/glaucoma\/wp-json\/wp\/v2\/types\/page"}],"author":[{"embeddable":true,"href":"https:\/\/blogs.sld.cu\/glaucoma\/wp-json\/wp\/v2\/users\/127"}],"replies":[{"embeddable":true,"href":"https:\/\/blogs.sld.cu\/glaucoma\/wp-json\/wp\/v2\/comments?post=89"}],"version-history":[{"count":35,"href":"https:\/\/blogs.sld.cu\/glaucoma\/wp-json\/wp\/v2\/pages\/89\/revisions"}],"predecessor-version":[{"id":374,"href":"https:\/\/blogs.sld.cu\/glaucoma\/wp-json\/wp\/v2\/pages\/89\/revisions\/374"}],"wp:attachment":[{"href":"https:\/\/blogs.sld.cu\/glaucoma\/wp-json\/wp\/v2\/media?parent=89"}],"curies":[{"name":"wp","href":"https:\/\/api.w.org\/{rel}","templated":true}]}}