{"id":9,"date":"2020-02-20T18:13:26","date_gmt":"2020-02-20T18:13:26","guid":{"rendered":"http:\/\/blogs.sld.cu\/glaucoma\/?page_id=9"},"modified":"2021-02-21T22:52:27","modified_gmt":"2021-02-21T22:52:27","slug":"acerca-de","status":"publish","type":"page","link":"https:\/\/blogs.sld.cu\/glaucoma\/acerca-de\/","title":{"rendered":"Acerca de"},"content":{"rendered":"<p><a href=\"http:\/\/blogs.sld.cu\/glaucoma\/files\/2020\/02\/eortizg.jpg\"><img loading=\"lazy\" class=\"  wp-image-253 alignleft\" style=\"margin: 5px\" src=\"http:\/\/blogs.sld.cu\/glaucoma\/files\/2020\/02\/eortizg.jpg\" alt=\"eortizg\" width=\"178\" height=\"178\" srcset=\"https:\/\/blogs.sld.cu\/glaucoma\/files\/2020\/02\/eortizg.jpg 249w, https:\/\/blogs.sld.cu\/glaucoma\/files\/2020\/02\/eortizg-150x150.jpg 150w\" sizes=\"(max-width: 178px) 100vw, 178px\" \/><\/a><span style=\"font-family: verdana, geneva;font-size: 10pt\">Este sitio forma parte del\u00a0Portal de Enfermedades de Infomed,\u00a0red de personas e instituciones que trabajan para que la\u00a0informaci\u00f3n y el conocimiento lleguen a todos.<\/span><\/p>\n<p><span style=\"font-family: verdana, geneva;font-size: 10pt\">Aqu\u00ed podr\u00e1 usted encontrar informaci\u00f3n acerca del <span style=\"color: #0061ad\">Glaucoma,<\/span> enfermedad de los ojos que es constituye una de las principales causas de ceguera.<\/span><\/p>\n<p><span style=\"font-family: verdana, geneva;font-size: 10pt\">\u00bfQu\u00e9 es el Glaucoma? \u00bfCu\u00e1les son sus causas? \u00bfCu\u00e1les son los s\u00edntomas? \u00bfQu\u00e9 pueden hacer quienes lo padecen para cuidarse? \u00bfSe puede tratar s\u00f3lo con\u00a0medicamentos?<\/span><\/p>\n<p><span style=\"font-family: verdana, geneva;font-size: 10pt\">El editor de sitio es el Dr. Elier Ortiz Gonz\u00e1lez, especialista de 2do grado en Oftalmolog\u00eda, quien de forma educativa e interactiva responder\u00e1\u00a0a las preguntas de los lectores y les explicar\u00e1 lo que pueden hacer para\u00a0controlar\u00a0el glaucoma, si lo padecen, o encontrar informaci\u00f3n que pueda ayudar a su prevenci\u00f3n.<\/span><\/p>\n","protected":false},"excerpt":{"rendered":"<p>Este sitio forma parte del\u00a0Portal de Enfermedades de Infomed,\u00a0red de personas e instituciones que trabajan para que la\u00a0informaci\u00f3n y el conocimiento lleguen a todos. Aqu\u00ed podr\u00e1 usted encontrar informaci\u00f3n acerca del Glaucoma, enfermedad de los ojos que es constituye una de las principales causas de ceguera. \u00bfQu\u00e9 es el Glaucoma? \u00bfCu\u00e1les son sus causas? \u00bfCu\u00e1les [&hellip;]<\/p>\n","protected":false},"author":127,"featured_media":0,"parent":0,"menu_order":0,"comment_status":"closed","ping_status":"open","template":"","meta":[],"_links":{"self":[{"href":"https:\/\/blogs.sld.cu\/glaucoma\/wp-json\/wp\/v2\/pages\/9"}],"collection":[{"href":"https:\/\/blogs.sld.cu\/glaucoma\/wp-json\/wp\/v2\/pages"}],"about":[{"href":"https:\/\/blogs.sld.cu\/glaucoma\/wp-json\/wp\/v2\/types\/page"}],"author":[{"embeddable":true,"href":"https:\/\/blogs.sld.cu\/glaucoma\/wp-json\/wp\/v2\/users\/127"}],"replies":[{"embeddable":true,"href":"https:\/\/blogs.sld.cu\/glaucoma\/wp-json\/wp\/v2\/comments?post=9"}],"version-history":[{"count":25,"href":"https:\/\/blogs.sld.cu\/glaucoma\/wp-json\/wp\/v2\/pages\/9\/revisions"}],"predecessor-version":[{"id":416,"href":"https:\/\/blogs.sld.cu\/glaucoma\/wp-json\/wp\/v2\/pages\/9\/revisions\/416"}],"wp:attachment":[{"href":"https:\/\/blogs.sld.cu\/glaucoma\/wp-json\/wp\/v2\/media?parent=9"}],"curies":[{"name":"wp","href":"https:\/\/api.w.org\/{rel}","templated":true}]}}