{"id":103,"date":"2021-03-12T23:48:57","date_gmt":"2021-03-12T23:48:57","guid":{"rendered":"http:\/\/blogs.sld.cu\/hepatitisvirales\/?page_id=103"},"modified":"2021-03-15T06:06:16","modified_gmt":"2021-03-15T06:06:16","slug":"hepatitis-por-virus-d","status":"publish","type":"page","link":"https:\/\/blogs.sld.cu\/hepatitisvirales\/hepatitis-por-virus-d\/","title":{"rendered":"Hepatitis por virus D"},"content":{"rendered":"<p><a href=\"http:\/\/blogs.sld.cu\/hepatitisvirales\/files\/2021\/03\/HepatitisD.png\"><img loading=\"lazy\" class=\"alignnone  wp-image-133\" src=\"http:\/\/blogs.sld.cu\/hepatitisvirales\/files\/2021\/03\/HepatitisD.png\" alt=\"HepatitisD\" width=\"501\" height=\"334\" srcset=\"https:\/\/blogs.sld.cu\/hepatitisvirales\/files\/2021\/03\/HepatitisD.png 768w, https:\/\/blogs.sld.cu\/hepatitisvirales\/files\/2021\/03\/HepatitisD-300x200.png 300w, https:\/\/blogs.sld.cu\/hepatitisvirales\/files\/2021\/03\/HepatitisD-250x167.png 250w\" sizes=\"(max-width: 501px) 100vw, 501px\" \/><\/a><\/p>\n<p><span style=\"font-family: verdana, geneva;font-size: 12pt\">Esta hepatitis es causada por el virus D, conocido tambi\u00e9n como virus Delta. Este agente infeccioso tiene varias caracter\u00edsticas propias, \u00a0no es un virus en el concepto estricto, al menos, no es un virus completo. Puede definirse como un virus defectivo sat\u00e9lite que solo es capaz de producir hepatitis en presencia del virus de la hepatitis B. Es un virus ARN.<br \/>\n<\/span><\/p>\n<p><span style=\"font-family: verdana, geneva;font-size: 12pt\">La transmisi\u00f3n de este virus ocurre principalmente por v\u00eda parenteral y su diseminaci\u00f3n ocurre de igual manera que la del virus B, por lo que la vacunaci\u00f3n contra este virus ha conllevado a una importante disminuci\u00f3n de la infecci\u00f3n por el virus D, pero no ha desaparecido.<\/span><\/p>\n<p><span style=\"font-family: verdana, geneva;font-size: 12pt\">Los principales grupos de riesgo son: adictos a drogas por v\u00eda parenteral, portadores del virus de la hepatitis B, promiscuos sexuales (prostitutasy homosexuales mascuilnos) y personas procedentes de \u00e1reas end\u00e9micas.<br \/>\n<\/span><\/p>\n<p><span style=\"font-family: verdana, geneva;font-size: 12pt\">Las manifestaciones cl\u00ednicas y la evoluci\u00f3n de la infecci\u00f3n por este virus depende si entra al organismo junto con el virus B (coinfecci\u00f3n), o si el virus D penetra en una persona portadora cr\u00f3nica del virus B (sobreinfecci\u00f3n). En el caso de la hepatitis aguda causada por coinfeccoi\u00f3n la recuperaci\u00f3n del enfermo ocurre en mas del 90% de los casos, pero debe significarse que una hepatitis grave puede ocurrir con mas frecuencia que e<\/span><span style=\"font-family: verdana, geneva;font-size: 12pt\">os pacientes tambi\u00e9n pueden estar asintom\u00e1tico<\/span><span style=\"font-family: verdana, geneva;font-size: 12pt\">n el caso que la hepatitis sea solo por el virus B. Ls, tener un cuadro cl\u00ednico cl\u00e1sico de una hepatitis aguda o como ya se se\u00f1al\u00f3 presentar formas graves de hepatitis. Por el contrario cuando ocurre la sobreinfecci\u00f3n la evoluci\u00f3n hacia formas cr\u00f3nicas de la enfermedad es muy frecuente pudiendo llegar a la hepatitis cr\u00f3nica cirrosis hep\u00e1tica y c\u00e1ncer de h\u00edgado.<br \/>\n<\/span><\/p>\n<p>&nbsp;<\/p>\n<p><span style=\"font-family: verdana, geneva;font-size: 12pt\">En cuanto a los examenes complementarios de laboratorio lo car\u00e1cter\u00edstico es la elevaci\u00f3n de las transaminasas.<\/span><\/p>\n<p><span style=\"font-family: verdana, geneva;font-size: 12pt\">En relaci\u00f3n a los marcadores virales la coinfecci\u00f3n se diagnostica por la presencia de anticuerpos de clase IgM contra el virus D junto a anticuerpos de clase IgM contra el ant\u00edgeno del core del virus B. El ant\u00edgeno de superficie del virus B (HBsAg) es positivo pero puede ser indetectable. La sobreinfecci\u00f3n se caracteriza por la presencia de anticuerpos de clase IgM contra el virus D al mismo tiempo que los de clase IgG, ambos anticuerpos persisten. El ARN del virus puede ser detectado en suero mediante la t\u00e9cnica de PCR.<br \/>\n<\/span><\/p>\n<p><span style=\"font-family: verdana, geneva;font-size: 12pt\">El tratamiento de la infecci\u00f3n por el virus D se basa en el uso de los interferones. Se ha utilizado el interfer\u00f3n alfa recombinante y el interfer\u00f3n pegylado.<\/span><\/p>\n<p><span style=\"font-family: verdana, geneva;font-size: 12pt\"><a title=\"HEPATITIS POR VIRUS C\" href=\"http:\/\/blogs.sld.cu\/hepatitisvirales\/hepatitis-por-virus-c\/\">HEPATITIS POR VIRUS C<\/a><br \/>\n<\/span><\/p>\n<p><span style=\"font-family: verdana, geneva;font-size: 12pt\">\u00a0<\/span><\/p>\n","protected":false},"excerpt":{"rendered":"<p>Esta hepatitis es causada por el virus D, conocido tambi\u00e9n como virus Delta. Este agente infeccioso tiene varias caracter\u00edsticas propias, \u00a0no es un virus en el concepto estricto, al menos, no es un virus completo. Puede definirse como un virus defectivo sat\u00e9lite que solo es capaz de producir hepatitis en presencia del virus de la [&hellip;]<\/p>\n","protected":false},"author":208,"featured_media":0,"parent":0,"menu_order":0,"comment_status":"closed","ping_status":"open","template":"","meta":[],"_links":{"self":[{"href":"https:\/\/blogs.sld.cu\/hepatitisvirales\/wp-json\/wp\/v2\/pages\/103"}],"collection":[{"href":"https:\/\/blogs.sld.cu\/hepatitisvirales\/wp-json\/wp\/v2\/pages"}],"about":[{"href":"https:\/\/blogs.sld.cu\/hepatitisvirales\/wp-json\/wp\/v2\/types\/page"}],"author":[{"embeddable":true,"href":"https:\/\/blogs.sld.cu\/hepatitisvirales\/wp-json\/wp\/v2\/users\/208"}],"replies":[{"embeddable":true,"href":"https:\/\/blogs.sld.cu\/hepatitisvirales\/wp-json\/wp\/v2\/comments?post=103"}],"version-history":[{"count":8,"href":"https:\/\/blogs.sld.cu\/hepatitisvirales\/wp-json\/wp\/v2\/pages\/103\/revisions"}],"predecessor-version":[{"id":179,"href":"https:\/\/blogs.sld.cu\/hepatitisvirales\/wp-json\/wp\/v2\/pages\/103\/revisions\/179"}],"wp:attachment":[{"href":"https:\/\/blogs.sld.cu\/hepatitisvirales\/wp-json\/wp\/v2\/media?parent=103"}],"curies":[{"name":"wp","href":"https:\/\/api.w.org\/{rel}","templated":true}]}}