{"id":110,"date":"2021-03-13T00:00:11","date_gmt":"2021-03-13T00:00:11","guid":{"rendered":"http:\/\/blogs.sld.cu\/hepatitisvirales\/?page_id=110"},"modified":"2021-03-15T06:26:09","modified_gmt":"2021-03-15T06:26:09","slug":"hepatitis-por-virus-c","status":"publish","type":"page","link":"https:\/\/blogs.sld.cu\/hepatitisvirales\/hepatitis-por-virus-c\/","title":{"rendered":"Hepatitis por virus C"},"content":{"rendered":"<p><a href=\"http:\/\/blogs.sld.cu\/hepatitisvirales\/files\/2021\/03\/virusc.jpg\"><img loading=\"lazy\" class=\"  wp-image-128 aligncenter\" src=\"http:\/\/blogs.sld.cu\/hepatitisvirales\/files\/2021\/03\/virusc.jpg\" alt=\"virusc\" width=\"348\" height=\"261\" srcset=\"https:\/\/blogs.sld.cu\/hepatitisvirales\/files\/2021\/03\/virusc.jpg 259w, https:\/\/blogs.sld.cu\/hepatitisvirales\/files\/2021\/03\/virusc-250x187.jpg 250w\" sizes=\"(max-width: 348px) 100vw, 348px\" \/><\/a><\/p>\n<p><span style=\"font-family: verdana, geneva;font-size: 12pt\">Esta enfermedad \u00a0es causada por el virus de la hepatitois C, es un virus ARN que pertenece a la familia Flaviviridae.<\/span><\/p>\n<p><span style=\"font-family: verdana, geneva;font-size: 12pt\">La hepatitis C es una enfermedad infecciosa del h\u00edgado que tiene un espectro que puede variar desde una enfermedad aguda transitoria hasta una infecci\u00f3n cr\u00f3nica que puede durar toda la vida pasando por una hepatitis cr\u00f3nica y evolucionar \u00a0a la cirrosis hep\u00e1tica y el c\u00e1ncer de h\u00edgado. <\/span><\/p>\n<p><span style=\"font-family: verdana, geneva;font-size: 12pt\">La infecci\u00f3n cr\u00f3nica por este virus constituye un problema de salud mundial y tambi\u00e9n en nuestro pa\u00eds.<\/span><\/p>\n<p><span style=\"font-family: verdana, geneva;font-size: 12pt\">Su transmisi\u00f3n era fundamentalmente por sangre cuando en esta no se detectaba el virus en los bancos de sangre. Actualmente su transmisi\u00f3n es por cualquier forma de perforaci\u00f3n de la piel, como son agujas compartidas entre toxic\u00f3manos y uso de material sin esterilizar o mal esterelizado. Menos frecuentes son las formas\u00a0 de transmisi\u00f3n sexual y perinatal (de madre a hijo al nacer), tambi\u00e9n las que se derivan de pr\u00e1cticas culturales como circuncisi\u00f3n, tatuaje y otras perforaciones de la piel.<\/span><\/p>\n<p><span style=\"font-family: verdana, geneva;font-size: 12pt\">El per\u00edodo de incubaci\u00f3n oscila entre dos semanas y seis meses pero lo com\u00fan es de seis a nueve semanas. <\/span><\/p>\n<p><span style=\"font-family: verdana, geneva;font-size: 12pt\"><strong>Hepatitis aguda \u00a0por virus\u00a0 C<\/strong> <\/span><\/p>\n<p><span style=\"font-family: verdana, geneva;font-size: 12pt\">La hepatitis aguda C raramente tiene un per\u00edodo prodr\u00f3mico como ocurre en la forma t\u00edpica o cl\u00e1sica de la hepatitis viral aguda, la mayopr\u00eda de los enfermos adoptan la forma cl\u00ednica inaparente, solo una peque\u00f1a cantidad de pacientes presentan \u00edctero, que no sobrepasa el 25% de los casos, y es excepcional las formas severas o graves, excepto en pacientes con inmunodeficiencia o cuando hay una enfermedad hep\u00e1tica preexistente. Esta\u00a0 infecci\u00f3n aguda se resuelve espontaneamente solo entre el 10 a 50% de los enfermos, el resto evolucionan a la infecci\u00f3n cr\u00f3nica por este virus .\u00a0 La evoluci\u00f3n a la cronicidad es una caracter\u00edstica de la infecci\u00f3n aguda por este virus.<\/span><\/p>\n<p><strong><span style=\"font-family: verdana, geneva;font-size: 12pt\">Tratamiento.-<\/span><\/strong><\/p>\n<p><span style=\"font-family: verdana, geneva;font-size: 12pt\">La hepatitis aguda por virus C debe ser tratada con los llamados agentes antivirales de acci\u00f3n directa por la marcada tendencia de evolucionar a la cronicidad. <\/span><\/p>\n<p><span style=\"font-family: verdana, geneva;font-size: 12pt\"><strong>Hepatitis cr\u00f3nica por virus C<\/strong><\/span><\/p>\n<p><span style=\"font-family: verdana, geneva;font-size: 12pt\">La poca expresi\u00f3n cl\u00ednica es una de las caracter\u00edsticas de la hepatitis cr\u00f3nica por virus C. El cansancio principalmente al final del d\u00eda o ante actividades que anteriormente no lo ocasionaban, el decaimiento, la fatiga f\u00e1cil son los s\u00edntomas mas frecuentes, tambi\u00e9n se presenta la depresi\u00f3n y la dificultad para la concentraci\u00f3n. \u00a0No es infrecuente que la enfermedad evolucione de forma silente hasta llegar a la cirrosis. El examen f\u00edsico ofrece pocos datos pero puede detectarse un aumento de tama\u00f1o del h\u00edgado y del bazo. <\/span><\/p>\n<p><span style=\"font-family: verdana, geneva;font-size: 12pt\">La infecci\u00f3n cr\u00f3nica por el virus C provoca una gran cantidad de manifestaciones extrahep\u00e1ticas, entre ellas, por solo citar algunas, se encuentra la glomerulonefritis membanoproliferativa, crioglobulinemia mixta esencial, vasculitis, el linfoma B no Hodgkin, anemia hemol\u00edtica autoinmune .<\/span><\/p>\n<p><strong><span style=\"font-family: verdana, geneva;font-size: 12pt\">Ex\u00e1menes complementarios.-<\/span><\/strong><\/p>\n<p><span style=\"font-family: verdana, geneva;font-size: 12pt\">La elevaci\u00f3n de los valores de las transaminasas es la alteraci\u00f3n bioqu\u00famica mas frecuente en los examenes de sangre,\u00a0 tanto en pacientes con hepatitis aguda como cr\u00f3nica,\u00a0 principalmente la pir\u00favica. La elevaci\u00f3n \u00a0de forma fluctuante se observa con relativa frecuencia en la hepatitis cr\u00f3nica, \u00a0pero tambi\u00e9n puede ser normal.<\/span><\/p>\n<p><span style=\"font-family: verdana, geneva;font-size: 12pt\">Mediante ensayos inmunoenzim\u00e1ticos se dectan anticuerpos contra el virus de la hepatitis C . Esta prueba no discrimina entre infecci\u00f3n reciente o infeci\u00f3n pasada por el virus por lo que no puede utilizarse para diagn\u00f3stico positivo de hepatitis,\u00a0 para esto es necesario recurrir a los estudios de biolog\u00eda molecular para detectar el ARN del virus mediante la t\u00e9cnica de PCR. <\/span><\/p>\n<p><span style=\"font-family: verdana, geneva;font-size: 12pt\">Puede detectarse el ant\u00edgeno central del virus , que sustitiyel a la t\u00e9cnica de PCR cuando no es factible su realizaci\u00f3n.<\/span><\/p>\n<p><strong><span style=\"font-family: verdana, geneva;font-size: 12pt\">Tratamiento.-<\/span><\/strong><\/p>\n<p><span style=\"font-family: verdana, geneva;font-size: 12pt\">El tratamiento actual para la hepatitis por virus C cr\u00f3nica son los antivirales de acci\u00f3n directa con los cuales se logra la erradicaci\u00f3n del virus entre el 95 y 100% de los pacientes. Siempre debe ser la combinaci\u00f3n de dos de estos antivirales,\u00a0 son varias las combinaciones aprobadas, como por ejemplo, \u00a0el sofosbuvir con el velpatasvir . La duraci\u00f3n de los tratamientos varia entre 8 y 12 semanas.<\/span><\/p>\n<p><strong><a title=\"HEPATITIS POR VIRUS E\" href=\"http:\/\/blogs.sld.cu\/hepatitisvirales\/hepatitis-por-virus-e\/\"><span style=\"font-family: verdana, geneva;font-size: 12pt\">Hepatitis por virus E<\/span><\/a><\/strong><\/p>\n","protected":false},"excerpt":{"rendered":"<p>Esta enfermedad \u00a0es causada por el virus de la hepatitois C, es un virus ARN que pertenece a la familia Flaviviridae. La hepatitis C es una enfermedad infecciosa del h\u00edgado que tiene un espectro que puede variar desde una enfermedad aguda transitoria hasta una infecci\u00f3n cr\u00f3nica que puede durar toda la vida pasando por una [&hellip;]<\/p>\n","protected":false},"author":208,"featured_media":0,"parent":0,"menu_order":0,"comment_status":"closed","ping_status":"open","template":"","meta":[],"_links":{"self":[{"href":"https:\/\/blogs.sld.cu\/hepatitisvirales\/wp-json\/wp\/v2\/pages\/110"}],"collection":[{"href":"https:\/\/blogs.sld.cu\/hepatitisvirales\/wp-json\/wp\/v2\/pages"}],"about":[{"href":"https:\/\/blogs.sld.cu\/hepatitisvirales\/wp-json\/wp\/v2\/types\/page"}],"author":[{"embeddable":true,"href":"https:\/\/blogs.sld.cu\/hepatitisvirales\/wp-json\/wp\/v2\/users\/208"}],"replies":[{"embeddable":true,"href":"https:\/\/blogs.sld.cu\/hepatitisvirales\/wp-json\/wp\/v2\/comments?post=110"}],"version-history":[{"count":11,"href":"https:\/\/blogs.sld.cu\/hepatitisvirales\/wp-json\/wp\/v2\/pages\/110\/revisions"}],"predecessor-version":[{"id":186,"href":"https:\/\/blogs.sld.cu\/hepatitisvirales\/wp-json\/wp\/v2\/pages\/110\/revisions\/186"}],"wp:attachment":[{"href":"https:\/\/blogs.sld.cu\/hepatitisvirales\/wp-json\/wp\/v2\/media?parent=110"}],"curies":[{"name":"wp","href":"https:\/\/api.w.org\/{rel}","templated":true}]}}