{"id":113,"date":"2021-03-13T00:03:56","date_gmt":"2021-03-13T00:03:56","guid":{"rendered":"http:\/\/blogs.sld.cu\/hepatitisvirales\/?page_id=113"},"modified":"2021-03-15T06:27:11","modified_gmt":"2021-03-15T06:27:11","slug":"hepatitis-por-virus-e","status":"publish","type":"page","link":"https:\/\/blogs.sld.cu\/hepatitisvirales\/hepatitis-por-virus-e\/","title":{"rendered":"Hepatitis por virus E"},"content":{"rendered":"<p><a href=\"http:\/\/blogs.sld.cu\/hepatitisvirales\/files\/2021\/03\/HepE.jpg\"><img loading=\"lazy\" class=\"  wp-image-137 aligncenter\" src=\"http:\/\/blogs.sld.cu\/hepatitisvirales\/files\/2021\/03\/HepE.jpg\" alt=\"HepE\" width=\"419\" height=\"279\" srcset=\"https:\/\/blogs.sld.cu\/hepatitisvirales\/files\/2021\/03\/HepE.jpg 600w, https:\/\/blogs.sld.cu\/hepatitisvirales\/files\/2021\/03\/HepE-300x200.jpg 300w, https:\/\/blogs.sld.cu\/hepatitisvirales\/files\/2021\/03\/HepE-250x167.jpg 250w\" sizes=\"(max-width: 419px) 100vw, 419px\" \/><\/a><\/p>\n<p><span style=\"font-family: verdana, geneva;font-size: 12pt\">Esta hepatitis es causada por un \u00a0virus ARN, el virus de la \u00a0de la hepatitis E , pertenece a la familia hepeviridae<\/span><\/p>\n<p><span style=\"font-family: verdana, geneva;font-size: 12pt\">La v\u00eda de infecci\u00f3n predominante es fecal-oral\u00a0 atrav\u00e9s de aguas contaminadas, aunque tambi\u00e9n puede ser por alimentos contaminados.\u00a0 Existe la transmisi\u00f3n vertical del virus de la madre al ni\u00f1o.Tambi\u00e9n ocurre la transmisi\u00f3n zoon\u00f3tica del virus (zoonosis es la transmisi\u00f3n de una enfermedad infecciosa de los animales a las personas), principalmente a partir del cerdo.\u00a0 La infecci\u00f3n se comporta de forma endemica en paises con pobres condiciones sanitarias, en estas regiones ocurren brotes epid\u00e9micos frecuentemente en que se han contaminado miles de personas .<\/span><\/p>\n<p><span style=\"font-family: verdana, geneva;font-size: 12pt\">El per\u00edodo de incubaci\u00f3n oscila entre 15 y 60 d\u00edas y como promedio 32 dias.<\/span><\/p>\n<p><span style=\"font-family: verdana, geneva;font-size: 12pt\">Las manifestaciones cl\u00ednicas de la hepatitis aguda por el virus E es extremadamente variable, \u00a0puede presentarse como el cuadro cl\u00ednico t\u00edpico de una hepatitis viral\u00a0 aguda ya descrito con anterioridad,\u00a0 pero tambi\u00e9n puede adoptar formas inaparentes y \u00a0en ocasiones con marcada gravedad; esta forma grave se presentan principalmente en mujeres embarazadas, en el tercer trimestre de la gestaci\u00f3n, las que pueden alcanzar hasta un 25% de letalidad.<\/span><\/p>\n<p><span style=\"font-family: verdana, geneva;font-size: 12pt\">La hepatitis E similar a lo que ocurre en la hepatitis A, no progresa a la cronicidad, pero se conoce que esta evoluci\u00f3n puede ocurrir en enfermos inmunosuprimidos, principalmente en los que han recibido transplante de \u00f3rgano s\u00f3lido que se encuentran bajo tratamiento inmunosupresor.<\/span><\/p>\n<p><strong><span style=\"font-family: verdana, geneva;font-size: 12pt\">Examens complementarios.-<\/span><\/strong><\/p>\n<p><span style=\"font-family: verdana, geneva;font-size: 12pt\">Al igual que ocurre en las otras hepatitis virales aguda la alteraci\u00f3n mas signficativa desde el punto de vista bioqu\u00edmico es la elevaci\u00f3n de las\u00a0 transaminasas, principalmente la transaminasa pir\u00favica<\/span><\/p>\n<p><span style=\"font-family: verdana, geneva;font-size: 12pt\">La detecci\u00f3n de la IgM antivirus de la hepatitis E indica infecci\u00f3n aguda, mientras que la IgG antiviruis de la hepatitis E indica infecci\u00f3n pasada y recuperaci\u00f3n.<\/span><\/p>\n<p><span style=\"font-family: verdana, geneva;font-size: 12pt\">La detecci\u00f3n del ARN del virus mediante la t\u00e9cnica de PCR tanto en suero como en heces complementa el diagn\u00f3stico de la hepatitis E, aunque habituamente en la pr\u00e1ctica no es necesario este estudio de biolog\u00eda molecular para llegar al diagn\u00f3stico positivo.<\/span><\/p>\n<p><strong><span style=\"font-family: verdana, geneva;font-size: 12pt\">\u00a0Tratamiento.-<\/span><\/strong><\/p>\n<p><span style=\"font-family: verdana, geneva;font-size: 12pt\">Al igual que en la hepatitis A no existe un tratamiento espec\u00edfico para la hepatitis por virus E.\u00a0 El reposo, la dieta y\u00a0 el tratamiento seg\u00fan los s\u00edntomas que se presenten debe hacerse de forma similar a la hepatitis A.<\/span><\/p>\n<p><span style=\"font-family: verdana, geneva;font-size: 12pt\">En la hepatitis aguda E severa y en la hepatitis E cr\u00f3nica est\u00e1 indicado el antiviral Ribavirina.<\/span><\/p>\n<p>&nbsp;<\/p>\n","protected":false},"excerpt":{"rendered":"<p>Esta hepatitis es causada por un \u00a0virus ARN, el virus de la \u00a0de la hepatitis E , pertenece a la familia hepeviridae La v\u00eda de infecci\u00f3n predominante es fecal-oral\u00a0 atrav\u00e9s de aguas contaminadas, aunque tambi\u00e9n puede ser por alimentos contaminados.\u00a0 Existe la transmisi\u00f3n vertical del virus de la madre al ni\u00f1o.Tambi\u00e9n ocurre la transmisi\u00f3n zoon\u00f3tica [&hellip;]<\/p>\n","protected":false},"author":208,"featured_media":0,"parent":0,"menu_order":0,"comment_status":"closed","ping_status":"open","template":"","meta":[],"_links":{"self":[{"href":"https:\/\/blogs.sld.cu\/hepatitisvirales\/wp-json\/wp\/v2\/pages\/113"}],"collection":[{"href":"https:\/\/blogs.sld.cu\/hepatitisvirales\/wp-json\/wp\/v2\/pages"}],"about":[{"href":"https:\/\/blogs.sld.cu\/hepatitisvirales\/wp-json\/wp\/v2\/types\/page"}],"author":[{"embeddable":true,"href":"https:\/\/blogs.sld.cu\/hepatitisvirales\/wp-json\/wp\/v2\/users\/208"}],"replies":[{"embeddable":true,"href":"https:\/\/blogs.sld.cu\/hepatitisvirales\/wp-json\/wp\/v2\/comments?post=113"}],"version-history":[{"count":6,"href":"https:\/\/blogs.sld.cu\/hepatitisvirales\/wp-json\/wp\/v2\/pages\/113\/revisions"}],"predecessor-version":[{"id":187,"href":"https:\/\/blogs.sld.cu\/hepatitisvirales\/wp-json\/wp\/v2\/pages\/113\/revisions\/187"}],"wp:attachment":[{"href":"https:\/\/blogs.sld.cu\/hepatitisvirales\/wp-json\/wp\/v2\/media?parent=113"}],"curies":[{"name":"wp","href":"https:\/\/api.w.org\/{rel}","templated":true}]}}