{"id":168,"date":"2021-03-15T05:29:54","date_gmt":"2021-03-15T05:29:54","guid":{"rendered":"http:\/\/blogs.sld.cu\/hepatitisvirales\/?page_id=168"},"modified":"2021-03-15T06:12:22","modified_gmt":"2021-03-15T06:12:22","slug":"manifestaciones-clinicashepatitis-segun-virus","status":"publish","type":"page","link":"https:\/\/blogs.sld.cu\/hepatitisvirales\/manifestaciones-clinicashepatitis-segun-virus\/","title":{"rendered":"Manifestaciones cl\u00ednicas\/Hepatitis seg\u00fan virus"},"content":{"rendered":"<ul>\n<li><span style=\"font-size: 12pt;font-family: verdana, geneva\"><strong>Virus A <\/strong>. Las manifestaciohnes cl\u00ednicas de la hepatitis A tienen una marcada tendencia a variar con la edad del paciente . Mientras que en los ni\u00f1os menores de dos a\u00f1os son muy frecuentes las infecciones inaparentes, las manifestaciones cl\u00ednicas son mas marcadas, e incluso pueden llegar a ser graves, cuanto mayor es la edad del enfermo.<\/span><\/li>\n<\/ul>\n<ul>\n<li><span style=\"font-size: 12pt;font-family: verdana, geneva\">Alrededor de una d\u00e9cima parte de los enfermos adoptan una forma especial de hepatitis recidivante, la hepatitis bif\u00e1sica, que consiste en un segundo pico de transaminasas e inclusive ictericia en un paciente que ya hab\u00eda alcanzado la recuperaci\u00f3n cl\u00ednica y de las pruebas bioqu\u00edmicas de laboratorio.<\/span><\/li>\n<\/ul>\n<ul>\n<li><span style=\"font-size: 12pt;font-family: verdana, geneva\">La forma cl\u00ednica prolongada constituye una forma, que aunque poco frecuente, se presenta en la hepatitis A.<\/span><\/li>\n<\/ul>\n<ul>\n<li><span style=\"font-size: 12pt;font-family: verdana, geneva\">Tambi\u00e9n la hepatitis por VHA puede adoptar una forma con ictero intenso y prolongado (forma colest\u00e1sica).<\/span><\/li>\n<li><span style=\"font-size: 12pt;font-family: verdana, geneva\">Las manifestaciones extrahep\u00e1ticas como el rash cutaneo y los dolores articulares pueden presentarse pero mucho menos frecuentes que en otros virus de la hepatitis.<\/span><\/li>\n<\/ul>\n<ul>\n<li><span style=\"font-size: 12pt;font-family: verdana, geneva\">La hepatitis causada por este virus no evoluciona hacia la hepatitis cr\u00f3nica.<\/span><\/li>\n<\/ul>\n<ul>\n<li><span style=\"font-size: 12pt;font-family: verdana, geneva\"><strong>Virus B.<\/strong> Este virus tiene la capacidad de causar una amplia y variada gama de enfermedades agudas y cr\u00f3nicas que depende fundamentalmente de la respuesta inmune espec\u00edfica para este virus\u00a0 del enfermo. Esta amplia variedad va desde el paciente que tiene el virus sin ocasionarle s\u00edntomas y sin causar da\u00f1o alguno al h\u00edgado hasta formas \u00a0agudas, algunas muy graves, como es la hepatitis fulminante. Los otros tipos cl\u00ednicos de infecci\u00f3n son la hepatitis cr\u00f3nica, la cirrosis hep\u00e1tica y el c\u00e1ncer del h\u00edgado. Tambi\u00e9n se presentan manifestaciones extrahep\u00e1ticas.<\/span><\/li>\n<\/ul>\n<ul>\n<li><span style=\"font-size: 12pt;font-family: verdana, geneva\"><strong>Virus D<\/strong>. Este virus necesita la presencia del virus de la hepatitis B (VHB) para desarrollar la infecci\u00f3n, lo que quiere decir que los individuos inmunes a este virus no puede ser infectados por el virus de la hepatitis D (VHD).<\/span><\/li>\n<\/ul>\n<ul>\n<li><span style=\"font-size: 12pt;font-family: verdana, geneva\"><strong>Virus C<\/strong>. Dos cosas caracterizan a este virus: la gran mayor\u00eda de los enfermos adoptan la forma anict\u00e9rica o inaparente (alrfededor del 75%%) y la marcada tendencia de evoluci\u00f3n a la cronicidad (hasta el 80% de los casos).<\/span><\/li>\n<\/ul>\n<ul>\n<li><span style=\"font-size: 12pt;font-family: verdana, geneva\"><strong>Virus E.<\/strong>Las formas graves en mujeres embarazadas es algo que caracteriza la infecci\u00f3n por este virus, en quienes alcanza un alta mortalidad, se ha reportado hasta\u00a0 20%.<\/span><\/li>\n<\/ul>\n<p><span style=\"font-size: 12pt;font-family: verdana, geneva\">\u00a0<\/span><\/p>\n<p><span style=\"font-size: 12pt;font-family: verdana, geneva\">\u00a0<\/span><\/p>\n","protected":false},"excerpt":{"rendered":"<p>Virus A . Las manifestaciohnes cl\u00ednicas de la hepatitis A tienen una marcada tendencia a variar con la edad del paciente . Mientras que en los ni\u00f1os menores de dos a\u00f1os son muy frecuentes las infecciones inaparentes, las manifestaciones cl\u00ednicas son mas marcadas, e incluso pueden llegar a ser graves, cuanto mayor es la edad [&hellip;]<\/p>\n","protected":false},"author":208,"featured_media":0,"parent":0,"menu_order":0,"comment_status":"closed","ping_status":"open","template":"","meta":[],"_links":{"self":[{"href":"https:\/\/blogs.sld.cu\/hepatitisvirales\/wp-json\/wp\/v2\/pages\/168"}],"collection":[{"href":"https:\/\/blogs.sld.cu\/hepatitisvirales\/wp-json\/wp\/v2\/pages"}],"about":[{"href":"https:\/\/blogs.sld.cu\/hepatitisvirales\/wp-json\/wp\/v2\/types\/page"}],"author":[{"embeddable":true,"href":"https:\/\/blogs.sld.cu\/hepatitisvirales\/wp-json\/wp\/v2\/users\/208"}],"replies":[{"embeddable":true,"href":"https:\/\/blogs.sld.cu\/hepatitisvirales\/wp-json\/wp\/v2\/comments?post=168"}],"version-history":[{"count":2,"href":"https:\/\/blogs.sld.cu\/hepatitisvirales\/wp-json\/wp\/v2\/pages\/168\/revisions"}],"predecessor-version":[{"id":170,"href":"https:\/\/blogs.sld.cu\/hepatitisvirales\/wp-json\/wp\/v2\/pages\/168\/revisions\/170"}],"wp:attachment":[{"href":"https:\/\/blogs.sld.cu\/hepatitisvirales\/wp-json\/wp\/v2\/media?parent=168"}],"curies":[{"name":"wp","href":"https:\/\/api.w.org\/{rel}","templated":true}]}}