{"id":20,"date":"2020-10-28T02:05:39","date_gmt":"2020-10-28T02:05:39","guid":{"rendered":"http:\/\/blogs.sld.cu\/hepatitisvirales\/?page_id=20"},"modified":"2021-03-14T01:43:49","modified_gmt":"2021-03-14T01:43:49","slug":"acerca-de","status":"publish","type":"page","link":"https:\/\/blogs.sld.cu\/hepatitisvirales\/acerca-de\/","title":{"rendered":"Acerca de"},"content":{"rendered":"<p><span style=\"font-size: 12pt\"><a href=\"http:\/\/blogs.sld.cu\/hepatitisvirales\/files\/2020\/10\/Dr.-Ar\u00fas.jpg\"><img loading=\"lazy\" class=\"  wp-image-47 alignleft\" src=\"http:\/\/blogs.sld.cu\/hepatitisvirales\/files\/2020\/10\/Dr.-Ar\u00fas-273x300.jpg\" alt=\"????????\" width=\"242\" height=\"266\" srcset=\"https:\/\/blogs.sld.cu\/hepatitisvirales\/files\/2020\/10\/Dr.-Ar\u00fas-273x300.jpg 273w, https:\/\/blogs.sld.cu\/hepatitisvirales\/files\/2020\/10\/Dr.-Ar\u00fas-250x274.jpg 250w, https:\/\/blogs.sld.cu\/hepatitisvirales\/files\/2020\/10\/Dr.-Ar\u00fas.jpg 368w\" sizes=\"(max-width: 242px) 100vw, 242px\" \/><\/a><\/span><span style=\"font-family: verdana, geneva;font-size: 12pt\">El h\u00edgado es la mayor gl\u00e1ndula del organismo y algunas de sus funciones se alteran cuando hay en \u00e9l, procesos inflamatorios, como los que ocurren en las hepatitis, lo que puede crear graves problemas de salud que repercuten en todo el cuerpo.<\/span><\/p>\n<p><span style=\"font-family: verdana, geneva;font-size: 12pt\">La hepatitis viral es una inflamaci\u00f3n de las c\u00e9lulas del h\u00edgado causadas por virus. En estas p\u00e1ginas podr\u00e1s conocer todo lo referente a este grupo de enfermedades, su origen, causas, tipos, s\u00edntomas, diagn\u00f3stico, tratamientos y prevenci\u00f3n.<\/span><\/p>\n<p><span style=\"font-family: verdana, geneva;font-size: 12pt\">Su editor es el Dr. C. Enrique Ar\u00fas Soler, profesor e investigador consultante y titular de la Universidad de Ciencias Medicas de La Habana, Acad\u00e9mico titular , especialista de primer y segundo grado en gastroenterolog\u00eda y director de la Revista cubana Archivos de Gastroenterolog\u00eda, que de una forma educativa e interactiva, responder\u00e1 las interrogantes que tengan sobre estas enfermedades y que puedan ayudarte, si la padeces o ayudar a un familiar o amigo.<br \/>\n<\/span><\/p>\n<p><span style=\"font-size: 12pt;font-family: verdana, geneva\"><span style=\"font-size: 12pt\">\u00a0<\/span><\/span><\/p>\n","protected":false},"excerpt":{"rendered":"<p>El h\u00edgado es la mayor gl\u00e1ndula del organismo y algunas de sus funciones se alteran cuando hay en \u00e9l, procesos inflamatorios, como los que ocurren en las hepatitis, lo que puede crear graves problemas de salud que repercuten en todo el cuerpo. La hepatitis viral es una inflamaci\u00f3n de las c\u00e9lulas del h\u00edgado causadas por [&hellip;]<\/p>\n","protected":false},"author":208,"featured_media":0,"parent":0,"menu_order":0,"comment_status":"closed","ping_status":"open","template":"","meta":[],"_links":{"self":[{"href":"https:\/\/blogs.sld.cu\/hepatitisvirales\/wp-json\/wp\/v2\/pages\/20"}],"collection":[{"href":"https:\/\/blogs.sld.cu\/hepatitisvirales\/wp-json\/wp\/v2\/pages"}],"about":[{"href":"https:\/\/blogs.sld.cu\/hepatitisvirales\/wp-json\/wp\/v2\/types\/page"}],"author":[{"embeddable":true,"href":"https:\/\/blogs.sld.cu\/hepatitisvirales\/wp-json\/wp\/v2\/users\/208"}],"replies":[{"embeddable":true,"href":"https:\/\/blogs.sld.cu\/hepatitisvirales\/wp-json\/wp\/v2\/comments?post=20"}],"version-history":[{"count":9,"href":"https:\/\/blogs.sld.cu\/hepatitisvirales\/wp-json\/wp\/v2\/pages\/20\/revisions"}],"predecessor-version":[{"id":151,"href":"https:\/\/blogs.sld.cu\/hepatitisvirales\/wp-json\/wp\/v2\/pages\/20\/revisions\/151"}],"wp:attachment":[{"href":"https:\/\/blogs.sld.cu\/hepatitisvirales\/wp-json\/wp\/v2\/media?parent=20"}],"curies":[{"name":"wp","href":"https:\/\/api.w.org\/{rel}","templated":true}]}}