{"id":37,"date":"2020-10-28T02:57:43","date_gmt":"2020-10-28T02:57:43","guid":{"rendered":"http:\/\/blogs.sld.cu\/hepatitisvirales\/?page_id=37"},"modified":"2020-10-28T02:58:10","modified_gmt":"2020-10-28T02:58:10","slug":"consulta-con-el-medico","status":"publish","type":"page","link":"https:\/\/blogs.sld.cu\/hepatitisvirales\/consulta-con-el-medico\/","title":{"rendered":"Consulta con el m\u00e9dico"},"content":{"rendered":"<p><span style=\"font-size: 12pt\">En este espacio podr\u00e1s consultar con el Dr. Ar\u00fas que responder\u00e1 las dudas que tengas sobre las hepatitis<\/span><\/p>\n","protected":false},"excerpt":{"rendered":"<p>En este espacio podr\u00e1s consultar con el Dr. Ar\u00fas que responder\u00e1 las dudas que tengas sobre las hepatitis<\/p>\n","protected":false},"author":208,"featured_media":0,"parent":0,"menu_order":0,"comment_status":"open","ping_status":"open","template":"","meta":[],"_links":{"self":[{"href":"https:\/\/blogs.sld.cu\/hepatitisvirales\/wp-json\/wp\/v2\/pages\/37"}],"collection":[{"href":"https:\/\/blogs.sld.cu\/hepatitisvirales\/wp-json\/wp\/v2\/pages"}],"about":[{"href":"https:\/\/blogs.sld.cu\/hepatitisvirales\/wp-json\/wp\/v2\/types\/page"}],"author":[{"embeddable":true,"href":"https:\/\/blogs.sld.cu\/hepatitisvirales\/wp-json\/wp\/v2\/users\/208"}],"replies":[{"embeddable":true,"href":"https:\/\/blogs.sld.cu\/hepatitisvirales\/wp-json\/wp\/v2\/comments?post=37"}],"version-history":[{"count":1,"href":"https:\/\/blogs.sld.cu\/hepatitisvirales\/wp-json\/wp\/v2\/pages\/37\/revisions"}],"predecessor-version":[{"id":38,"href":"https:\/\/blogs.sld.cu\/hepatitisvirales\/wp-json\/wp\/v2\/pages\/37\/revisions\/38"}],"wp:attachment":[{"href":"https:\/\/blogs.sld.cu\/hepatitisvirales\/wp-json\/wp\/v2\/media?parent=37"}],"curies":[{"name":"wp","href":"https:\/\/api.w.org\/{rel}","templated":true}]}}