{"id":39,"date":"2020-10-28T02:59:19","date_gmt":"2020-10-28T02:59:19","guid":{"rendered":"http:\/\/blogs.sld.cu\/hepatitisvirales\/?page_id=39"},"modified":"2021-03-14T17:16:00","modified_gmt":"2021-03-14T17:16:00","slug":"glosario","status":"publish","type":"page","link":"https:\/\/blogs.sld.cu\/hepatitisvirales\/glosario\/","title":{"rendered":"Glosario"},"content":{"rendered":"<p><span style=\"font-size: 12pt\"><span style=\"font-family: verdana, geneva\">Lo remitimos a el glosario de <a href=\"https:\/\/blogs.sld.cu\/enfermedadeshepaticas\/terminos-medicos-relacionados-con-las-enfermedades-hepaticas\/\">Enfermedades hep\u00e1ticas<\/a> del Dr. Julio C\u00e9sar Hern\u00e1ndez<\/span><br \/>\n<\/span><\/p>\n","protected":false},"excerpt":{"rendered":"<p>Lo remitimos a el glosario de Enfermedades hep\u00e1ticas del Dr. Julio C\u00e9sar Hern\u00e1ndez<\/p>\n","protected":false},"author":208,"featured_media":0,"parent":0,"menu_order":0,"comment_status":"closed","ping_status":"closed","template":"","meta":[],"_links":{"self":[{"href":"https:\/\/blogs.sld.cu\/hepatitisvirales\/wp-json\/wp\/v2\/pages\/39"}],"collection":[{"href":"https:\/\/blogs.sld.cu\/hepatitisvirales\/wp-json\/wp\/v2\/pages"}],"about":[{"href":"https:\/\/blogs.sld.cu\/hepatitisvirales\/wp-json\/wp\/v2\/types\/page"}],"author":[{"embeddable":true,"href":"https:\/\/blogs.sld.cu\/hepatitisvirales\/wp-json\/wp\/v2\/users\/208"}],"replies":[{"embeddable":true,"href":"https:\/\/blogs.sld.cu\/hepatitisvirales\/wp-json\/wp\/v2\/comments?post=39"}],"version-history":[{"count":4,"href":"https:\/\/blogs.sld.cu\/hepatitisvirales\/wp-json\/wp\/v2\/pages\/39\/revisions"}],"predecessor-version":[{"id":156,"href":"https:\/\/blogs.sld.cu\/hepatitisvirales\/wp-json\/wp\/v2\/pages\/39\/revisions\/156"}],"wp:attachment":[{"href":"https:\/\/blogs.sld.cu\/hepatitisvirales\/wp-json\/wp\/v2\/media?parent=39"}],"curies":[{"name":"wp","href":"https:\/\/api.w.org\/{rel}","templated":true}]}}