{"id":43,"date":"2020-10-28T03:03:25","date_gmt":"2020-10-28T03:03:25","guid":{"rendered":"http:\/\/blogs.sld.cu\/hepatitisvirales\/?page_id=43"},"modified":"2021-03-15T05:58:43","modified_gmt":"2021-03-15T05:58:43","slug":"recursos","status":"publish","type":"page","link":"https:\/\/blogs.sld.cu\/hepatitisvirales\/recursos\/","title":{"rendered":"Recursos"},"content":{"rendered":"<h2><span style=\"font-family: verdana, geneva;font-size: 12pt\"><strong><span style=\"text-decoration: underline\">Entrevistas, art\u00edculos y sitios relacionados con las Hepatitis virales<\/span><\/strong><\/span><\/h2>\n<p><span style=\"font-family: verdana, geneva;font-size: 12pt\"><strong><span style=\"text-decoration: underline\"><a href=\"http:\/\/scielo.sld.cu\/scielo.php?script=sci_arttext&amp;pid=S0864-21252000000600009\">Actualizaci\u00f3n sobre hepatitis viral: etiolog\u00eda, patogenia &#8230;<\/a><\/span><\/strong><\/span><\/p>\n<p><span style=\"font-family: verdana, geneva;font-size: 12pt\">por C Rodr\u00edguez Acosta \u00b7 2000 \u00b7<\/span><\/p>\n<p><strong><span style=\"text-decoration: underline\"><a href=\"http:\/\/scielo.sld.cu\/scielo.php?script=sci_arttext&amp;pid=S0864-21251998000500014\">Hepatitis viral aguda &#8211; SciELO Cuba &#8211; Infomed<\/a><\/span><\/strong><\/p>\n<p><span style=\"font-family: verdana, geneva;font-size: 12pt\"><strong><span style=\"text-decoration: underline\"><a href=\"https:\/\/www.niddk.nih.gov\/health-information\/informacion-de-la-salud\/enfermedades-higado\/hepatitis-viral\/que-es\">\u00bfQu\u00e9 es la hepatitis viral? | NIDDK<\/a><\/span><\/strong><\/span><\/p>\n<p><span style=\"font-family: verdana, geneva;font-size: 12pt\"><strong><span style=\"text-decoration: underline\"><a href=\"https:\/\/www.msdmanuals.com\/es\/professional\/trastornos-hep%C3%A1ticos-y-biliares\/hepatitis\/generalidades-sobre-la-hepatitis-viral-aguda\">Generalidades sobre la hepatitis viral aguda &#8211; Trastornos ..<\/a><\/span><\/strong><\/span><\/p>\n<p><span style=\"font-family: verdana, geneva;font-size: 12pt\"><a href=\"https:\/\/www.google.com.cu\/search?sxsrf=ALeKk02iQVVUa--gZ8vhWvX4hhN966aWkw%3A1615742660458&amp;lei=xEZOYPC-G8yz5gKi4YHACA&amp;q=hepatitis%20virales%20pdf&amp;ved=2ahUKEwjwsMy6prDvAhXMmVkKHaJwAIgQsKwBKAB6BAgwEAE\">hepatitis virales pdf<\/a><a href=\"https:\/\/www.google.com.cu\/search?sxsrf=ALeKk02iQVVUa--gZ8vhWvX4hhN966aWkw%3A1615742660458&amp;lei=xEZOYPC-G8yz5gKi4YHACA&amp;q=hepatitis%20viral%20s%C3%ADntomas&amp;ved=2ahUKEwjwsMy6prDvAhXMmVkKHaJwAIgQsKwBKAF6BAgwEAI\">hepatitis viral s\u00edntomas<\/a><a href=\"https:\/\/www.google.com.cu\/search?sxsrf=ALeKk02iQVVUa--gZ8vhWvX4hhN966aWkw%3A1615742660458&amp;lei=xEZOYPC-G8yz5gKi4YHACA&amp;q=hepatitis%20fisiopatolog%C3%ADa&amp;ved=2ahUKEwjwsMy6prDvAhXMmVkKHaJwAIgQsKwBKAJ6BAgwEAM\">hepatitis fisiopatolog\u00eda<\/a><\/span><\/p>\n<p><span style=\"font-family: verdana, geneva;font-size: 12pt\"><a href=\"https:\/\/www.google.com.cu\/search?sxsrf=ALeKk02iQVVUa--gZ8vhWvX4hhN966aWkw%3A1615742660458&amp;lei=xEZOYPC-G8yz5gKi4YHACA&amp;q=hepatitis%20viral%20tratamiento&amp;ved=2ahUKEwjwsMy6prDvAhXMmVkKHaJwAIgQsKwBKAN6BAgwEAQ\">hepatitis viral tratamiento<\/a><a href=\"https:\/\/www.google.com.cu\/search?sxsrf=ALeKk02iQVVUa--gZ8vhWvX4hhN966aWkw%3A1615742660458&amp;lei=xEZOYPC-G8yz5gKi4YHACA&amp;q=hepatitis%20viral%20diagn%C3%B3stico&amp;ved=2ahUKEwjwsMy6prDvAhXMmVkKHaJwAIgQsKwBKAR6BAgwEAU\">hepatitis viral diagn\u00f3stico<\/a><a href=\"https:\/\/www.google.com.cu\/search?sxsrf=ALeKk02iQVVUa--gZ8vhWvX4hhN966aWkw%3A1615742660458&amp;lei=xEZOYPC-G8yz5gKi4YHACA&amp;q=hepatitis%20viral%20aguda&amp;ved=2ahUKEwjwsMy6prDvAhXMmVkKHaJwAIgQsKwBKAV6BAgwEAY\">hepatitis viral aguda<\/a><\/span><\/p>\n<p><span style=\"font-family: verdana, geneva;font-size: 12pt\"><strong><span style=\"text-decoration: underline\"><a href=\"https:\/\/www.cun.es\/enfermedades-tratamientos\/enfermedades\/hepatitis-virales\">Hepatitis: qu\u00e9 es, causas, s\u00edntomas y tratamiento. Cl\u00ednica &#8230;<\/a><\/span><\/strong><\/span><\/p>\n<p><span style=\"font-family: verdana, geneva;font-size: 12pt\"><strong><span style=\"text-decoration: underline\"><a href=\"https:\/\/www.medicalnewstoday.com\/articles\/es\/327063\">Hepatitis viral: Tipos, s\u00edntomas, tratamiento y prevenci\u00f3n<\/a><\/span><\/strong><\/span><\/p>\n<p><span style=\"font-family: verdana, geneva;font-size: 12pt\"><strong><span style=\"text-decoration: underline\"><a href=\"https:\/\/www.mayoclinic.org\/es-es\/diseases-conditions\/hepatitis-a\/symptoms-causes\/syc-20367007\">Hepatitis A &#8211; S\u00edntomas y causas &#8211; Mayo Clini<\/a><\/span><\/strong><\/span><\/p>\n<p><span style=\"font-family: verdana, geneva;font-size: 12pt\"><strong><span style=\"text-decoration: underline\"><a href=\"https:\/\/www.google.com.cu\/url?sa=t&amp;rct=j&amp;q=&amp;esrc=s&amp;source=web&amp;cd=&amp;cad=rja&amp;uact=8&amp;ved=2ahUKEwjwsMy6prDvAhXMmVkKHaJwAIgQFjAPegQIFxAD&amp;url=https%3A%2F%2Fmedlineplus.gov%2Fspanish%2Fhepatitis.html&amp;usg=AOvVaw13qizWi2J_sfwTZyoJO9gX\">Hepatitis: MedlinePlus en espa\u00f1ol<\/a><\/span><\/strong><\/span><\/p>\n<p><span style=\"font-family: verdana, geneva;font-size: 12pt\"><strong><span style=\"text-decoration: underline\"><a href=\"https:\/\/www.elsevier.es\/es-revista-enfermedades-infecciosas-microbiologia-clinica-28-articulo-epidemiologia-manifestaciones-clinicas-hepatitis-virales-13087299\">Epidemiolog\u00eda y manifestaciones cl\u00ednicas de las hepatitis &#8230;<\/a><\/span><\/strong><\/span><\/p>\n<p>&nbsp;<\/p>\n","protected":false},"excerpt":{"rendered":"<p>Entrevistas, art\u00edculos y sitios relacionados con las Hepatitis virales Actualizaci\u00f3n sobre hepatitis viral: etiolog\u00eda, patogenia &#8230; por C Rodr\u00edguez Acosta \u00b7 2000 \u00b7 Hepatitis viral aguda &#8211; SciELO Cuba &#8211; Infomed \u00bfQu\u00e9 es la hepatitis viral? | NIDDK Generalidades sobre la hepatitis viral aguda &#8211; Trastornos .. hepatitis virales pdfhepatitis viral s\u00edntomashepatitis fisiopatolog\u00eda hepatitis viral [&hellip;]<\/p>\n","protected":false},"author":208,"featured_media":0,"parent":0,"menu_order":0,"comment_status":"closed","ping_status":"closed","template":"","meta":[],"_links":{"self":[{"href":"https:\/\/blogs.sld.cu\/hepatitisvirales\/wp-json\/wp\/v2\/pages\/43"}],"collection":[{"href":"https:\/\/blogs.sld.cu\/hepatitisvirales\/wp-json\/wp\/v2\/pages"}],"about":[{"href":"https:\/\/blogs.sld.cu\/hepatitisvirales\/wp-json\/wp\/v2\/types\/page"}],"author":[{"embeddable":true,"href":"https:\/\/blogs.sld.cu\/hepatitisvirales\/wp-json\/wp\/v2\/users\/208"}],"replies":[{"embeddable":true,"href":"https:\/\/blogs.sld.cu\/hepatitisvirales\/wp-json\/wp\/v2\/comments?post=43"}],"version-history":[{"count":4,"href":"https:\/\/blogs.sld.cu\/hepatitisvirales\/wp-json\/wp\/v2\/pages\/43\/revisions"}],"predecessor-version":[{"id":174,"href":"https:\/\/blogs.sld.cu\/hepatitisvirales\/wp-json\/wp\/v2\/pages\/43\/revisions\/174"}],"wp:attachment":[{"href":"https:\/\/blogs.sld.cu\/hepatitisvirales\/wp-json\/wp\/v2\/media?parent=43"}],"curies":[{"name":"wp","href":"https:\/\/api.w.org\/{rel}","templated":true}]}}