{"id":60,"date":"2020-10-30T20:57:58","date_gmt":"2020-10-30T20:57:58","guid":{"rendered":"http:\/\/blogs.sld.cu\/hepatitisvirales\/?page_id=60"},"modified":"2021-03-14T02:13:16","modified_gmt":"2021-03-14T02:13:16","slug":"bienvenidos","status":"publish","type":"page","link":"https:\/\/blogs.sld.cu\/hepatitisvirales\/","title":{"rendered":"\u00a1Bienvenidos\u00a1"},"content":{"rendered":"<div id='1' class='widgets_on_page wop_tiny1  wop_small1  wop_medium1  wop_large1  wop_wide1'>\n\t\t\t<ul><li id=\"meteor-slides-widget-2\" class=\"widget widget_meteor-slides-widget\">\t\r\n\t\t\r\n\t<div id=\"meteor-slideshownue\" class=\"meteor-slides nue navprevnext { next: '#meteor-nextnue', prev: '#meteor-prevnue', pager: '#meteor-buttonsnue' }\">\r\n\t\r\n\t\t\t\r\n\t\t\t\r\n\t\t\t<ul class=\"meteor-nav\">\r\n\t\t\r\n\t\t\t\t<li id=\"meteor-prevnue\" class=\"prev\"><a href=\"#prev\">Previous<\/a><\/li>\r\n\t\t\t\r\n\t\t\t\t<li id=\"meteor-nextnue\" class=\"next\"><a href=\"#next\">Next<\/a><\/li>\r\n\t\t\t\r\n\t\t\t<\/ul><!-- .meteor-nav -->\r\n\t\t\r\n\t\t\t\t\r\n\t\t\t\r\n\t\t<div class=\"meteor-clip\">\r\n\t\r\n\t\t\t\t\r\n\t\t\t<img style=\"visibility: hidden;\" class=\"meteor-shim\" src=\"https:\/\/blogs.sld.cu\/hepatitisvirales\/files\/2020\/10\/Diapositiva1-750x200.jpg\" alt=\"\" \/>\r\n\t\t\t<div class=\"mslide mslide-1\">\r\n\t\t\t\t\r\n\t\t\t\t\t\t\t\t\t\r\n\t\t\t\t\t<img width=\"750\" height=\"200\" src=\"https:\/\/blogs.sld.cu\/hepatitisvirales\/files\/2020\/10\/Diapositiva1-750x200.jpg\" class=\"attachment-featured-slide size-featured-slide wp-post-image\" alt=\"\" loading=\"lazy\" title=\"\" \/>\t\t\t\t\t\r\n\t\t\t\t\t\t\t\r\n\t\t\t<\/div><!-- .mslide -->\r\n\t\t\t\r\n\t\t\t\t\t\t\r\n\t\t\t\t\r\n\t\t\t\r\n\t\t\t<div class=\"mslide mslide-2\">\r\n\t\t\t\t\r\n\t\t\t\t\t\t\t\t\t\r\n\t\t\t\t\t<img width=\"750\" height=\"200\" src=\"https:\/\/blogs.sld.cu\/hepatitisvirales\/files\/2020\/10\/Diapositiva2-750x200.jpg\" class=\"attachment-featured-slide size-featured-slide wp-post-image\" alt=\"\" loading=\"lazy\" title=\"\" \/>\t\t\t\t\t\r\n\t\t\t\t\t\t\t\r\n\t\t\t<\/div><!-- .mslide -->\r\n\t\t\t\r\n\t\t\t\t\t\t\r\n\t\t\t\t\r\n\t\t\t\r\n\t\t\t<div class=\"mslide mslide-3\">\r\n\t\t\t\t\r\n\t\t\t\t\t\t\t\t\t\r\n\t\t\t\t\t<img width=\"750\" height=\"200\" src=\"https:\/\/blogs.sld.cu\/hepatitisvirales\/files\/2020\/10\/Diapositiva4-750x200.gif\" class=\"attachment-featured-slide size-featured-slide wp-post-image\" alt=\"\" loading=\"lazy\" title=\"\" \/>\t\t\t\t\t\r\n\t\t\t\t\t\t\t\r\n\t\t\t<\/div><!-- .mslide -->\r\n\t\t\t\r\n\t\t\t\t\t\t\r\n\t\t\t\t\r\n\t\t\t\r\n\t\t\t<div class=\"mslide mslide-4\">\r\n\t\t\t\t\r\n\t\t\t\t\t\t\t\t\t\r\n\t\t\t\t\t<img width=\"750\" height=\"200\" src=\"https:\/\/blogs.sld.cu\/hepatitisvirales\/files\/2020\/10\/Diapositiva3-750x200.gif\" class=\"attachment-featured-slide size-featured-slide wp-post-image\" alt=\"\" loading=\"lazy\" title=\"\" \/>\t\t\t\t\t\r\n\t\t\t\t\t\t\t\r\n\t\t\t<\/div><!-- .mslide -->\r\n\t\t\t\r\n\t\t\t\t\t\t\r\n\t\t\t\t\r\n\t\t<\/div><!-- .meteor-clip -->\r\n\t\t\t\t\r\n\t\t\t\t\t\r\n\t<\/div><!-- .meteor-slides -->\r\n\t\r\n\t<\/li><\/ul><\/div><!-- widgets_on_page -->\n<p><span style=\"font-family: verdana, geneva;font-size: 12pt\">Al sitio de <strong>Hepatitis virales,<\/strong> enfermedades hep\u00e1ticas\u00a0<strong>,\u00a0<\/strong>del<strong>\u00a0<\/strong>Portal de Enfermedades\u00a0de la Red de Portales de Infomed, Centro Nacional de Informaci\u00f3n de Ciencias M\u00e9dicas, constitu\u00eddo por un grupo de instituciones y personas que trabajan para que la informaci\u00f3n de salud llegue a todos.<\/span><\/p>\n<p><span style=\"font-family: verdana, geneva;font-size: 12pt\">Existen las formas agudas y las formas cr\u00f3nicas de hepatitis viral.<\/span><\/p>\n<p><span style=\"font-family: verdana, geneva;font-size: 12pt\">De forma general,\u00a0 puede decirse \u00a0que los agentes causantes del cuadro cl\u00ednico de la hepatitis viral aguda (HVA), a pesar de ser diferentes, ocasionan un s\u00edndrome cl\u00ednico similar, en el que no es posible precisar el agente causal ni por las manifestaciones cl\u00ednicas ni por los resultados de las pruebas bioquimicas de laboratorio.<\/span><\/p>\n<p><span style=\"font-family: verdana, geneva;font-size: 12pt\">Este sitio est\u00e1 dirigido a la poblaci\u00f3n en general, los pacientes y sus familiares, lo que es necesario para mejorar el conocimiento sobre las enfermedades y de esa forma mejorar la salud de los cubanos y de las personas que nos visiten.<\/span><\/p>\n<p><span style=\"font-family: verdana, geneva;font-size: 12pt\">\u00a0<\/span><\/p>\n<p><span style=\"font-family: verdana, geneva;font-size: 12pt\">\u00a0<\/span><\/p>\n<p><span style=\"font-family: verdana, geneva;font-size: 12pt\">\u00a0<\/span><\/p>\n","protected":false},"excerpt":{"rendered":"<p>Al sitio de Hepatitis virales, enfermedades hep\u00e1ticas\u00a0,\u00a0del\u00a0Portal de Enfermedades\u00a0de la Red de Portales de Infomed, Centro Nacional de Informaci\u00f3n de Ciencias M\u00e9dicas, constitu\u00eddo por un grupo de instituciones y personas que trabajan para que la informaci\u00f3n de salud llegue a todos. Existen las formas agudas y las formas cr\u00f3nicas de hepatitis viral. De forma general,\u00a0 [&hellip;]<\/p>\n","protected":false},"author":208,"featured_media":0,"parent":0,"menu_order":0,"comment_status":"closed","ping_status":"open","template":"","meta":[],"_links":{"self":[{"href":"https:\/\/blogs.sld.cu\/hepatitisvirales\/wp-json\/wp\/v2\/pages\/60"}],"collection":[{"href":"https:\/\/blogs.sld.cu\/hepatitisvirales\/wp-json\/wp\/v2\/pages"}],"about":[{"href":"https:\/\/blogs.sld.cu\/hepatitisvirales\/wp-json\/wp\/v2\/types\/page"}],"author":[{"embeddable":true,"href":"https:\/\/blogs.sld.cu\/hepatitisvirales\/wp-json\/wp\/v2\/users\/208"}],"replies":[{"embeddable":true,"href":"https:\/\/blogs.sld.cu\/hepatitisvirales\/wp-json\/wp\/v2\/comments?post=60"}],"version-history":[{"count":13,"href":"https:\/\/blogs.sld.cu\/hepatitisvirales\/wp-json\/wp\/v2\/pages\/60\/revisions"}],"predecessor-version":[{"id":189,"href":"https:\/\/blogs.sld.cu\/hepatitisvirales\/wp-json\/wp\/v2\/pages\/60\/revisions\/189"}],"wp:attachment":[{"href":"https:\/\/blogs.sld.cu\/hepatitisvirales\/wp-json\/wp\/v2\/media?parent=60"}],"curies":[{"name":"wp","href":"https:\/\/api.w.org\/{rel}","templated":true}]}}