{"id":85,"date":"2021-03-12T23:07:42","date_gmt":"2021-03-12T23:07:42","guid":{"rendered":"http:\/\/blogs.sld.cu\/hepatitisvirales\/?page_id=85"},"modified":"2021-03-15T05:37:07","modified_gmt":"2021-03-15T05:37:07","slug":"cuadro-clinico","status":"publish","type":"page","link":"https:\/\/blogs.sld.cu\/hepatitisvirales\/cuadro-clinico\/","title":{"rendered":"Cuadro cl\u00ednico"},"content":{"rendered":"<p><span style=\"font-family: verdana, geneva;font-size: 12pt\">El cuadro cl\u00ednico de la HVA t\u00edpica se caracteriza por cuatro per\u00edodos:<\/span><\/p>\n<ul>\n<li><span style=\"font-family: verdana, geneva;font-size: 12pt\"><strong>Per\u00edodo de incubaci\u00f3n.<\/strong> Su duraci\u00f3n est\u00e1 en dependencia del agente causal y puede ser desde \u00a0muy corta hasta\u00a0 un per\u00edodo de incubaci\u00f3n muy prolongado.<\/span><\/li>\n<li><span style=\"font-family: verdana, geneva;font-size: 12pt\"><strong>Fase pre ict\u00e9rica o per\u00edodo prodr\u00f3mico.<\/strong> Puede durar desde pocas horas hasta varios dias. Por lo general, dura tres a cinco dias. Los s\u00edntomas que se pueden presentar son: malestar general, p\u00e9rdida del apetito, nauseas, v\u00f3mitos, dolor abdominal en el cuadrante superior derecho del abdomen, pudiendo variar notablemente su intensidad, cefalea, decaimiento, entre otros s\u00edntomas menos frecuente.<\/span><\/li>\n<li><span style=\"font-family: verdana, geneva;font-size: 12pt\"><strong>Fase ict\u00e9rica o per\u00edodo de estado.<\/strong> Al instaurarse se van atenuando los s\u00edntomas del per\u00edodo prodr\u00f3mico y se va recuperando el apetito. La caracter\u00edstica de esta fase es precisamente el \u00edctero que no es mas que la coloraci\u00f3n amarilla de la piel y las mucosas, orinas oscuras y las heces su color puede ser mas claro que lo normal. Como promedio, se mantiene entre una y tres semanas, pero puede ser evidente entre unos pocos dias hasta seis meses.<\/span><\/li>\n<li><span style=\"font-family: verdana, geneva;font-size: 12pt\"><strong>Fase posict\u00e9rica o per\u00edodo de convalecencia.<\/strong> Se considera iniciado con la desaparici\u00f3n del \u00edctero. En este per\u00edodo se puede presentar el llamado s\u00edndrome post-hepatitis, caracterizado por debilidad y dolor en el cuadrante superior derecho del abdomen, que va acompa\u00f1ado de una recuperaci\u00f3n satisfactoria, evidenciado por la disminuci\u00f3n, hasta la normalidad, de los examenes de laboratorio, fundamentalmente los valores de las enzimas hep\u00e1ticas (transaminasas) y bilirrubina.<\/span><\/li>\n<\/ul>\n<p><a href=\"http:\/\/blogs.sld.cu\/hepatitisvirales\/files\/2021\/03\/ictero.jpg\"><img loading=\"lazy\" class=\"alignnone size-full wp-image-122\" src=\"http:\/\/blogs.sld.cu\/hepatitisvirales\/files\/2021\/03\/ictero.jpg\" alt=\"ictero\" width=\"183\" height=\"276\" \/><\/a><\/p>\n<p><span style=\"font-family: verdana, geneva\">Ictero en un adulto mayor<\/span><\/p>\n<p><span style=\"font-family: verdana, geneva;font-size: 12pt\">En el examen f\u00edsico de un enfermo con HVA se evidencia la ictericia, el aumento de tama\u00f1o del h\u00edgado (hepatomegalia), en un menor n\u00famero de enfermos aumento de tama\u00f1o del bazo (esplenomegalia).<\/span><\/p>\n<p><a title=\"Formas Cl\u00ednicas HVA\" href=\"http:\/\/blogs.sld.cu\/hepatitisvirales\/periodos-de-la-hva\/\"><strong><span style=\"font-family: verdana, geneva;font-size: 12pt\">Formas cl\u00ednicas de la HVA<\/span><\/strong><\/a><\/p>\n<p>&nbsp;<\/p>\n","protected":false},"excerpt":{"rendered":"<p>El cuadro cl\u00ednico de la HVA t\u00edpica se caracteriza por cuatro per\u00edodos: Per\u00edodo de incubaci\u00f3n. Su duraci\u00f3n est\u00e1 en dependencia del agente causal y puede ser desde \u00a0muy corta hasta\u00a0 un per\u00edodo de incubaci\u00f3n muy prolongado. Fase pre ict\u00e9rica o per\u00edodo prodr\u00f3mico. Puede durar desde pocas horas hasta varios dias. Por lo general, dura tres [&hellip;]<\/p>\n","protected":false},"author":208,"featured_media":0,"parent":0,"menu_order":0,"comment_status":"closed","ping_status":"open","template":"","meta":[],"_links":{"self":[{"href":"https:\/\/blogs.sld.cu\/hepatitisvirales\/wp-json\/wp\/v2\/pages\/85"}],"collection":[{"href":"https:\/\/blogs.sld.cu\/hepatitisvirales\/wp-json\/wp\/v2\/pages"}],"about":[{"href":"https:\/\/blogs.sld.cu\/hepatitisvirales\/wp-json\/wp\/v2\/types\/page"}],"author":[{"embeddable":true,"href":"https:\/\/blogs.sld.cu\/hepatitisvirales\/wp-json\/wp\/v2\/users\/208"}],"replies":[{"embeddable":true,"href":"https:\/\/blogs.sld.cu\/hepatitisvirales\/wp-json\/wp\/v2\/comments?post=85"}],"version-history":[{"count":7,"href":"https:\/\/blogs.sld.cu\/hepatitisvirales\/wp-json\/wp\/v2\/pages\/85\/revisions"}],"predecessor-version":[{"id":171,"href":"https:\/\/blogs.sld.cu\/hepatitisvirales\/wp-json\/wp\/v2\/pages\/85\/revisions\/171"}],"wp:attachment":[{"href":"https:\/\/blogs.sld.cu\/hepatitisvirales\/wp-json\/wp\/v2\/media?parent=85"}],"curies":[{"name":"wp","href":"https:\/\/api.w.org\/{rel}","templated":true}]}}