{"id":86,"date":"2021-03-12T23:06:18","date_gmt":"2021-03-12T23:06:18","guid":{"rendered":"http:\/\/blogs.sld.cu\/hepatitisvirales\/?page_id=86"},"modified":"2021-03-15T05:38:42","modified_gmt":"2021-03-15T05:38:42","slug":"periodos-de-la-hva","status":"publish","type":"page","link":"https:\/\/blogs.sld.cu\/hepatitisvirales\/cuadro-clinico\/periodos-de-la-hva\/","title":{"rendered":"Formas Cl\u00ednicas HVA"},"content":{"rendered":"<p><span style=\"font-family: verdana, geneva;font-size: 12pt\">Existen diversas formas cl\u00ednicas de la HVA.<\/span><\/p>\n<p><span style=\"font-family: verdana, geneva;font-size: 12pt\">Aunque, como ya se se\u00f1al\u00f3, se describe un cuadro cl\u00ednico t\u00edpico o cl\u00e1sico, pero existen formas cl\u00ednicas muy diversas.<\/span><\/p>\n<ul>\n<li><span style=\"font-family: verdana, geneva;font-size: 12pt\"><em><strong>Hepatitis anict\u00e9rica<\/strong>.<\/em> Forma mas frecuente de la HVA. Los s\u00edntomas son semejantes a la forma ict\u00e9rica cl\u00e1sica, pero con ausencia del \u00edctero.<\/span><\/li>\n<li><span style=\"font-family: verdana, geneva;font-size: 12pt\"><strong><em>Hepatitis inaparente<\/em><\/strong>. Se caracteriza por la ausencia de s\u00edntomas subjetivos. Como su nombre indica, cursa sin que el paciente se percate de que est\u00e1 enfermo.<\/span><\/li>\n<li><span style=\"font-family: verdana, geneva;font-size: 12pt\"><strong><em>Hepatitis colest\u00e1sica.<\/em><\/strong> Su curso cl\u00ednico lo distingue una ictericia muy manifiesta y una evoluci\u00f3n prolongada.<\/span><\/li>\n<li><span style=\"font-family: verdana, geneva;font-size: 12pt\"><strong><em>Hepatitis prolongada.<\/em><\/strong> Son aquellas formas de hepatitis excepcionalmente largas. Se ha considerado un curso prolongado cuando al menos hayan pasado cuatro meses. La enfermedad puede ser evidente durante 12 meses e incluso por mas tiempo sin poderse hablar a\u00fan de hepatitis cr\u00f3nica.<\/span><\/li>\n<li><span style=\"font-family: verdana, geneva;font-size: 12pt\"><strong>Hepatitis aguda recurrente o recidivante<\/strong>. Se refiere a la aprici\u00f3n de nuevos s\u00edntomas despu\u00e9s de una hepatitis aparentemente curada, incluida la elevaci\u00f3n de las transaminasas y la reaparici\u00f3n del \u00edctero.<\/span><\/li>\n<li><span style=\"font-family: verdana, geneva;font-size: 12pt\"><strong>Formas graves.<\/strong> Son aquellas hepatitis que cursan con una severa necrosis de los hepatocitos, que compromete las funciones del h\u00edgado(insuficiencia hep\u00e1tica aguda), present\u00e1ndose alteraciones neuropsiqui\u00e1tricas (encefalopat\u00eda hep\u00e1tica) y trastornos de la coagulac\u00f3n entre otras manifestaciones de gravedad de la enfermedad. Existen diferentes clasificaciones de est\u00e1 forma de HVA atendiendo al momento en que aparece la ecefalopat\u00eda hep\u00e1tica compar\u00e1ndolo con el momento en que apareci\u00f3 el \u00edctero. Estas clasificaciones son de importancia para los especialistas dedicados al estudio del h\u00edgado y sobre todo al transplante de este \u00f3rgano.<\/span><\/li>\n<\/ul>\n","protected":false},"excerpt":{"rendered":"<p>Existen diversas formas cl\u00ednicas de la HVA. Aunque, como ya se se\u00f1al\u00f3, se describe un cuadro cl\u00ednico t\u00edpico o cl\u00e1sico, pero existen formas cl\u00ednicas muy diversas. Hepatitis anict\u00e9rica. Forma mas frecuente de la HVA. Los s\u00edntomas son semejantes a la forma ict\u00e9rica cl\u00e1sica, pero con ausencia del \u00edctero. Hepatitis inaparente. Se caracteriza por la ausencia [&hellip;]<\/p>\n","protected":false},"author":208,"featured_media":0,"parent":85,"menu_order":0,"comment_status":"closed","ping_status":"open","template":"","meta":[],"_links":{"self":[{"href":"https:\/\/blogs.sld.cu\/hepatitisvirales\/wp-json\/wp\/v2\/pages\/86"}],"collection":[{"href":"https:\/\/blogs.sld.cu\/hepatitisvirales\/wp-json\/wp\/v2\/pages"}],"about":[{"href":"https:\/\/blogs.sld.cu\/hepatitisvirales\/wp-json\/wp\/v2\/types\/page"}],"author":[{"embeddable":true,"href":"https:\/\/blogs.sld.cu\/hepatitisvirales\/wp-json\/wp\/v2\/users\/208"}],"replies":[{"embeddable":true,"href":"https:\/\/blogs.sld.cu\/hepatitisvirales\/wp-json\/wp\/v2\/comments?post=86"}],"version-history":[{"count":5,"href":"https:\/\/blogs.sld.cu\/hepatitisvirales\/wp-json\/wp\/v2\/pages\/86\/revisions"}],"predecessor-version":[{"id":167,"href":"https:\/\/blogs.sld.cu\/hepatitisvirales\/wp-json\/wp\/v2\/pages\/86\/revisions\/167"}],"up":[{"embeddable":true,"href":"https:\/\/blogs.sld.cu\/hepatitisvirales\/wp-json\/wp\/v2\/pages\/85"}],"wp:attachment":[{"href":"https:\/\/blogs.sld.cu\/hepatitisvirales\/wp-json\/wp\/v2\/media?parent=86"}],"curies":[{"name":"wp","href":"https:\/\/api.w.org\/{rel}","templated":true}]}}