{"id":93,"date":"2021-03-12T23:15:56","date_gmt":"2021-03-12T23:15:56","guid":{"rendered":"http:\/\/blogs.sld.cu\/hepatitisvirales\/?page_id=93"},"modified":"2021-03-15T06:22:26","modified_gmt":"2021-03-15T06:22:26","slug":"tipos-de-virus","status":"publish","type":"page","link":"https:\/\/blogs.sld.cu\/hepatitisvirales\/tipos-de-virus\/","title":{"rendered":"Hepatitis por virus A"},"content":{"rendered":"<p><a href=\"http:\/\/blogs.sld.cu\/hepatitisvirales\/files\/2021\/03\/vhA1.png\"><img loading=\"lazy\" class=\"alignnone  wp-image-139\" src=\"http:\/\/blogs.sld.cu\/hepatitisvirales\/files\/2021\/03\/vhA1.png\" alt=\"vhA\" width=\"446\" height=\"238\" srcset=\"https:\/\/blogs.sld.cu\/hepatitisvirales\/files\/2021\/03\/vhA1.png 307w, https:\/\/blogs.sld.cu\/hepatitisvirales\/files\/2021\/03\/vhA1-300x160.png 300w, https:\/\/blogs.sld.cu\/hepatitisvirales\/files\/2021\/03\/vhA1-250x134.png 250w\" sizes=\"(max-width: 446px) 100vw, 446px\" \/><\/a><\/p>\n<p><span style=\"font-family: verdana, geneva;font-size: 12pt\">El virus de la hepatitis A es un peque\u00f1o virus\u00a0 ARN perteneciente a la familia picornavirus<\/span><\/p>\n<p><span style=\"font-family: verdana, geneva;font-size: 12pt\">Su distribuci\u00f3n es mundial, t\u00edpico de la ni\u00f1ez, mas com\u00fan en condiciones de hacinamiento y escasa higiene.<\/span><\/p>\n<p><span style=\"font-family: verdana, geneva;font-size: 12pt\">El comportamiento de la enfermedad desde pundo de vista epidemiol\u00f3gico-cl\u00ednico est\u00e1 en relaci\u00f3n con\u00a0 zonas de altos,intermedios y bajos niveles de infecci\u00f3n dependiendo del nivel de desarrollo de los pa\u00edses y por supuesto de sus condiciones higienico sanitarias. Su transmisi\u00f3n es fecal-oral y esta se asocia particularmente con el agua y la\u00a0 comida contaminada con heces , especialmente los mariscos son un veh\u00edculo importante para la transmis\u00f3n del virus.<\/span><\/p>\n<p><span style=\"font-family: verdana, geneva;font-size: 12pt\">El per\u00edodo de incubaci\u00f3n es de 15 a 50 dias, promedio de 28 a 30 d\u00edas.<\/span><\/p>\n<p><span style=\"font-family: verdana, geneva;font-size: 12pt\">Los principales factores de riesgo para la contaminaci\u00f3n son: contacto cercano con ni\u00f1os menores que asisten\u00a0 a circulos infantiles y adultos mayores en asilos, convivir con un paciente con hepatitis, realci\u00f3n sexual que condiciona la diseminaci\u00f3n fecal-oral del virus a trav\u00e9s del contacto buco anal, viajes a zonas de alta endemicidad<br \/>\n<\/span><\/p>\n<p><strong><span style=\"font-family: verdana, geneva;font-size: 12pt\">Manifestaciones cl\u00ednicas.-<\/span><\/strong><\/p>\n<p><span style=\"font-family: verdana, geneva;font-size: 12pt\">La edad de presentaci\u00f3n de la enfermedad\u00a0 es determinante en cuanto a los s\u00edntomas que presenta el enfermo y la gravedad del cuadro cl\u00ednico. En mas del 90% de los casos en menores de 5 a\u00f1os la enfermedad es silente.<\/span><\/p>\n<p><span style=\"font-family: verdana, geneva;font-size: 12pt\">Ya se se\u00f1al\u00f3 el cuadro cl\u00ednico cl\u00e1sico o t\u00edpico de la enfermedad\u00a0 y las formas cl\u00ednicas que esta puede adoptar, as\u00ed como ,las particularidades de este virus.<\/span><\/p>\n<p><span style=\"font-family: verdana, geneva;font-size: 12pt\">Pueden presentarse complicaciones de la enfermedad, aunque en t\u00e9rminos generales son poco frecuentes. Las formas graves que llevan a la insuficiencia hep\u00e1tica aguda se desarrolla solo en 0,01 a 0,3% de los casos. Tambi\u00e9n se pueden presentar desordenes inmunol\u00f3gicos que pueden llevar a enfermedades autoinmunes. Como ya se se\u00f1al\u00f3 se pueden presentar complicaciones extrahep\u00e1ticas, a dem\u00e1s de las ya referidas pueden ser entre otras anemia aplastica, anemia hemol\u00edtica, meningoencefalitis,etc.<\/span><\/p>\n<p><strong><span style=\"font-family: verdana, geneva;font-size: 12pt\">Examenes complementarios.-<\/span><\/strong><\/p>\n<p><span style=\"font-family: verdana, geneva;font-size: 12pt\">Los estudios bioqu\u00edmicos de laboratorio son fundamentales para establecer el diagn\u00f3stico. Las transaminasas tienen el papel protag\u00f3nico, se elevan 10 veces\u00a0 o mas por encima de su valor normal. La bilirrubina se eleva de forma importante sobre todo en la forma colest\u00e1sica.<br \/>\n<\/span><\/p>\n<p><span style=\"font-family: verdana, geneva;font-size: 12pt\">Existen los llamados marcadores virales que incluyen inmunoglobulinas que se presentan como expresi\u00f3n de la respuesta inmune del enfermo ante el virus y los estudios de biolog\u00eda molecular para determinar el genoma del virus<br \/>\n<\/span><\/p>\n<p><span style=\"font-family: verdana, geneva;font-size: 12pt\">En el caso de la hepatitis A se utiliza la inmunoglobulina de tipo IgM especifica contra el virus A que es expresi\u00f3n de infecci\u00f3n reciente. No son necesarios\u00a0 los estudios de biolog\u00eda molecular para realizar el diagn\u00f3stico<\/span><\/p>\n<p><span style=\"font-family: verdana, geneva;font-size: 12pt\">Tratamiento.-<\/span><\/p>\n<p><span style=\"font-family: verdana, geneva;font-size: 12pt\">No existe un tratamiento espec\u00edfico para la hepatitis por virus A.<\/span><\/p>\n<p><span style=\"font-family: verdana, geneva;font-size: 12pt\">Dieta. No se prescribe ning\u00fan regimen diet\u00e9tico especial para este tipo de hepatitis. Se requiere una dieta normal, equilibrada, seg\u00fan la tolerancia del paciente.<\/span><\/p>\n<p><span style=\"font-family: verdana, geneva;font-size: 12pt\">Reposo. No se ha demostrado que el reposo tenga alguna influencia en la evoluci\u00f3n de la enfermedad. En el per\u00edodo sintom\u00e1tico \u00a0el decaimiento y el malestar general practicamente obligan al paciente a estar en la cama, y \u00e9l mismo va volviendo a sus actividades normales una vez que este periodo sintom\u00e1tico va desapareciendo.<\/span><\/p>\n<p><span style=\"font-family: verdana, geneva;font-size: 12pt\">En ocasiones es necesario alg\u00fan tratamiento \u00a0seg\u00fan los s\u00ecntomas que presente el enfermo, antihem\u00e9ticos para los v\u00f3mitos, paracetamol para el dolor.<\/span><\/p>\n<p><span style=\"font-family: verdana, geneva;font-size: 12pt\">Se prohibe el uso de drogas hepatot\u00f3xicas, as\u00ed como el alcohol.<\/span><\/p>\n<p><span style=\"font-family: verdana, geneva;font-size: 12pt\">La prevenci\u00f3n se lleva a cabo con la inmunizaci\u00f3n pasiva mediante la inmunoglobulina de reservorio o gammmaglobulina y con la inmunizaci\u00f3n activa utilizando las vacunas disponibles en el\u00a0 momento actual.<\/span><\/p>\n<p><span style=\"font-family: verdana, geneva;font-size: 12pt\">En la prevenci\u00f3n es importante las medidas higi\u00e9nicas para cortar la cadena de transmisi\u00f3n, estas se hacen mas necesarias es los lugares donde hay hacinamiento y malas condiciones sanitarias. El lavado de las manos y la correcta cocci\u00f3n de los alimentos son medidas elementales a tener en cuenta.<\/span><\/p>\n<p><span style=\"font-family: verdana, geneva;font-size: 12pt\"><a title=\"HEPATITIS POR VIRUS B\" href=\"http:\/\/blogs.sld.cu\/hepatitisvirales\/hepatitis-por-virus-b\/\"><strong>Hepatitis por virus B<\/strong> <\/a><br \/>\n<\/span><\/p>\n","protected":false},"excerpt":{"rendered":"<p>El virus de la hepatitis A es un peque\u00f1o virus\u00a0 ARN perteneciente a la familia picornavirus Su distribuci\u00f3n es mundial, t\u00edpico de la ni\u00f1ez, mas com\u00fan en condiciones de hacinamiento y escasa higiene. El comportamiento de la enfermedad desde pundo de vista epidemiol\u00f3gico-cl\u00ednico est\u00e1 en relaci\u00f3n con\u00a0 zonas de altos,intermedios y bajos niveles de infecci\u00f3n [&hellip;]<\/p>\n","protected":false},"author":208,"featured_media":0,"parent":0,"menu_order":0,"comment_status":"closed","ping_status":"open","template":"","meta":[],"_links":{"self":[{"href":"https:\/\/blogs.sld.cu\/hepatitisvirales\/wp-json\/wp\/v2\/pages\/93"}],"collection":[{"href":"https:\/\/blogs.sld.cu\/hepatitisvirales\/wp-json\/wp\/v2\/pages"}],"about":[{"href":"https:\/\/blogs.sld.cu\/hepatitisvirales\/wp-json\/wp\/v2\/types\/page"}],"author":[{"embeddable":true,"href":"https:\/\/blogs.sld.cu\/hepatitisvirales\/wp-json\/wp\/v2\/users\/208"}],"replies":[{"embeddable":true,"href":"https:\/\/blogs.sld.cu\/hepatitisvirales\/wp-json\/wp\/v2\/comments?post=93"}],"version-history":[{"count":15,"href":"https:\/\/blogs.sld.cu\/hepatitisvirales\/wp-json\/wp\/v2\/pages\/93\/revisions"}],"predecessor-version":[{"id":183,"href":"https:\/\/blogs.sld.cu\/hepatitisvirales\/wp-json\/wp\/v2\/pages\/93\/revisions\/183"}],"wp:attachment":[{"href":"https:\/\/blogs.sld.cu\/hepatitisvirales\/wp-json\/wp\/v2\/media?parent=93"}],"curies":[{"name":"wp","href":"https:\/\/api.w.org\/{rel}","templated":true}]}}