{"id":11,"date":"2022-02-17T22:46:34","date_gmt":"2022-02-17T22:46:34","guid":{"rendered":"https:\/\/blogs.sld.cu\/herpezoster\/?page_id=11"},"modified":"2022-04-22T17:34:45","modified_gmt":"2022-04-22T17:34:45","slug":"causas-sintomas","status":"publish","type":"page","link":"https:\/\/blogs.sld.cu\/herpezoster\/causas-sintomas\/","title":{"rendered":"Causas\/S\u00edntomas"},"content":{"rendered":"<div id=\"attachment_68\" style=\"width: 622px\" class=\"wp-caption alignnone\"><img aria-describedby=\"caption-attachment-68\" loading=\"lazy\" class=\"wp-image-68 size-full\" src=\"https:\/\/blogs.sld.cu\/herpezoster\/files\/2022\/03\/ttttttttttttttttculebrillajpg.jpg\" alt=\"\" width=\"612\" height=\"410\" srcset=\"https:\/\/blogs.sld.cu\/herpezoster\/files\/2022\/03\/ttttttttttttttttculebrillajpg.jpg 612w, https:\/\/blogs.sld.cu\/herpezoster\/files\/2022\/03\/ttttttttttttttttculebrillajpg-300x201.jpg 300w, https:\/\/blogs.sld.cu\/herpezoster\/files\/2022\/03\/ttttttttttttttttculebrillajpg-250x167.jpg 250w\" sizes=\"(max-width: 612px) 100vw, 612px\" \/><p id=\"caption-attachment-68\" class=\"wp-caption-text\">Lesion por Herpesz\u00f3ster\u00a0 en la espalda de una mujer joven<\/p><\/div>\n<p>La causa del Herpes zoster, es el <strong>virus varicela zoster<\/strong>, el mismo que en una primera exposici\u00f2n, produce la Varicela o China que despu\u00e8s de estar latente en el organismo, por un periodo de tiempo,de a veces de bajo determinadas condiciones, se activa de nuevo y produce esta molesta enfermedad.<\/p>\n<h3>Signos y sintomas<\/h3>\n<p>Los signos y s\u00edntomas del herpes z\u00f3ster generalmente afectan una zonade un lado del cuerpo. Algunos de estos signos y s\u00edntomas son:<\/p>\n<p>&nbsp;<\/p>\n<p>Dolor, ardor, entumecimiento y hormigueo<\/p>\n<p>Sensibilidad al tacto<\/p>\n<p>Un sarpullido rojo ydoloroso que aparece unos d\u00edas despu\u00e9s del dolor<\/p>\n<p>Ampollas llenas de l\u00edquido que se abren y forman costrascolor miel<\/p>\n<p>Picaz\u00f3n<\/p>\n<p>&nbsp;<\/p>\n<p>Otros sintomas son los siguientes:<\/p>\n<p>&nbsp;<\/p>\n<ul>\n<li>Fiebre<\/li>\n<li>Dolor de cabeza<\/li>\n<li>Sensibilidad a la luz<\/li>\n<\/ul>\n","protected":false},"excerpt":{"rendered":"<p>La causa del Herpes zoster, es el virus varicela zoster, el mismo que en una primera exposici\u00f2n, produce la Varicela o China que despu\u00e8s de estar latente en el organismo, por un periodo de tiempo,de a veces de bajo determinadas condiciones, se activa de nuevo y produce esta molesta enfermedad. Signos y sintomas Los signos [&hellip;]<\/p>\n","protected":false},"author":208,"featured_media":0,"parent":0,"menu_order":0,"comment_status":"closed","ping_status":"closed","template":"","meta":[],"_links":{"self":[{"href":"https:\/\/blogs.sld.cu\/herpezoster\/wp-json\/wp\/v2\/pages\/11"}],"collection":[{"href":"https:\/\/blogs.sld.cu\/herpezoster\/wp-json\/wp\/v2\/pages"}],"about":[{"href":"https:\/\/blogs.sld.cu\/herpezoster\/wp-json\/wp\/v2\/types\/page"}],"author":[{"embeddable":true,"href":"https:\/\/blogs.sld.cu\/herpezoster\/wp-json\/wp\/v2\/users\/208"}],"replies":[{"embeddable":true,"href":"https:\/\/blogs.sld.cu\/herpezoster\/wp-json\/wp\/v2\/comments?post=11"}],"version-history":[{"count":12,"href":"https:\/\/blogs.sld.cu\/herpezoster\/wp-json\/wp\/v2\/pages\/11\/revisions"}],"predecessor-version":[{"id":108,"href":"https:\/\/blogs.sld.cu\/herpezoster\/wp-json\/wp\/v2\/pages\/11\/revisions\/108"}],"wp:attachment":[{"href":"https:\/\/blogs.sld.cu\/herpezoster\/wp-json\/wp\/v2\/media?parent=11"}],"curies":[{"name":"wp","href":"https:\/\/api.w.org\/{rel}","templated":true}]}}