{"id":16,"date":"2022-02-17T22:50:46","date_gmt":"2022-02-17T22:50:46","guid":{"rendered":"https:\/\/blogs.sld.cu\/herpezoster\/?page_id=16"},"modified":"2022-04-13T22:33:01","modified_gmt":"2022-04-13T22:33:01","slug":"recursos-de-informacion","status":"publish","type":"page","link":"https:\/\/blogs.sld.cu\/herpezoster\/recursos-de-informacion\/","title":{"rendered":"Recursos de informaci\u00f3n"},"content":{"rendered":"<p>&nbsp;<\/p>\n<p>&nbsp;<\/p>\n<p><strong><a href=\"%0dHerpes%20zoster:%20qu\u00e9%20es,%20s\u00edntomas,%20diagn\u00f3stico%20y%20tratamiento%20...%0dhttps:\/www.cun.es%20\u203a%20enfermedades%20\u203a%20herpes-zoster%0d\">Herpes zoster: qu\u00e9 es, s\u00edntomas, diagn\u00f3stico y tratamiento &#8230;<\/a><\/strong><\/p>\n<p>&nbsp;<\/p>\n<p>&nbsp;<\/p>\n<p><strong><u>Trasmisi\u00f3n de la culebrilla (herpes z\u00f3ster) | CDC<\/u><\/strong><\/p>\n<p><u><a href=\"https:\/\/www.google.com\/search?client=firefox-b-d&amp;sxsrf=APq-WBvxIO5hZPfYEChDJMcFcuiaFlrGxw:1649887463940&amp;q=Herpes+zoster+fotos&amp;sa=X&amp;ved=2ahUKEwjWltThhZL3AhXhQjABHZDxCuAQ1QJ6BAgWEAE\">herpes zoster <strong>fotos<\/strong><\/a><\/u><\/p>\n<p><u><a href=\"https:\/\/www.google.com\/search?client=firefox-b-d&amp;sxsrf=APq-WBvxIO5hZPfYEChDJMcFcuiaFlrGxw:1649887463940&amp;q=Herpes+z%C3%B3ster+Como+se+contagia&amp;sa=X&amp;ved=2ahUKEwjWltThhZL3AhXhQjABHZDxCuAQ1QJ6BAgTEAE\">herpes <strong>z\u00f3ster como se contagia<\/strong><\/a><\/u><\/p>\n<p>&nbsp;<\/p>\n<p><u><a href=\"https:\/\/www.google.com\/search?client=firefox-b-d&amp;sxsrf=APq-WBvxIO5hZPfYEChDJMcFcuiaFlrGxw:1649887463940&amp;q=Herpes+z%C3%B3ster+tratamiento+aciclovir&amp;sa=X&amp;ved=2ahUKEwjWltThhZL3AhXhQjABHZDxCuAQ1QJ6BAgSEAE\">herpes <strong>z\u00f3ster tratamiento aciclovir<\/strong><\/a><\/u><\/p>\n<p>&nbsp;<\/p>\n<p><u><a href=\"https:\/\/www.google.com\/search?client=firefox-b-d&amp;sxsrf=APq-WBvxIO5hZPfYEChDJMcFcuiaFlrGxw:1649887463940&amp;q=Herpes+z%C3%B3ster+requiere+reposo&amp;sa=X&amp;ved=2ahUKEwjWltThhZL3AhXhQjABHZDxCuAQ1QJ6BAgREAE\">herpes <strong>z\u00f3ster requiere reposo<\/strong><\/a><\/u><\/p>\n<p>&nbsp;<\/p>\n<p><u><a href=\"https:\/\/www.google.com\/search?client=firefox-b-d&amp;sxsrf=APq-WBvxIO5hZPfYEChDJMcFcuiaFlrGxw:1649887463940&amp;q=Herpes+z%C3%B3ster+evoluci%C3%B3n&amp;sa=X&amp;ved=2ahUKEwjWltThhZL3AhXhQjABHZDxCuAQ1QJ6BAgQEAE\">herpes <strong>z\u00f3ster evoluci\u00f3n<\/strong><\/a><\/u><\/p>\n<p>&nbsp;<\/p>\n<p><u><a href=\"https:\/\/www.google.com\/search?client=firefox-b-d&amp;sxsrf=APq-WBvxIO5hZPfYEChDJMcFcuiaFlrGxw:1649887463940&amp;q=Herpes+zoster+PDF&amp;sa=X&amp;ved=2ahUKEwjWltThhZL3AhXhQjABHZDxCuAQ1QJ6BAgPEAE\">herpes zoster <strong>pdf<\/strong><\/a><\/u><\/p>\n<p>&nbsp;<\/p>\n<p>&nbsp;<\/p>\n","protected":false},"excerpt":{"rendered":"<p>&nbsp; &nbsp; Herpes zoster: qu\u00e9 es, s\u00edntomas, diagn\u00f3stico y tratamiento &#8230; &nbsp; &nbsp; Trasmisi\u00f3n de la culebrilla (herpes z\u00f3ster) | CDC herpes zoster fotos herpes z\u00f3ster como se contagia &nbsp; herpes z\u00f3ster tratamiento aciclovir &nbsp; herpes z\u00f3ster requiere reposo &nbsp; herpes z\u00f3ster evoluci\u00f3n &nbsp; herpes zoster pdf &nbsp; &nbsp;<\/p>\n","protected":false},"author":208,"featured_media":0,"parent":0,"menu_order":0,"comment_status":"closed","ping_status":"closed","template":"","meta":[],"_links":{"self":[{"href":"https:\/\/blogs.sld.cu\/herpezoster\/wp-json\/wp\/v2\/pages\/16"}],"collection":[{"href":"https:\/\/blogs.sld.cu\/herpezoster\/wp-json\/wp\/v2\/pages"}],"about":[{"href":"https:\/\/blogs.sld.cu\/herpezoster\/wp-json\/wp\/v2\/types\/page"}],"author":[{"embeddable":true,"href":"https:\/\/blogs.sld.cu\/herpezoster\/wp-json\/wp\/v2\/users\/208"}],"replies":[{"embeddable":true,"href":"https:\/\/blogs.sld.cu\/herpezoster\/wp-json\/wp\/v2\/comments?post=16"}],"version-history":[{"count":4,"href":"https:\/\/blogs.sld.cu\/herpezoster\/wp-json\/wp\/v2\/pages\/16\/revisions"}],"predecessor-version":[{"id":101,"href":"https:\/\/blogs.sld.cu\/herpezoster\/wp-json\/wp\/v2\/pages\/16\/revisions\/101"}],"wp:attachment":[{"href":"https:\/\/blogs.sld.cu\/herpezoster\/wp-json\/wp\/v2\/media?parent=16"}],"curies":[{"name":"wp","href":"https:\/\/api.w.org\/{rel}","templated":true}]}}