{"id":2,"date":"2022-02-10T17:37:01","date_gmt":"2022-02-10T17:37:01","guid":{"rendered":"https:\/\/blogs.sld.cu\/herpezoster\/?page_id=2"},"modified":"2022-04-22T17:48:13","modified_gmt":"2022-04-22T17:48:13","slug":"pagina-ejemplo","status":"publish","type":"page","link":"https:\/\/blogs.sld.cu\/herpezoster\/pagina-ejemplo\/","title":{"rendered":"Herpes z\u00f3ster"},"content":{"rendered":"<p>El Herpesz\u00f3ster es una afecci\u00f3n que puede ser muy dolorosa. Las vacunas pueden ayudar a reducir el riesgo de tener Herpesz\u00f3ster. El tratamiento temprano puede ayudar a acortar una infecci\u00f3n\u00a0 y disminuir la posibilidad de complicaciones. La complicaci\u00f3n m\u00e1s com\u00fan es la neuralgia posherp\u00e9tica, que hace que el Herpesz\u00f3sterduela durante mucho tiempo despu\u00e9s de que las ampollas desaparecieron.<\/p>\r\n<p>Generalmente se presenta en una parte del cuerpo, siguiendo la linea de un nervio. Muy frecuente es que se presente en la cara en la cercania de los ojos y resulta muy dolorosa.<\/p>\r\n\r\n\r\n","protected":false},"excerpt":{"rendered":"<p>El Herpesz\u00f3ster es una afecci\u00f3n que puede ser muy dolorosa. Las vacunas pueden ayudar a reducir el riesgo de tener Herpesz\u00f3ster. El tratamiento temprano puede ayudar a acortar una infecci\u00f3n\u00a0 y disminuir la posibilidad de complicaciones. La complicaci\u00f3n m\u00e1s com\u00fan es la neuralgia posherp\u00e9tica, que hace que el Herpesz\u00f3sterduela durante mucho tiempo despu\u00e9s de que [&hellip;]<\/p>\n","protected":false},"author":230,"featured_media":0,"parent":0,"menu_order":0,"comment_status":"closed","ping_status":"open","template":"","meta":[],"_links":{"self":[{"href":"https:\/\/blogs.sld.cu\/herpezoster\/wp-json\/wp\/v2\/pages\/2"}],"collection":[{"href":"https:\/\/blogs.sld.cu\/herpezoster\/wp-json\/wp\/v2\/pages"}],"about":[{"href":"https:\/\/blogs.sld.cu\/herpezoster\/wp-json\/wp\/v2\/types\/page"}],"author":[{"embeddable":true,"href":"https:\/\/blogs.sld.cu\/herpezoster\/wp-json\/wp\/v2\/users\/230"}],"replies":[{"embeddable":true,"href":"https:\/\/blogs.sld.cu\/herpezoster\/wp-json\/wp\/v2\/comments?post=2"}],"version-history":[{"count":5,"href":"https:\/\/blogs.sld.cu\/herpezoster\/wp-json\/wp\/v2\/pages\/2\/revisions"}],"predecessor-version":[{"id":111,"href":"https:\/\/blogs.sld.cu\/herpezoster\/wp-json\/wp\/v2\/pages\/2\/revisions\/111"}],"wp:attachment":[{"href":"https:\/\/blogs.sld.cu\/herpezoster\/wp-json\/wp\/v2\/media?parent=2"}],"curies":[{"name":"wp","href":"https:\/\/api.w.org\/{rel}","templated":true}]}}