{"id":27,"date":"2022-02-17T23:12:46","date_gmt":"2022-02-17T23:12:46","guid":{"rendered":"https:\/\/blogs.sld.cu\/herpezoster\/?page_id=27"},"modified":"2022-03-20T21:44:12","modified_gmt":"2022-03-20T21:44:12","slug":"prevencion-complicaciones","status":"publish","type":"page","link":"https:\/\/blogs.sld.cu\/herpezoster\/prevencion-complicaciones\/","title":{"rendered":"Prevenci\u00f3n"},"content":{"rendered":"<h2>Prevenci\u00f3n\/Complicaciones<\/h2>\n<p>Infecciones de la piel. Si las ampollas del z\u00f3ster no se tratan correctamente, es posible contraer infecciones bacterianas de la piel.<\/p>\n<p>&nbsp;<\/p>\n<p>&nbsp;<\/p>\n<h2>Prevenci\u00f3n<\/h2>\n<p>na vacuna contra el herpes z\u00f3ster puede ayudar a prevenir esta afecci\u00f3n.<\/p>\n<p>Despues de instaurada la enfermedad, evitar el rascado para que no se produzcan infecciones de la piel por bscterias y otros agentes.<\/p>\n<p>Mantener la piel limpia con ropas holgadas en la zona de las lesiones. Mantener las unas cortadas. Si la picazon es muy intensa y dolorosa utilizar banos con cocimiento de hoj as de guayaba.\u00a0 y aplicaciones de zinc con calamina.\u00a0 Dar ligeros golpecitos alrededor de la zona, para aliviar la sensacion de molestia.<\/p>\n<p>&nbsp;<\/p>\n","protected":false},"excerpt":{"rendered":"<p>Prevenci\u00f3n\/Complicaciones Infecciones de la piel. Si las ampollas del z\u00f3ster no se tratan correctamente, es posible contraer infecciones bacterianas de la piel. &nbsp; &nbsp; Prevenci\u00f3n na vacuna contra el herpes z\u00f3ster puede ayudar a prevenir esta afecci\u00f3n. Despues de instaurada la enfermedad, evitar el rascado para que no se produzcan infecciones de la piel por [&hellip;]<\/p>\n","protected":false},"author":208,"featured_media":0,"parent":0,"menu_order":0,"comment_status":"closed","ping_status":"closed","template":"","meta":[],"_links":{"self":[{"href":"https:\/\/blogs.sld.cu\/herpezoster\/wp-json\/wp\/v2\/pages\/27"}],"collection":[{"href":"https:\/\/blogs.sld.cu\/herpezoster\/wp-json\/wp\/v2\/pages"}],"about":[{"href":"https:\/\/blogs.sld.cu\/herpezoster\/wp-json\/wp\/v2\/types\/page"}],"author":[{"embeddable":true,"href":"https:\/\/blogs.sld.cu\/herpezoster\/wp-json\/wp\/v2\/users\/208"}],"replies":[{"embeddable":true,"href":"https:\/\/blogs.sld.cu\/herpezoster\/wp-json\/wp\/v2\/comments?post=27"}],"version-history":[{"count":6,"href":"https:\/\/blogs.sld.cu\/herpezoster\/wp-json\/wp\/v2\/pages\/27\/revisions"}],"predecessor-version":[{"id":29,"href":"https:\/\/blogs.sld.cu\/herpezoster\/wp-json\/wp\/v2\/pages\/27\/revisions\/29"}],"wp:attachment":[{"href":"https:\/\/blogs.sld.cu\/herpezoster\/wp-json\/wp\/v2\/media?parent=27"}],"curies":[{"name":"wp","href":"https:\/\/api.w.org\/{rel}","templated":true}]}}