{"id":13,"date":"2020-12-08T05:53:55","date_gmt":"2020-12-08T05:53:55","guid":{"rendered":"http:\/\/blogs.sld.cu\/hipertensionarterial\/?page_id=13"},"modified":"2020-12-30T22:20:23","modified_gmt":"2020-12-30T22:20:23","slug":"acerca-de","status":"publish","type":"page","link":"https:\/\/blogs.sld.cu\/hipertensionarterial\/acerca-de\/","title":{"rendered":"Acerca de"},"content":{"rendered":"<p>Este sitio tiene como principal objetivo la educaci\u00f3n del paciente hipertenso para el mejor control de la enfermedad, la educaci\u00f3n de la poblaci\u00f3n en el control de los riesgos y qu\u00e9 elementos contribuyen a la elevaci\u00f3n de la presi\u00f3n arterial y c\u00f3mo controlarlos. El asumir estilos de vida saludables que disminuyan los riesgos de padecerla, el papel de la dieta y el ejercicio, y tener en cuenta los factores gen\u00e9ticos predisponentes al desarrollo de la enfermedad.<\/p>\n<p>El conocimiento de las condiciones y riesgos que tiene una persona de padecer HTA es la primera v\u00eda para controlar su aparici\u00f3n y si ya la padece, tenerla bajo control, evitando los da\u00f1os cardiovasculares y cerebrovasculares.<\/p>\n","protected":false},"excerpt":{"rendered":"<p>Este sitio tiene como principal objetivo la educaci\u00f3n del paciente hipertenso para el mejor control de la enfermedad, la educaci\u00f3n de la poblaci\u00f3n en el control de los riesgos y qu\u00e9 elementos contribuyen a la elevaci\u00f3n de la presi\u00f3n arterial y c\u00f3mo controlarlos. El asumir estilos de vida saludables que disminuyan los riesgos de padecerla, [&hellip;]<\/p>\n","protected":false},"author":208,"featured_media":0,"parent":0,"menu_order":0,"comment_status":"closed","ping_status":"closed","template":"","meta":[],"_links":{"self":[{"href":"https:\/\/blogs.sld.cu\/hipertensionarterial\/wp-json\/wp\/v2\/pages\/13"}],"collection":[{"href":"https:\/\/blogs.sld.cu\/hipertensionarterial\/wp-json\/wp\/v2\/pages"}],"about":[{"href":"https:\/\/blogs.sld.cu\/hipertensionarterial\/wp-json\/wp\/v2\/types\/page"}],"author":[{"embeddable":true,"href":"https:\/\/blogs.sld.cu\/hipertensionarterial\/wp-json\/wp\/v2\/users\/208"}],"replies":[{"embeddable":true,"href":"https:\/\/blogs.sld.cu\/hipertensionarterial\/wp-json\/wp\/v2\/comments?post=13"}],"version-history":[{"count":9,"href":"https:\/\/blogs.sld.cu\/hipertensionarterial\/wp-json\/wp\/v2\/pages\/13\/revisions"}],"predecessor-version":[{"id":133,"href":"https:\/\/blogs.sld.cu\/hipertensionarterial\/wp-json\/wp\/v2\/pages\/13\/revisions\/133"}],"wp:attachment":[{"href":"https:\/\/blogs.sld.cu\/hipertensionarterial\/wp-json\/wp\/v2\/media?parent=13"}],"curies":[{"name":"wp","href":"https:\/\/api.w.org\/{rel}","templated":true}]}}